{"id":2296,"date":"2017-08-22T18:13:02","date_gmt":"2017-08-22T17:13:02","guid":{"rendered":"https:\/\/www.ernsting.com\/devisen-alarm\/"},"modified":"2021-01-07T00:01:19","modified_gmt":"2021-01-06T23:01:19","slug":"foreign-exchange-alarm","status":"publish","type":"page","link":"https:\/\/www.ernsting.com\/en\/portals\/foreign-exchange-alarm\/","title":{"rendered":"Forex-Alarm"},"content":{"rendered":"<p>Forex Alert is aimed at traders who want to use a reputable signal service for their trades. In addition to accurate trading signals on the largest currency pairs via SMS, RSS and e-mail, the Forex Alert also provides analyses of the most important currency pairs. Furthermore, with \"<a title=\"Forex signals daily\" href=\"https:\/\/broker-test.de\/trading-news\/forex-signale-taeglich-17113\/\" target=\"_blank\" rel=\"noopener\">Forex signals daily<\/a>\" a stock market daily update.<\/p>\n<p>In addition, visitors to the site can access a brief daily outlook that includes upcoming economic data<a title=\"Forex daily outlook and economic data\" href=\"http:\/\/www.devisen-alarm.de\/tagesausblick\/\" target=\"_blank\" rel=\"noopener\">\u00a0<\/a>compiles, as well as view extensive information and publications on the foreign exchange markets. Also the performance<a title=\"Trading signals performance\" href=\"http:\/\/www.devisen-alarm.de\/performance\/\" target=\"_blank\" rel=\"noopener\">\u00a0<\/a>of the foreign exchange alert is shown together with current example trades.<\/p>\n<p><em>Note: The Forex Alert is currently paused and will be reactivated at a later date.<\/em><\/p>","protected":false},"excerpt":{"rendered":"<p>Der Devisen-Alarm richtet sich an Trader, die f\u00fcr ihre Gesch\u00e4fte auf einen seri\u00f6sen Signaldienst zur\u00fcckgreifen wollen. Neben genauen Handelssignalen zu den gr\u00f6\u00dften Devisen-Paaren per SMS, RSS und E-Mail liefert der Devisen-Alarm auch Analysen der wichtigsten W\u00e4hrungspaare. Dar\u00fcber hinaus gibt es mit \u201eForex Signale t\u00e4glich\u201c ein b\u00f6rsent\u00e4gliches Update. Au\u00dferdem k\u00f6nnen Besucher der Seite t\u00e4glich auf einen [&hellip;]<\/p>\n","protected":false},"author":2,"featured_media":0,"parent":2312,"menu_order":2,"comment_status":"closed","ping_status":"closed","template":"","meta":{"footnotes":""},"class_list":["post-2296","page","type-page","status-publish","hentry","wpbf-post"],"_links":{"self":[{"href":"https:\/\/www.ernsting.com\/en\/wp-json\/wp\/v2\/pages\/2296","targetHints":{"allow":["GET"]}}],"collection":[{"href":"https:\/\/www.ernsting.com\/en\/wp-json\/wp\/v2\/pages"}],"about":[{"href":"https:\/\/www.ernsting.com\/en\/wp-json\/wp\/v2\/types\/page"}],"author":[{"embeddable":true,"href":"https:\/\/www.ernsting.com\/en\/wp-json\/wp\/v2\/users\/2"}],"replies":[{"embeddable":true,"href":"https:\/\/www.ernsting.com\/en\/wp-json\/wp\/v2\/comments?post=2296"}],"version-history":[{"count":3,"href":"https:\/\/www.ernsting.com\/en\/wp-json\/wp\/v2\/pages\/2296\/revisions"}],"predecessor-version":[{"id":2776,"href":"https:\/\/www.ernsting.com\/en\/wp-json\/wp\/v2\/pages\/2296\/revisions\/2776"}],"up":[{"embeddable":true,"href":"https:\/\/www.ernsting.com\/en\/wp-json\/wp\/v2\/pages\/2312"}],"wp:attachment":[{"href":"https:\/\/www.ernsting.com\/en\/wp-json\/wp\/v2\/media?parent=2296"}],"curies":[{"name":"wp","href":"https:\/\/api.w.org\/{rel}","templated":true}]}}