{"id":2306,"date":"2017-08-22T18:26:37","date_gmt":"2017-08-22T17:26:37","guid":{"rendered":"https:\/\/www.ernsting.com\/finance-monthly\/"},"modified":"2021-12-14T13:37:28","modified_gmt":"2021-12-14T12:37:28","slug":"finance-monthly","status":"publish","type":"page","link":"https:\/\/www.ernsting.com\/en\/newsletter\/finance-monthly\/","title":{"rendered":"Finance Monthly"},"content":{"rendered":"<p>Subscribers to this newsletter have a general interest in financial topics. Once a month, the newsletter provides an overview of medium- to long-term financial topics such as funds, retirement planning, inflation, gold, pensions and taxes, plus current topics relating to wealth accumulation and asset management per se.<\/p>\n<p>In addition, it highlights current financial specials and promotions such as free trades for end customers and current events on the topic of finance.<\/p>","protected":false},"excerpt":{"rendered":"<p>Die Abonnenten dieses Newsletters verf\u00fcgen \u00fcber ein allgemeines Interesse an Finanzthemen. Der Newsletter bietet einmal im Monat eine \u00dcbersicht \u00fcber mittel- bis langfristige Finanzthemen wie Fonds, Altersvorsorge, Inflation, Gold, Rente und Steuern plus aktuelle Themen, die Verm\u00f6gensaufbau und Verm\u00f6gensverwaltung an sich betreffen. Zudem wird auf aktuelle Finanzspecials und Aktionen wie Freetrades f\u00fcr Endkunden und auf [&hellip;]<\/p>\n","protected":false},"author":2,"featured_media":0,"parent":2300,"menu_order":1,"comment_status":"closed","ping_status":"closed","template":"","meta":{"footnotes":""},"class_list":["post-2306","page","type-page","status-publish","hentry","wpbf-post"],"_links":{"self":[{"href":"https:\/\/www.ernsting.com\/en\/wp-json\/wp\/v2\/pages\/2306","targetHints":{"allow":["GET"]}}],"collection":[{"href":"https:\/\/www.ernsting.com\/en\/wp-json\/wp\/v2\/pages"}],"about":[{"href":"https:\/\/www.ernsting.com\/en\/wp-json\/wp\/v2\/types\/page"}],"author":[{"embeddable":true,"href":"https:\/\/www.ernsting.com\/en\/wp-json\/wp\/v2\/users\/2"}],"replies":[{"embeddable":true,"href":"https:\/\/www.ernsting.com\/en\/wp-json\/wp\/v2\/comments?post=2306"}],"version-history":[{"count":4,"href":"https:\/\/www.ernsting.com\/en\/wp-json\/wp\/v2\/pages\/2306\/revisions"}],"predecessor-version":[{"id":3302,"href":"https:\/\/www.ernsting.com\/en\/wp-json\/wp\/v2\/pages\/2306\/revisions\/3302"}],"up":[{"embeddable":true,"href":"https:\/\/www.ernsting.com\/en\/wp-json\/wp\/v2\/pages\/2300"}],"wp:attachment":[{"href":"https:\/\/www.ernsting.com\/en\/wp-json\/wp\/v2\/media?parent=2306"}],"curies":[{"name":"wp","href":"https:\/\/api.w.org\/{rel}","templated":true}]}}