{"id":2317,"date":"2019-06-24T09:38:27","date_gmt":"2019-06-24T08:38:27","guid":{"rendered":"https:\/\/www.ernsting.com\/jobs\/"},"modified":"2025-03-20T12:35:06","modified_gmt":"2025-03-20T11:35:06","slug":"jobs","status":"publish","type":"page","link":"https:\/\/www.ernsting.com\/en\/jobs\/","title":{"rendered":"Jobs"},"content":{"rendered":"<h2>Open positions<\/h2>\n<h3><\/h3>\n<h3>1) WordPress programmer - freelancer, home office, part-time<\/h3>\n<p>We are currently looking for a WordPress programmer on a freelance basis for a long-term collaboration.<\/p>\n<h3>2) Data processor - freelancer, home office<\/h3>\n<p>We are looking for a data administrator for a long-term collaboration. The main tasks are independent data maintenance and data control.<\/p>\n<p>&nbsp;<\/p>\n<p><strong>And now?<\/strong><\/p>\n<p>Please write us you directly here in the <a href=\"\/en\/jobs\/programmer\/\">Programmer Job Form<\/a> or in the <a href=\"\/en\/jobs\/data-keeper\/\">Data processor job form<\/a>.<br \/>\nThere you will also find more information about our requirement profiles.<\/p>\n<p><strong>Notice:<\/strong><\/p>\n<p>Unfortunately, we cannot answer inquiries via email, especially from job portals and recruitment agencies, as the number of applications is now too high and rarely matches our job advertisements! Therefore, please really send everything via the form \ud83d\ude0a<\/p>\n<p>&nbsp;<\/p>","protected":false},"excerpt":{"rendered":"<p>Offen Stellen 1) WordPress Programmierer &#8211; Freelancer, Home Office, nebenberuflich Derzeit suchen wir einen WordPress Programmierer auf Freelancer Basis f\u00fcr eine langfristige Zusammenarbeit. 2) Datenpfleger &#8211; Freelancer, Home Office Wir suchen einen Datenpfleger f\u00fcr eine langfristige Zusammenarbeit. Hauptaufgaben sind eigenst\u00e4ndige Datenpflege und Datenkontrolle. &nbsp; Und jetzt? Bitte schreib uns Du direkt hier im Programmierer Jobformular [&hellip;]<\/p>\n","protected":false},"author":2,"featured_media":0,"parent":0,"menu_order":3,"comment_status":"closed","ping_status":"closed","template":"","meta":{"footnotes":""},"class_list":["post-2317","page","type-page","status-publish","hentry","wpbf-post"],"_links":{"self":[{"href":"https:\/\/www.ernsting.com\/en\/wp-json\/wp\/v2\/pages\/2317","targetHints":{"allow":["GET"]}}],"collection":[{"href":"https:\/\/www.ernsting.com\/en\/wp-json\/wp\/v2\/pages"}],"about":[{"href":"https:\/\/www.ernsting.com\/en\/wp-json\/wp\/v2\/types\/page"}],"author":[{"embeddable":true,"href":"https:\/\/www.ernsting.com\/en\/wp-json\/wp\/v2\/users\/2"}],"replies":[{"embeddable":true,"href":"https:\/\/www.ernsting.com\/en\/wp-json\/wp\/v2\/comments?post=2317"}],"version-history":[{"count":7,"href":"https:\/\/www.ernsting.com\/en\/wp-json\/wp\/v2\/pages\/2317\/revisions"}],"predecessor-version":[{"id":3996,"href":"https:\/\/www.ernsting.com\/en\/wp-json\/wp\/v2\/pages\/2317\/revisions\/3996"}],"wp:attachment":[{"href":"https:\/\/www.ernsting.com\/en\/wp-json\/wp\/v2\/media?parent=2317"}],"curies":[{"name":"wp","href":"https:\/\/api.w.org\/{rel}","templated":true}]}}