{"id":2296,"date":"2017-08-22T18:13:02","date_gmt":"2017-08-22T17:13:02","guid":{"rendered":"https:\/\/www.ernsting.com\/devisen-alarm\/"},"modified":"2021-01-07T00:01:19","modified_gmt":"2021-01-06T23:01:19","slug":"alarma-de-cambio-de-divisas","status":"publish","type":"page","link":"https:\/\/www.ernsting.com\/es\/portales\/alarma-de-cambio-de-divisas\/","title":{"rendered":"Alerta de cambio de divisas"},"content":{"rendered":"<p>La Alerta Forex est\u00e1 dirigida a los operadores que desean utilizar un servicio de se\u00f1ales de buena reputaci\u00f3n para sus operaciones. Adem\u00e1s de las se\u00f1ales de trading precisas sobre los pares de divisas m\u00e1s importantes a trav\u00e9s de SMS, RSS y correo electr\u00f3nico, la Alerta Forex tambi\u00e9n proporciona an\u00e1lisis de los pares de divisas m\u00e1s importantes. Adem\u00e1s, con \"<a title=\"Se\u00f1ales diarias de Forex\" href=\"https:\/\/broker-test.de\/trading-news\/forex-signale-taeglich-17113\/\" target=\"_blank\" rel=\"noopener\">Se\u00f1ales diarias de Forex<\/a>\" una actualizaci\u00f3n diaria de la bolsa.<\/p>\n<p>Adem\u00e1s, los visitantes del sitio pueden acceder a una breve perspectiva diaria, que incluye los pr\u00f3ximos datos econ\u00f3micos.<a title=\"Perspectivas diarias del mercado de divisas y datos econ\u00f3micos\" href=\"http:\/\/www.devisen-alarm.de\/tagesausblick\/\" target=\"_blank\" rel=\"noopener\">\u00a0<\/a>as\u00ed como una amplia informaci\u00f3n y publicaciones sobre los mercados de divisas. Tambi\u00e9n el rendimiento<a title=\"Rendimiento de las se\u00f1ales comerciales\" href=\"http:\/\/www.devisen-alarm.de\/performance\/\" target=\"_blank\" rel=\"noopener\">\u00a0<\/a>de la alerta de divisas se muestra junto con ejemplos de operaciones actuales.<\/p>\n<p><em>Nota: La alerta de divisas est\u00e1 actualmente en pausa y se reactivar\u00e1 m\u00e1s adelante.<\/em><\/p>","protected":false},"excerpt":{"rendered":"<p>Der Devisen-Alarm richtet sich an Trader, die f\u00fcr ihre Gesch\u00e4fte auf einen seri\u00f6sen Signaldienst zur\u00fcckgreifen wollen. Neben genauen Handelssignalen zu den gr\u00f6\u00dften Devisen-Paaren per SMS, RSS und E-Mail liefert der Devisen-Alarm auch Analysen der wichtigsten W\u00e4hrungspaare. Dar\u00fcber hinaus gibt es mit \u201eForex Signale t\u00e4glich\u201c ein b\u00f6rsent\u00e4gliches Update. Au\u00dferdem k\u00f6nnen Besucher der Seite t\u00e4glich auf einen [&hellip;]<\/p>\n","protected":false},"author":2,"featured_media":0,"parent":2312,"menu_order":2,"comment_status":"closed","ping_status":"closed","template":"","meta":{"_analytify_skip_tracking":false,"footnotes":""},"class_list":["post-2296","page","type-page","status-publish","hentry","wpbf-post"],"_links":{"self":[{"href":"https:\/\/www.ernsting.com\/es\/wp-json\/wp\/v2\/pages\/2296","targetHints":{"allow":["GET"]}}],"collection":[{"href":"https:\/\/www.ernsting.com\/es\/wp-json\/wp\/v2\/pages"}],"about":[{"href":"https:\/\/www.ernsting.com\/es\/wp-json\/wp\/v2\/types\/page"}],"author":[{"embeddable":true,"href":"https:\/\/www.ernsting.com\/es\/wp-json\/wp\/v2\/users\/2"}],"replies":[{"embeddable":true,"href":"https:\/\/www.ernsting.com\/es\/wp-json\/wp\/v2\/comments?post=2296"}],"version-history":[{"count":3,"href":"https:\/\/www.ernsting.com\/es\/wp-json\/wp\/v2\/pages\/2296\/revisions"}],"predecessor-version":[{"id":2776,"href":"https:\/\/www.ernsting.com\/es\/wp-json\/wp\/v2\/pages\/2296\/revisions\/2776"}],"up":[{"embeddable":true,"href":"https:\/\/www.ernsting.com\/es\/wp-json\/wp\/v2\/pages\/2312"}],"wp:attachment":[{"href":"https:\/\/www.ernsting.com\/es\/wp-json\/wp\/v2\/media?parent=2296"}],"curies":[{"name":"wp","href":"https:\/\/api.w.org\/{rel}","templated":true}]}}