{"id":2297,"date":"2017-08-22T18:13:39","date_gmt":"2017-08-22T17:13:39","guid":{"rendered":"https:\/\/www.ernsting.com\/rohstoff-alarm\/"},"modified":"2021-01-07T00:14:45","modified_gmt":"2021-01-06T23:14:45","slug":"alarma-de-materias-primas","status":"publish","type":"page","link":"https:\/\/www.ernsting.com\/es\/portales\/alarma-de-materias-primas\/","title":{"rendered":"Alerta sobre la materia prima"},"content":{"rendered":"<p>Commodity Alert es un servicio de recomendaci\u00f3n para el comercio de materias primas. Los suscriptores reciben las recomendaciones comerciales de nuestros operadores en tiempo real y pueden replicarlas. Tambi\u00e9n se entrega un an\u00e1lisis correspondiente.<\/p>\n<p>La alerta de materias primas cubre los mercados mundiales de materias primas, principalmente el oro y la plata, <a href=\"https:\/\/broker-test.de\/finanzwissen\/investmenttrends\/seltene-erden\/was-sind-seltene-erden\/\" target=\"_blank\" rel=\"noopener\" data-schema-attribute=\"about\">Tierras raras<\/a>uranio, paladio y otras materias primas interesantes.<\/p>\n<p>Adem\u00e1s, la alerta de materias primas incluye un portal gratuito de noticias y conocimientos, el an\u00e1lisis semanal gratuito sobre la evoluci\u00f3n del precio de una materia prima concreta y un bolet\u00edn semanal gratuito.<\/p>\n<p>Nota: La alerta de productos b\u00e1sicos est\u00e1 actualmente en pausa y se reactivar\u00e1 m\u00e1s adelante.<\/p>","protected":false},"excerpt":{"rendered":"<p>Der Rohstoff-Alarm ist ein Empfehlungsdienst f\u00fcr den Rohstoffhandel. Abonnenten bekommen die\u00a0Handelsempfehlungen unseres Traders in Echtzeit zugestellt und k\u00f6nnen diese nachbilden. Eine entsprechende Analyse wird ebenfalls geliefert. Der Rohstoff-Alarm behandelt die weltweiten Rohstoffm\u00e4rkte &#8211; haupts\u00e4chlich geht es um Gold, Silber, Seltene Erden, Uranium, Palladium und weitere interessante Commodities. Weiterhin umfasst der Rohstoff-Alarm ein kostenloses News- und [&hellip;]<\/p>\n","protected":false},"author":2,"featured_media":0,"parent":2312,"menu_order":4,"comment_status":"closed","ping_status":"closed","template":"","meta":{"footnotes":""},"class_list":["post-2297","page","type-page","status-publish","hentry","wpbf-post"],"_links":{"self":[{"href":"https:\/\/www.ernsting.com\/es\/wp-json\/wp\/v2\/pages\/2297","targetHints":{"allow":["GET"]}}],"collection":[{"href":"https:\/\/www.ernsting.com\/es\/wp-json\/wp\/v2\/pages"}],"about":[{"href":"https:\/\/www.ernsting.com\/es\/wp-json\/wp\/v2\/types\/page"}],"author":[{"embeddable":true,"href":"https:\/\/www.ernsting.com\/es\/wp-json\/wp\/v2\/users\/2"}],"replies":[{"embeddable":true,"href":"https:\/\/www.ernsting.com\/es\/wp-json\/wp\/v2\/comments?post=2297"}],"version-history":[{"count":4,"href":"https:\/\/www.ernsting.com\/es\/wp-json\/wp\/v2\/pages\/2297\/revisions"}],"predecessor-version":[{"id":2778,"href":"https:\/\/www.ernsting.com\/es\/wp-json\/wp\/v2\/pages\/2297\/revisions\/2778"}],"up":[{"embeddable":true,"href":"https:\/\/www.ernsting.com\/es\/wp-json\/wp\/v2\/pages\/2312"}],"wp:attachment":[{"href":"https:\/\/www.ernsting.com\/es\/wp-json\/wp\/v2\/media?parent=2297"}],"curies":[{"name":"wp","href":"https:\/\/api.w.org\/{rel}","templated":true}]}}