{"id":2298,"date":"2017-08-22T18:14:05","date_gmt":"2017-08-22T17:14:05","guid":{"rendered":"https:\/\/www.ernsting.com\/insider-alarm\/"},"modified":"2021-01-17T22:41:33","modified_gmt":"2021-01-17T21:41:33","slug":"alarma-de-informacion-privilegiada","status":"publish","type":"page","link":"https:\/\/www.ernsting.com\/es\/portales\/alarma-de-informacion-privilegiada\/","title":{"rendered":"Alerta de informaci\u00f3n privilegiada"},"content":{"rendered":"<h1>\n\t\tAlerta de informaci\u00f3n privilegiada\n\t<\/h1>\n\t\t\t\t<a href=\"https:\/\/www.insider-alarm.de\" target=\"_blank\" rel=\"noopener\" itemprop=\"url\">\n\t\t\t\t<img loading=\"lazy\" decoding=\"async\" src=\"https:\/\/www.ernsting.com\/wp-content\/uploads\/2021\/01\/Logo_Insider_Alarm_2020_web-02-300x108.png\" alt=\"Logotipo Insider Alarma 2020 Web 02\" itemprop=\"image\" height=\"108\" width=\"300\" title=\"Logotipo Insider Alarma 2020 Web 02\" onerror=\"this.style.display='none'\"  \/>\n\t\t\t\t<\/a>\n\t<p>La Alerta de Informaci\u00f3n Privilegiada es un servicio de informaci\u00f3n que registra y analiza las transacciones de los llamados insiders en el mercado (los llamados directors dealings). Los dirigentes de las empresas que cotizan en bolsa est\u00e1n obligados a informar de las transacciones con acciones de su empresa.<\/p>\n<p>Estos informes, en su mayor\u00eda en forma de informes ad hoc, se filtran y procesan. El lector es informado directamente por correo electr\u00f3nico. El servicio tambi\u00e9n incluye un an\u00e1lisis peri\u00f3dico de las opiniones sobre el comportamiento de los internos.<\/p>\n<p>El servicio se dirige a los inversores profesionales que desean beneficiarse de la informaci\u00f3n privilegiada.<\/p>\n<h2>\n\t\tCapturas de pantalla de Insider Alarm\n\t<\/h2>\n\t\t\t\t\t\t\t\t\t\t\t\t\t\t\t\t\t<a href=\"https:\/\/www.ernsting.com\/wp-content\/uploads\/2021\/01\/iade_insider-faq-1030x785.png\" target=\"_self\" data-caption=\"\" rel=\"noopener\">\n\t\t\t\t\t\t\t\t\t\t<\/a>\n\t\t\t\t\t\t\t\t\t\t\t\t\t\t\t\t\t<a href=\"https:\/\/www.ernsting.com\/wp-content\/uploads\/2021\/01\/iade_home-1030x785.png\" target=\"_self\" data-caption=\"\" rel=\"noopener\">\n\t\t\t\t\t\t\t\t\t\t<\/a>\n\t\t\t\t\t\t\t\t\t\t\t\t\t\t\t\t\t<a href=\"https:\/\/www.ernsting.com\/wp-content\/uploads\/2021\/01\/iade_sentiment-analysen-1030x785.png\" target=\"_self\" data-caption=\"\" rel=\"noopener\">\n\t\t\t\t\t\t\t\t\t\t<\/a>\n\t\t\t\t\t\t\t\t\t\t\t\t\t\t\t\t\t<a href=\"https:\/\/www.ernsting.com\/wp-content\/uploads\/2021\/01\/iade_bafin-hebt-schwellenwert-1030x785.png\" target=\"_self\" data-caption=\"\" rel=\"noopener\">\n\t\t\t\t\t\t\t\t\t\t<\/a>\n\t\t\t\t\t\t\t\t\t\t\t\t\t\t\t\t\t<a href=\"https:\/\/www.ernsting.com\/wp-content\/uploads\/2021\/01\/iade_directors-dealings-1030x785.png\" target=\"_self\" data-caption=\"\" rel=\"noopener\">\n\t\t\t\t\t\t\t\t\t\t<\/a>\n\t\t\t\t\t\t\t\t\t\t\t\t\t\t\t\t\t<a href=\"https:\/\/www.ernsting.com\/wp-content\/uploads\/2021\/01\/iade_trading-performance-1030x785.png\" target=\"_self\" data-caption=\"\" rel=\"noopener\">\n\t\t\t\t\t\t\t\t\t\t<\/a>\n\t\t\t\t\t\t\t\t<!-- pagination -->\n\t<p>Haga clic aqu\u00ed para ir directamente a Insider Alarm, el portal burs\u00e1til sobre <a href=\"https:\/\/www.insider-alarm.de\" target=\"_blank\" rel=\"noopener\">Informaci\u00f3n privilegiada<\/a>.<\/p>","protected":false},"excerpt":{"rendered":"<p>Insider Alarm Der Insider-Alarm ist ein Informationsdienst, der die Transaktionen sogenannter Insider am Markt erfasst und analysiert (sog. Directors Dealings). F\u00fchrungspers\u00f6nlichkeiten b\u00f6rsennotierter Unternehmen sind verpflichtet, Gesch\u00e4fte mit Aktien ihres Arbeitgebers zu melden. Diese Meldungen, meist in Form von Adhoc Meldungen, werden gefiltert und aufbereitet. Der Leser wird hier\u00fcber direkt per E-Mail informiert. Das Angebot erstreckt [&hellip;]<\/p>\n","protected":false},"author":2,"featured_media":0,"parent":2312,"menu_order":3,"comment_status":"closed","ping_status":"closed","template":"","meta":{"footnotes":""},"class_list":["post-2298","page","type-page","status-publish","hentry","wpbf-post"],"_links":{"self":[{"href":"https:\/\/www.ernsting.com\/es\/wp-json\/wp\/v2\/pages\/2298","targetHints":{"allow":["GET"]}}],"collection":[{"href":"https:\/\/www.ernsting.com\/es\/wp-json\/wp\/v2\/pages"}],"about":[{"href":"https:\/\/www.ernsting.com\/es\/wp-json\/wp\/v2\/types\/page"}],"author":[{"embeddable":true,"href":"https:\/\/www.ernsting.com\/es\/wp-json\/wp\/v2\/users\/2"}],"replies":[{"embeddable":true,"href":"https:\/\/www.ernsting.com\/es\/wp-json\/wp\/v2\/comments?post=2298"}],"version-history":[{"count":7,"href":"https:\/\/www.ernsting.com\/es\/wp-json\/wp\/v2\/pages\/2298\/revisions"}],"predecessor-version":[{"id":3023,"href":"https:\/\/www.ernsting.com\/es\/wp-json\/wp\/v2\/pages\/2298\/revisions\/3023"}],"up":[{"embeddable":true,"href":"https:\/\/www.ernsting.com\/es\/wp-json\/wp\/v2\/pages\/2312"}],"wp:attachment":[{"href":"https:\/\/www.ernsting.com\/es\/wp-json\/wp\/v2\/media?parent=2298"}],"curies":[{"name":"wp","href":"https:\/\/api.w.org\/{rel}","templated":true}]}}