{"id":2300,"date":"2017-08-22T18:17:05","date_gmt":"2017-08-22T17:17:05","guid":{"rendered":"https:\/\/www.ernsting.com\/newsletter\/"},"modified":"2021-01-06T17:03:55","modified_gmt":"2021-01-06T16:03:55","slug":"boletin-de-noticias","status":"publish","type":"page","link":"https:\/\/www.ernsting.com\/es\/boletin-de-noticias\/","title":{"rendered":"Bolet\u00edn de Finanzas"},"content":{"rendered":"<p>Ofrecemos varios boletines gratuitos sobre temas relacionados con las finanzas.<\/p>\n<p>A trav\u00e9s de los distintos boletines financieros, cubrimos, entre otras cosas, las \u00e1reas de DAX y acciones, corretaje, trading, previsi\u00f3n para la jubilaci\u00f3n, ETFs, ETCs, fondos, materias primas, tierras raras, divisas y criptodivisas, gu\u00edas sobre temas cotidianos, impuestos y finanzas en general. Los boletines se complementan con informaci\u00f3n de fondo del \u00e1mbito del an\u00e1lisis t\u00e9cnico, as\u00ed como con una visi\u00f3n general de la actualidad <a href=\"https:\/\/broker-test.de\/trading-webinare\/\" target=\"_blank\" rel=\"noopener\">Seminarios web sobre comercio<\/a>.<\/p>\n<p>Existen boletines adicionales para temas especializados, como las materias primas, las divisas y el tr\u00e1fico de informaci\u00f3n privilegiada. Aqu\u00ed se discuten las novedades de los mercados financieros y se presentan los productos.<\/p>\n<p>En total, la red de boletines tiene m\u00e1s de 200.000 suscriptores. Todos los lectores se han registrado a trav\u00e9s del doble opt-in.<\/p>\n<p>A continuaci\u00f3n, nos gustar\u00eda presentar brevemente nuestros boletines financieros.<\/p>\n<ul>\n<li><a title=\"Bolet\u00edn de informaci\u00f3n financiera del fin de semana\" href=\"\/es\/boletin-de-noticias\/informacion-financiera-del-fin-de-semana\/\" rel=\"noopener\">Informaci\u00f3n financiera en el fin de semana<\/a><\/li>\n<li><a title=\"Alerta de divisas - Bolet\u00edn de noticias\" href=\"\/es\/boletin-de-noticias\/broker-test-de-trading-newsletter\/\" rel=\"noopener\">Bolet\u00edn de noticias de Broker Test Trading<\/a><\/li>\n<li><a title=\"Bolet\u00edn de inversiones\" href=\"\/es\/boletin-de-noticias\/boletin-de-inversiones\/\" target=\"_self\" rel=\"noopener\">Bolet\u00edn de inversiones de capital<\/a><\/li>\n<li><a title=\"Finanzas-Bolet\u00edn mensual\" href=\"\/es\/boletin-de-noticias\/finanzas-mensuales\/\" target=\"_self\" rel=\"noopener\">Finanzas Mensuales<\/a><\/li>\n<li><a href=\"\/es\/portales\/alarma-de-informacion-privilegiada\/\">Notificaciones de alarmas de los internos<\/a><\/li>\n<\/ul>","protected":false},"excerpt":{"rendered":"<p>Wir bieten zu finanzspezifischen Themen verschiedene kostenlose Newsletter an. Durch die diversen Finanz-Newsletter decken wir u.a. die Bereiche DAX &amp; Aktien, Brokerage, Trading, Altersvororge, ETFs, ETCs, Fonds, Rohstoffe, Seltene Erden, Devisen &amp; Kryptow\u00e4hrungen, Ratgeber zu tagesaktuellen Themen, Steuern und Finanzen im Allgemeinen ab. Erg\u00e4nzt werden die Newsletter um Hintergrundinformationen aus dem Bereich der Technischen Analyse [&hellip;]<\/p>\n","protected":false},"author":2,"featured_media":0,"parent":0,"menu_order":6,"comment_status":"closed","ping_status":"closed","template":"","meta":{"footnotes":""},"class_list":["post-2300","page","type-page","status-publish","hentry","wpbf-post"],"_links":{"self":[{"href":"https:\/\/www.ernsting.com\/es\/wp-json\/wp\/v2\/pages\/2300","targetHints":{"allow":["GET"]}}],"collection":[{"href":"https:\/\/www.ernsting.com\/es\/wp-json\/wp\/v2\/pages"}],"about":[{"href":"https:\/\/www.ernsting.com\/es\/wp-json\/wp\/v2\/types\/page"}],"author":[{"embeddable":true,"href":"https:\/\/www.ernsting.com\/es\/wp-json\/wp\/v2\/users\/2"}],"replies":[{"embeddable":true,"href":"https:\/\/www.ernsting.com\/es\/wp-json\/wp\/v2\/comments?post=2300"}],"version-history":[{"count":2,"href":"https:\/\/www.ernsting.com\/es\/wp-json\/wp\/v2\/pages\/2300\/revisions"}],"predecessor-version":[{"id":2772,"href":"https:\/\/www.ernsting.com\/es\/wp-json\/wp\/v2\/pages\/2300\/revisions\/2772"}],"wp:attachment":[{"href":"https:\/\/www.ernsting.com\/es\/wp-json\/wp\/v2\/media?parent=2300"}],"curies":[{"name":"wp","href":"https:\/\/api.w.org\/{rel}","templated":true}]}}