{"id":2305,"date":"2017-08-22T18:26:08","date_gmt":"2017-08-22T17:26:08","guid":{"rendered":"https:\/\/www.ernsting.com\/broker-test-de-trading-newsletter\/"},"modified":"2021-01-15T11:47:36","modified_gmt":"2021-01-15T10:47:36","slug":"broker-test-de-trading-newsletter","status":"publish","type":"page","link":"https:\/\/www.ernsting.com\/es\/boletin-de-noticias\/broker-test-de-trading-newsletter\/","title":{"rendered":"Bolet\u00edn de Broker-Test.de-Trading"},"content":{"rendered":"<h1>\n\t\tBolet\u00edn de noticias de Broker Test Trading\n\t<\/h1>\n\t\t\t\t<a href=\"https:\/\/broker-test.de\/\" target=\"_blank\" rel=\"noopener\" itemprop=\"url\">\n\t\t\t\t<img loading=\"lazy\" decoding=\"async\" src=\"https:\/\/www.ernsting.com\/wp-content\/uploads\/2020\/12\/@brokertest.jpg\" alt=\"Logotipo FINAL Broker Test Large\" itemprop=\"image\" height=\"307\" width=\"800\" title=\"Logotipo FINAL Broker Test Large\" onerror=\"this.style.display='none'\"  \/>\n\t\t\t\t<\/a>\n\t<p>El bolet\u00edn de operaciones de Broker-Test.de se publica todos los lunes por la ma\u00f1ana al comienzo de la sesi\u00f3n burs\u00e1til con un an\u00e1lisis del entorno actual del mercado y ofrece recomendaciones b\u00e1sicas sobre c\u00f3mo los inversores pueden adaptarse mejor a la situaci\u00f3n del mercado. La atenci\u00f3n se centra en el Dax, en valores interesantes y en los mercados de divisas y materias primas.<\/p>\n<p>Analizamos la actualidad, ofrecemos una perspectiva para la pr\u00f3xima semana de negociaci\u00f3n y destacamos las tendencias generales y las oportunidades de negociaci\u00f3n.<\/p>\n<p>El bolet\u00edn se complementa con informaci\u00f3n de fondo del \u00e1mbito del an\u00e1lisis t\u00e9cnico, as\u00ed como con las \u00faltimas noticias.\u00a0<a href=\"https:\/\/broker-test.de\/trading-webinare\/\" target=\"_blank\" rel=\"noopener\">Seminarios web sobre comercio<\/a>.<\/p>\n<h2>\n\t\tBolet\u00edn de noticias de Broker Test Trading\n\t<\/h2>\n\t\t\t\t\t\t\t\t\t\t\t\t\t\t\t\t\t<a href=\"https:\/\/www.ernsting.com\/wp-content\/uploads\/2021\/01\/btnl_opionen-cfds.png\" target=\"_self\" data-caption=\"\" rel=\"noopener\">\n\t\t\t\t\t\t\t\t\t\t<\/a>\n\t\t\t\t\t\t\t\t\t\t\t\t\t\t\t\t\t<a href=\"https:\/\/www.ernsting.com\/wp-content\/uploads\/2021\/01\/btnl_einleitung.png\" target=\"_self\" data-caption=\"\" rel=\"noopener\">\n\t\t\t\t\t\t\t\t\t\t<\/a>\n\t\t\t\t\t\t\t\t\t\t\t\t\t\t\t\t\t<a href=\"https:\/\/www.ernsting.com\/wp-content\/uploads\/2021\/01\/btnl_edelmetalle.png\" target=\"_self\" data-caption=\"\" rel=\"noopener\">\n\t\t\t\t\t\t\t\t\t\t<\/a>\n\t\t\t\t\t\t\t\t\t\t\t\t\t\t\t\t\t<a href=\"https:\/\/www.ernsting.com\/wp-content\/uploads\/2021\/01\/btnl_forex.png\" target=\"_self\" data-caption=\"\" rel=\"noopener\">\n\t\t\t\t\t\t\t\t\t\t<\/a>\n\t\t\t\t\t\t\t\t\t\t\t\t\t\t\t\t\t<a href=\"https:\/\/www.ernsting.com\/wp-content\/uploads\/2021\/01\/btnl_kryptos.png\" target=\"_self\" data-caption=\"\" rel=\"noopener\">\n\t\t\t\t\t\t\t\t\t\t<\/a>\n\t\t\t\t\t\t\t\t\t\t\t\t\t\t\t\t\t<a href=\"https:\/\/www.ernsting.com\/wp-content\/uploads\/2021\/01\/btnl_webinare.png\" target=\"_self\" data-caption=\"\" rel=\"noopener\">\n\t\t\t\t\t\t\t\t\t\t<\/a>\n\t\t\t\t\t\t\t\t\t\t\t\t\t\t\t\t\t<a href=\"https:\/\/www.ernsting.com\/wp-content\/uploads\/2021\/01\/btnl_forex-broker.png\" target=\"_self\" data-caption=\"\" rel=\"noopener\">\n\t\t\t\t\t\t\t\t\t\t<\/a>\n\t\t\t\t\t\t\t\t\t\t\t\t\t\t\t\t\t<a href=\"https:\/\/www.ernsting.com\/wp-content\/uploads\/2021\/01\/btnl_futures-broker.png\" target=\"_self\" data-caption=\"\" rel=\"noopener\">\n\t\t\t\t\t\t\t\t\t\t<\/a>\n\t\t\t\t\t\t\t\t<!-- pagination -->\n\t<p>\u00bfPor qu\u00e9 no se inscribe directamente en el\u00a0<a href=\"https:\/\/www.broker-test.de\/newsletter\/\" target=\"_blank\" rel=\"noopener\">Broker-Test.de Trading-Newsletter<\/a>\u00a0\u00a1en!<\/p>","protected":false},"excerpt":{"rendered":"<p>Broker-Test Trading Newsletter Der Broker-Test.de-Trading-Newsletter erscheint jeden Montag Morgen zum B\u00f6rsenstart mit einer Analyse des aktuellen Marktumfeldes und bietet grunds\u00e4tzlichen Empfehlungen, wie sich Anleger am Besten auf die vorherrschende Marktlage einstellen k\u00f6nnen. Betrachtet wird dabei vor allem der Dax, interessante Wertpapiere sowie der Devisen- und Rohstoffmarkt. Wir befassen uns mit aktuellen Ereignissen, geben einen Ausblick [&hellip;]<\/p>\n","protected":false},"author":2,"featured_media":0,"parent":2300,"menu_order":0,"comment_status":"closed","ping_status":"closed","template":"","meta":{"footnotes":""},"class_list":["post-2305","page","type-page","status-publish","hentry","wpbf-post"],"_links":{"self":[{"href":"https:\/\/www.ernsting.com\/es\/wp-json\/wp\/v2\/pages\/2305","targetHints":{"allow":["GET"]}}],"collection":[{"href":"https:\/\/www.ernsting.com\/es\/wp-json\/wp\/v2\/pages"}],"about":[{"href":"https:\/\/www.ernsting.com\/es\/wp-json\/wp\/v2\/types\/page"}],"author":[{"embeddable":true,"href":"https:\/\/www.ernsting.com\/es\/wp-json\/wp\/v2\/users\/2"}],"replies":[{"embeddable":true,"href":"https:\/\/www.ernsting.com\/es\/wp-json\/wp\/v2\/comments?post=2305"}],"version-history":[{"count":5,"href":"https:\/\/www.ernsting.com\/es\/wp-json\/wp\/v2\/pages\/2305\/revisions"}],"predecessor-version":[{"id":2936,"href":"https:\/\/www.ernsting.com\/es\/wp-json\/wp\/v2\/pages\/2305\/revisions\/2936"}],"up":[{"embeddable":true,"href":"https:\/\/www.ernsting.com\/es\/wp-json\/wp\/v2\/pages\/2300"}],"wp:attachment":[{"href":"https:\/\/www.ernsting.com\/es\/wp-json\/wp\/v2\/media?parent=2305"}],"curies":[{"name":"wp","href":"https:\/\/api.w.org\/{rel}","templated":true}]}}