{"id":2306,"date":"2017-08-22T18:26:37","date_gmt":"2017-08-22T17:26:37","guid":{"rendered":"https:\/\/www.ernsting.com\/finance-monthly\/"},"modified":"2021-12-14T13:37:28","modified_gmt":"2021-12-14T12:37:28","slug":"finanzas-mensuales","status":"publish","type":"page","link":"https:\/\/www.ernsting.com\/es\/boletin-de-noticias\/finanzas-mensuales\/","title":{"rendered":"Finanzas Mensuales"},"content":{"rendered":"<p>Los suscriptores de este bolet\u00edn tienen un inter\u00e9s general por los temas financieros. Una vez al mes, el bolet\u00edn ofrece una visi\u00f3n general de temas financieros a medio y largo plazo, como los fondos, la planificaci\u00f3n de la jubilaci\u00f3n, la inflaci\u00f3n, el oro, las pensiones y los impuestos, adem\u00e1s de temas de actualidad relacionados con la acumulaci\u00f3n de riqueza y la gesti\u00f3n de activos en s\u00ed.<\/p>\n<p>Adem\u00e1s, se se\u00f1alan las ofertas y promociones financieras actuales, como las operaciones gratuitas para los clientes finales y los acontecimientos actuales sobre el tema de las finanzas.<\/p>","protected":false},"excerpt":{"rendered":"<p>Die Abonnenten dieses Newsletters verf\u00fcgen \u00fcber ein allgemeines Interesse an Finanzthemen. Der Newsletter bietet einmal im Monat eine \u00dcbersicht \u00fcber mittel- bis langfristige Finanzthemen wie Fonds, Altersvorsorge, Inflation, Gold, Rente und Steuern plus aktuelle Themen, die Verm\u00f6gensaufbau und Verm\u00f6gensverwaltung an sich betreffen. Zudem wird auf aktuelle Finanzspecials und Aktionen wie Freetrades f\u00fcr Endkunden und auf [&hellip;]<\/p>\n","protected":false},"author":2,"featured_media":0,"parent":2300,"menu_order":1,"comment_status":"closed","ping_status":"closed","template":"","meta":{"footnotes":""},"class_list":["post-2306","page","type-page","status-publish","hentry","wpbf-post"],"_links":{"self":[{"href":"https:\/\/www.ernsting.com\/es\/wp-json\/wp\/v2\/pages\/2306","targetHints":{"allow":["GET"]}}],"collection":[{"href":"https:\/\/www.ernsting.com\/es\/wp-json\/wp\/v2\/pages"}],"about":[{"href":"https:\/\/www.ernsting.com\/es\/wp-json\/wp\/v2\/types\/page"}],"author":[{"embeddable":true,"href":"https:\/\/www.ernsting.com\/es\/wp-json\/wp\/v2\/users\/2"}],"replies":[{"embeddable":true,"href":"https:\/\/www.ernsting.com\/es\/wp-json\/wp\/v2\/comments?post=2306"}],"version-history":[{"count":4,"href":"https:\/\/www.ernsting.com\/es\/wp-json\/wp\/v2\/pages\/2306\/revisions"}],"predecessor-version":[{"id":3302,"href":"https:\/\/www.ernsting.com\/es\/wp-json\/wp\/v2\/pages\/2306\/revisions\/3302"}],"up":[{"embeddable":true,"href":"https:\/\/www.ernsting.com\/es\/wp-json\/wp\/v2\/pages\/2300"}],"wp:attachment":[{"href":"https:\/\/www.ernsting.com\/es\/wp-json\/wp\/v2\/media?parent=2306"}],"curies":[{"name":"wp","href":"https:\/\/api.w.org\/{rel}","templated":true}]}}