{"id":2308,"date":"2017-08-22T18:27:50","date_gmt":"2017-08-22T17:27:50","guid":{"rendered":"https:\/\/www.ernsting.com\/kapitalanlagen-newsletter\/"},"modified":"2021-12-14T13:35:46","modified_gmt":"2021-12-14T12:35:46","slug":"boletin-de-inversiones","status":"publish","type":"page","link":"https:\/\/www.ernsting.com\/es\/boletin-de-noticias\/boletin-de-inversiones\/","title":{"rendered":"Bolet\u00edn de inversiones de capital"},"content":{"rendered":"<p>El mundo de las inversiones de capital es muy variado. As\u00ed, los inversores privados tienen muchas alternativas interesantes adem\u00e1s de la cl\u00e1sica inversi\u00f3n en acciones.<\/p>\n<p>Esto incluye tambi\u00e9n los fondos y los ETF. Con ellos, los inversores tienen la oportunidad de repartir su riesgo y, al mismo tiempo, beneficiarse de mercados en los que es dif\u00edcil invertir en acciones de forma individual. As\u00ed, los focos de inversi\u00f3n tem\u00e1ticos, como las materias primas, la alta tecnolog\u00eda o los productos farmac\u00e9uticos, pueden ser atendidos tan bien como los regionales, por ejemplo, China, India, \u00c1frica, ...<\/p>\n<p>Adem\u00e1s, los ETF ofrecen una alternativa rentable a los fondos gestionados. Y en algunas constelaciones permiten incluso invertir con un peque\u00f1o apalancamiento o beneficiarse de la ca\u00edda de las cotizaciones.<\/p>\n<p>Para los inversores a los que les gusta apalancar sus ganancias, hay una variedad de certificados disponibles. Adem\u00e1s, los movimientos laterales del mercado tambi\u00e9n pueden utilizarse para el propio \u00e9xito.<\/p>\n<p>En el Bolet\u00edn de Inversiones de Capital ofrecemos a nuestros lectores una visi\u00f3n m\u00e1s profunda de las distintas alternativas. Adem\u00e1s, se presentan productos y eventos.<\/p>","protected":false},"excerpt":{"rendered":"<p>Die Welt der Kapitalanlagen ist sehr vielseitig. So werden privaten Anlegern neben der klassischen Aktienanlage viele interessante Alternativen geboten. Hierzu geh\u00f6ren auch Fonds und ETFs. Mit diesen haben Anleger die M\u00f6glichkeit, ihr Risiko zu streuen und gleichzeitig von M\u00e4rkten zu profitieren, in denen eine Einzelinvestment in Aktien nur schwer m\u00f6glich ist. So k\u00f6nnen thematische Anlageschwerpunkte [&hellip;]<\/p>\n","protected":false},"author":2,"featured_media":0,"parent":2300,"menu_order":3,"comment_status":"closed","ping_status":"closed","template":"","meta":{"footnotes":""},"class_list":["post-2308","page","type-page","status-publish","hentry","wpbf-post"],"_links":{"self":[{"href":"https:\/\/www.ernsting.com\/es\/wp-json\/wp\/v2\/pages\/2308","targetHints":{"allow":["GET"]}}],"collection":[{"href":"https:\/\/www.ernsting.com\/es\/wp-json\/wp\/v2\/pages"}],"about":[{"href":"https:\/\/www.ernsting.com\/es\/wp-json\/wp\/v2\/types\/page"}],"author":[{"embeddable":true,"href":"https:\/\/www.ernsting.com\/es\/wp-json\/wp\/v2\/users\/2"}],"replies":[{"embeddable":true,"href":"https:\/\/www.ernsting.com\/es\/wp-json\/wp\/v2\/comments?post=2308"}],"version-history":[{"count":4,"href":"https:\/\/www.ernsting.com\/es\/wp-json\/wp\/v2\/pages\/2308\/revisions"}],"predecessor-version":[{"id":3300,"href":"https:\/\/www.ernsting.com\/es\/wp-json\/wp\/v2\/pages\/2308\/revisions\/3300"}],"up":[{"embeddable":true,"href":"https:\/\/www.ernsting.com\/es\/wp-json\/wp\/v2\/pages\/2300"}],"wp:attachment":[{"href":"https:\/\/www.ernsting.com\/es\/wp-json\/wp\/v2\/media?parent=2308"}],"curies":[{"name":"wp","href":"https:\/\/api.w.org\/{rel}","templated":true}]}}