{"id":2312,"date":"2017-08-23T09:59:30","date_gmt":"2017-08-23T08:59:30","guid":{"rendered":"https:\/\/www.ernsting.com\/portale\/"},"modified":"2021-01-16T11:40:01","modified_gmt":"2021-01-16T10:40:01","slug":"portales","status":"publish","type":"page","link":"https:\/\/www.ernsting.com\/es\/portales\/","title":{"rendered":"Portales"},"content":{"rendered":"<h1>\n\t\tPortales financieros\n\t<\/h1>\n\t<p>Nuestra red financiera se compone de numerosos portales de inter\u00e9s especial en los que podr\u00e1 encontrar informaci\u00f3n y condiciones actuales, retratos detallados, amplias comparaciones y herramientas pr\u00e1cticas. Nos centramos en el corretaje, los ETF, los fondos, la inversi\u00f3n de capital, la gesti\u00f3n de activos digitales y las gu\u00edas sobre temas financieros de actualidad. Este enfoque permite posicionar idealmente los temas en funci\u00f3n del grupo objetivo.<\/p>\n<p>A continuaci\u00f3n presentamos algunos de nuestros portales de finanzas.<\/p>\n\t\t\t\t<a href=\"\/es\/portales\/broker-test-de\/\" target=\"_self\" itemprop=\"url\" rel=\"noopener\">\n\t\t\t\t<img loading=\"lazy\" decoding=\"async\" src=\"https:\/\/www.ernsting.com\/wp-content\/uploads\/2020\/12\/@brokertest-300x115.jpg\" alt=\"Logotipo FINAL Broker Test Large\" itemprop=\"image\" height=\"115\" width=\"300\" title=\"Logotipo FINAL Broker Test Large\" onerror=\"this.style.display='none'\"  \/>\n\t\t\t\t<\/a>\n\t<h2>Broker-Test.de<\/h2>\n<p>Lanzado en abril de 2000 con el nombre de Diskountbroker.de y relanzado al a\u00f1o siguiente con el nombre de Broker-Test.de, el portal financiero es desde hace m\u00e1s de 20 a\u00f1os el principal sitio web alem\u00e1n de comparaci\u00f3n de brokers. Mientras tanto, sin embargo, temas como los ETF, el RoboAdvisor, los conocimientos financieros, la inversi\u00f3n de capital, el oro, el bitcoin, el comercio de divisas, los seminarios web de comercio y la previsi\u00f3n para la vejez han cobrado cada vez m\u00e1s protagonismo.<\/p>\n\t\t\t\t<a href=\"\/es\/portales\/alarma-de-informacion-privilegiada\/\" target=\"_self\" itemprop=\"url\" rel=\"noopener\">\n\t\t\t\t<img loading=\"lazy\" decoding=\"async\" src=\"https:\/\/www.ernsting.com\/wp-content\/uploads\/2021\/01\/Logo_Insider_Alarm_2020_web-02-300x108.png\" alt=\"Logotipo Insider Alarma 2020 Web 02\" itemprop=\"image\" height=\"108\" width=\"300\" title=\"Logotipo Insider Alarma 2020 Web 02\" onerror=\"this.style.display='none'\"  \/>\n\t\t\t\t<\/a>\n\t<h2>Insider-Alarm.de<\/h2>\n<p>Insider Alarm es el principal portal financiero en lengua alemana sobre las operaciones de los directivos y el uso de informaci\u00f3n privilegiada. El objetivo principal son las acciones del DAX, el MDAX y otros \u00edndices de la familia del Dax. Las \u00faltimas compras y ventas con informaci\u00f3n privilegiada se muestran diariamente.<\/p>\n\t\t\t\t<a href=\"\/es\/portales\/seleccion-de-corredores\/\" target=\"_self\" itemprop=\"url\" rel=\"noopener\">\n\t\t\t\t<img loading=\"lazy\" decoding=\"async\" src=\"https:\/\/www.ernsting.com\/wp-content\/uploads\/2021\/01\/@brokerwahl-e1609973748887-300x115.jpg\" alt=\"@elecci\u00f3n de corredor\" itemprop=\"image\" height=\"115\" width=\"300\" title=\"@elecci\u00f3n de corredor\" onerror=\"this.style.display='none'\"  \/>\n\t\t\t\t<\/a>\n\t<h2>Brokerwahl.de<\/h2>\n<p>Desde hace m\u00e1s de 20 a\u00f1os, los operadores votan sobre el rendimiento de los brokers y seleccionan cada a\u00f1o al Broker del A\u00f1o en varias categor\u00edas. La categor\u00eda principal es la de \"Corredor en l\u00ednea del a\u00f1o\". La pr\u00f3xima votaci\u00f3n para Broker del A\u00f1o 2021 comenzar\u00e1 el 1 de marzo de 2021 y finalizar\u00e1 el 30 de marzo de 2021.<\/p>\n\t<p>Al dirigir nuestros portales espec\u00edficamente a las personas con afinidad por las finanzas que se ocupan intensamente del tema desde hace mucho tiempo, usted se dirige directamente a su grupo objetivo.<\/p>\n<p>Si est\u00e1 interesado en campa\u00f1as de imagen o respuesta en nuestros portales financieros, no dude en ponerse en contacto con nuestro\u00a0<a title=\"Datos de los medios de comunicaci\u00f3n\" href=\"\/es\/contacte-con\/medios-de-comunicacion\/\" target=\"_self\" rel=\"noopener\">Solicitar datos de los medios de comunicaci\u00f3n<\/a>.<\/p>","protected":false},"excerpt":{"rendered":"<p>Finanzportale Unser Finanznetzwerk besteht aus vielen Special Interest Portalen, auf denen Sie aktuelle Informationen und Konditionen, ausf\u00fchrliche Portraits, umfangreiche Vergleiche und praktische Tools vorfinden. Unsere Schwerpunkte liegen dabei auf den Themen Brokerage, ETFs, Fonds, Kapitalanlage, Digitale Verm\u00f6gensanlage und Ratgeber zu aktuellen Finanzthemen. Durch diese Fokussierung ist eine zielgruppengerechte Positionierung der Themen ideal m\u00f6glich. Im Folgenden [&hellip;]<\/p>\n","protected":false},"author":2,"featured_media":0,"parent":0,"menu_order":2,"comment_status":"closed","ping_status":"closed","template":"","meta":{"footnotes":""},"class_list":["post-2312","page","type-page","status-publish","hentry","wpbf-post"],"_links":{"self":[{"href":"https:\/\/www.ernsting.com\/es\/wp-json\/wp\/v2\/pages\/2312","targetHints":{"allow":["GET"]}}],"collection":[{"href":"https:\/\/www.ernsting.com\/es\/wp-json\/wp\/v2\/pages"}],"about":[{"href":"https:\/\/www.ernsting.com\/es\/wp-json\/wp\/v2\/types\/page"}],"author":[{"embeddable":true,"href":"https:\/\/www.ernsting.com\/es\/wp-json\/wp\/v2\/users\/2"}],"replies":[{"embeddable":true,"href":"https:\/\/www.ernsting.com\/es\/wp-json\/wp\/v2\/comments?post=2312"}],"version-history":[{"count":6,"href":"https:\/\/www.ernsting.com\/es\/wp-json\/wp\/v2\/pages\/2312\/revisions"}],"predecessor-version":[{"id":2995,"href":"https:\/\/www.ernsting.com\/es\/wp-json\/wp\/v2\/pages\/2312\/revisions\/2995"}],"wp:attachment":[{"href":"https:\/\/www.ernsting.com\/es\/wp-json\/wp\/v2\/media?parent=2312"}],"curies":[{"name":"wp","href":"https:\/\/api.w.org\/{rel}","templated":true}]}}