{"id":3035,"date":"2021-01-19T09:21:14","date_gmt":"2021-01-19T08:21:14","guid":{"rendered":"https:\/\/www.ernsting.com\/newsletter\/newsletter-anmeldung\/"},"modified":"2021-05-14T10:42:55","modified_gmt":"2021-05-14T09:42:55","slug":"inscripcion-al-boletin","status":"publish","type":"page","link":"https:\/\/www.ernsting.com\/es\/boletin-de-noticias\/inscripcion-al-boletin\/","title":{"rendered":"Suscripci\u00f3n al bolet\u00edn de noticias: Informaci\u00f3n financiera en el fin de semana"},"content":{"rendered":"<h1>\n\t\tSuscripci\u00f3n al bolet\u00edn de noticias\n\t<\/h1>\n<h2>\n\t\tInformaci\u00f3n financiera en el fin de semana - Bolet\u00edn de noticias\n\t<\/h2>\n\t<div class='_form_1'><\/div><script type='text\/javascript' src='https:\/\/ernsting55266.activehosted.com\/f\/embed.php?static=0&id=1&69F1FACDEA806&nostyles=0&preview=0'><\/script>\n\t<h5>Al hacer clic en \"Enviar\", doy mi consentimiento para el tratamiento de mis datos personales de conformidad con la <a href=\"\/kontakt\/impressum-agb-datenschutz\/\">Pol\u00edtica de privacidad<\/a> estar de acuerdo.<\/h5>\n<p>Puede darse de baja de nuestros boletines gratuitos en cualquier momento sin ning\u00fan problema. Pru\u00e9belo: informamos semanalmente sobre acciones interesantes, dividendos, ETFs, bonos, comparaciones de brokers, inversi\u00f3n de capital, previsi\u00f3n para la vejez, impuestos, pensiones, robo advisors, financiaci\u00f3n de la construcci\u00f3n, inversi\u00f3n en valor, optimizaci\u00f3n del rendimiento y muchos otros temas interesantes.<\/p>","protected":false},"excerpt":{"rendered":"<p>Newsletter Anmeldung Finanzinfos am Wochenende &#8211; Newsletter Durch Klicken auf &#8222;Abschicken&#8220; erkl\u00e4re ich mich mit der Verarbeitung meiner pers\u00f6nlichen Daten gem\u00e4\u00df der Datenschutzerkl\u00e4rung einverstanden. Sie k\u00f6nnen sich jederzeit aus unseren kostenlosen Newslettern ohne Probleme wieder abmelden! Einfach mal testen &#8211; wir berichten w\u00f6chentlich \u00fcber interessante Aktienwerte, Dividenden, ETFs, Anleihen, Broker Vergleiche, Kapitalanlage, Altersvorsorge, Steuern, Rente, [&hellip;]<\/p>\n","protected":false},"author":1,"featured_media":0,"parent":2300,"menu_order":4,"comment_status":"closed","ping_status":"closed","template":"","meta":{"footnotes":""},"class_list":["post-3035","page","type-page","status-publish","hentry","wpbf-post"],"_links":{"self":[{"href":"https:\/\/www.ernsting.com\/es\/wp-json\/wp\/v2\/pages\/3035","targetHints":{"allow":["GET"]}}],"collection":[{"href":"https:\/\/www.ernsting.com\/es\/wp-json\/wp\/v2\/pages"}],"about":[{"href":"https:\/\/www.ernsting.com\/es\/wp-json\/wp\/v2\/types\/page"}],"author":[{"embeddable":true,"href":"https:\/\/www.ernsting.com\/es\/wp-json\/wp\/v2\/users\/1"}],"replies":[{"embeddable":true,"href":"https:\/\/www.ernsting.com\/es\/wp-json\/wp\/v2\/comments?post=3035"}],"version-history":[{"count":6,"href":"https:\/\/www.ernsting.com\/es\/wp-json\/wp\/v2\/pages\/3035\/revisions"}],"predecessor-version":[{"id":3221,"href":"https:\/\/www.ernsting.com\/es\/wp-json\/wp\/v2\/pages\/3035\/revisions\/3221"}],"up":[{"embeddable":true,"href":"https:\/\/www.ernsting.com\/es\/wp-json\/wp\/v2\/pages\/2300"}],"wp:attachment":[{"href":"https:\/\/www.ernsting.com\/es\/wp-json\/wp\/v2\/media?parent=3035"}],"curies":[{"name":"wp","href":"https:\/\/api.w.org\/{rel}","templated":true}]}}