{"id":2291,"date":"2017-08-22T17:29:03","date_gmt":"2017-08-22T16:29:03","guid":{"rendered":"https:\/\/www.ernsting.com\/kontakt\/"},"modified":"2021-01-25T12:09:19","modified_gmt":"2021-01-25T11:09:19","slug":"contact","status":"publish","type":"page","link":"https:\/\/www.ernsting.com\/fr\/contact\/","title":{"rendered":"Contact"},"content":{"rendered":"\n<h1>\n\t\tKontaktformular\n\t<\/h1>\n\t<p>Wenn Sie uns wegen einer Media Kooperation kontaktieren wollen, dann benutzen Sie bitte das <a href=\"https:\/\/www.ernsting.com\/kontakt\/media\/#mediaformular\">Media Formular<\/a>.<\/p>\n\t<div class=\"frm_forms  with_frm_style frm_style_new-style\" id=\"frm_form_4_container\" >\n<form enctype=\"multipart\/form-data\" method=\"post\" class=\"frm-show-form  frm_pro_form \" id=\"form_kontaktformular-deutsch\" >\n<div class=\"frm_form_fields \">\n<fieldset>\n<legend class=\"frm_screen_reader\">Kontaktformular deutsch<\/legend>\r\n\r\n<div class=\"frm_fields_container\">\n<input type=\"hidden\" name=\"frm_action\" value=\"create\" \/>\n<input type=\"hidden\" name=\"form_id\" value=\"4\" \/>\n<input type=\"hidden\" name=\"frm_hide_fields_4\" id=\"frm_hide_fields_4\" value=\"\" \/>\n<input type=\"hidden\" name=\"form_key\" value=\"kontaktformular-deutsch\" \/>\n<input type=\"hidden\" name=\"item_meta[0]\" value=\"\" \/>\n<input type=\"hidden\" id=\"frm_submit_entry_4\" name=\"frm_submit_entry_4\" value=\"b58d5c6bde\" \/><input type=\"hidden\" name=\"_wp_http_referer\" value=\"\/fr\/wp-json\/wp\/v2\/pages\/2291\" \/><div id=\"frm_field_102_container\" class=\"frm_form_field form-field  frm_required_field frm_top_container frm_half\">\r\n    <label for=\"field_qh4icy2af8f02a9de\" id=\"field_qh4icy2af8f02a9de_label\" class=\"frm_primary_label\">Vorname\r\n        <span class=\"frm_required\">*<\/span>\r\n    <\/label>\r\n    <input  type=\"text\" id=\"field_qh4icy2af8f02a9de\" name=\"item_meta[102]\" value=\"\"  data-reqmsg=\"Vorname cannot be blank.\" aria-required=\"true\" data-invmsg=\"Name is invalid\" aria-invalid=\"false\"   aria-describedby=\"frm_desc_field_qh4icy2af8f02a9de\" \/>\r\n    <div class=\"frm_description\" id=\"frm_desc_field_qh4icy2af8f02a9de\">First Name<\/div>\r\n    \r\n<\/div>\n<div id=\"frm_field_172_container\" class=\"frm_form_field form-field  frm_required_field frm_top_container frm_half\">\r\n    <label for=\"field_4tuhz\" id=\"field_4tuhz_label\" class=\"frm_primary_label\">Nachname\r\n        <span class=\"frm_required\">*<\/span>\r\n    <\/label>\r\n    <input  type=\"text\" id=\"field_4tuhz\" name=\"item_meta[172]\" value=\"\"  data-reqmsg=\"Dieses Feld darf nicht leer sein.\" aria-required=\"true\" data-invmsg=\"Text is invalid\" aria-invalid=\"false\"   aria-describedby=\"frm_desc_field_4tuhz\" \/>\r\n    <div class=\"frm_description\" id=\"frm_desc_field_4tuhz\">Last name<\/div>\r\n    \r\n<\/div>\n<div id=\"frm_field_110_container\" class=\"frm_form_field form-field  frm_top_container\">\r\n    <label for=\"field_8uj7b\" id=\"field_8uj7b_label\" class=\"frm_primary_label\">Firma\r\n        <span class=\"frm_required\"><\/span>\r\n    <\/label>\r\n    <input  type=\"text\" id=\"field_8uj7b\" name=\"item_meta[110]\" value=\"\"  data-invmsg=\"Text is invalid\" aria-invalid=\"false\"   aria-describedby=\"frm_desc_field_8uj7b\" \/>\r\n    <div class=\"frm_description\" id=\"frm_desc_field_8uj7b\">Company<\/div>\r\n    \r\n<\/div>\n<div id=\"frm_field_104_container\" class=\"frm_form_field form-field  frm_required_field frm_top_container frm_full\">\r\n    <label for=\"field_29yf4d200fe4f5d8a\" id=\"field_29yf4d200fe4f5d8a_label\" class=\"frm_primary_label\">E-Mail\r\n        <span class=\"frm_required\">*<\/span>\r\n    <\/label>\r\n    <input type=\"email\" id=\"field_29yf4d200fe4f5d8a\" name=\"item_meta[104]\" value=\"\"  data-reqmsg=\"E-Mail cannot be blank.\" aria-required=\"true\" data-invmsg=\"Please enter a valid email address\" aria-invalid=\"false\"   aria-describedby=\"frm_desc_field_29yf4d200fe4f5d8a\"\/>\r\n    <div class=\"frm_description\" id=\"frm_desc_field_29yf4d200fe4f5d8a\">Email<\/div>\r\n    \r\n<\/div>\n<div id=\"frm_field_conf_104_container\" class=\"frm_form_field frm_hidden_container frm_conf_field form-field  frm_required_field frm_top_container frm_full\">\r\n    <label for=\"field_conf_29yf4d200fe4f5d8a\" id=\"field_conf_29yf4d200fe4f5d8a_label\" class=\"frm_conf_label frm_primary_label\">Valider E-Mail\r\n        <span class=\"frm_required\">*<\/span>\r\n    <\/label>\r\n    <input type=\"email\" id=\"field_conf_29yf4d200fe4f5d8a\" name=\"item_meta[conf_104]\" value=\"\"  placeholder=\"E-Mail wiederholen\" data-reqmsg=\"Valider E-Mail cannot be blank.\" aria-required=\"true\" data-confmsg=\"The entered values do not match\" data-invmsg=\"Please enter a valid email address\" aria-invalid=\"false\"   aria-describedby=\"frm_desc_field_conf_29yf4d200fe4f5d8a\"\/>\r\n    <div class=\"frm_description\" id=\"frm_desc_field_conf_29yf4d200fe4f5d8a\">Retype email<\/div>\r\n    \r\n<\/div>\n<div id=\"frm_field_105_container\" class=\"frm_form_field form-field  frm_required_field frm_top_container frm_full\">\r\n    <label for=\"field_e6lis62c8d83ddef3\" id=\"field_e6lis62c8d83ddef3_label\" class=\"frm_primary_label\">Betreff\r\n        <span class=\"frm_required\">*<\/span>\r\n    <\/label>\r\n    <input  type=\"text\" id=\"field_e6lis62c8d83ddef3\" name=\"item_meta[105]\" value=\"\"  data-reqmsg=\"Betreff cannot be blank.\" aria-required=\"true\" data-invmsg=\"Subject is invalid\" aria-invalid=\"false\"   aria-describedby=\"frm_desc_field_e6lis62c8d83ddef3\" \/>\r\n    <div class=\"frm_description\" id=\"frm_desc_field_e6lis62c8d83ddef3\">Subject<\/div>\r\n    \r\n<\/div>\n<div id=\"frm_field_106_container\" class=\"frm_form_field form-field  frm_required_field frm_top_container frm_full\">\r\n    <label for=\"field_9jv0r129e01eb3ac9\" id=\"field_9jv0r129e01eb3ac9_label\" class=\"frm_primary_label\">Nachricht\r\n        <span class=\"frm_required\">*<\/span>\r\n    <\/label>\r\n    <textarea name=\"item_meta[106]\" id=\"field_9jv0r129e01eb3ac9\" rows=\"6\"  data-reqmsg=\"Nachricht cannot be blank.\" aria-required=\"true\" data-invmsg=\"Nachricht est non valide\" aria-invalid=\"false\"   aria-describedby=\"frm_desc_field_9jv0r129e01eb3ac9\"><\/textarea>\r\n    <div class=\"frm_description\" id=\"frm_desc_field_9jv0r129e01eb3ac9\">Message<\/div>\r\n    \r\n<\/div>\n<div id=\"frm_field_1133_container\" class=\"frm_form_field form-field \">\n\t<div class=\"frm_submit\">\r\n\r\n<button class=\"frm_button_submit frm_final_submit\" type=\"submit\"   formnovalidate=\"formnovalidate\">Absenden<\/button>\r\n\r\n<\/div>\n<\/div>\n\t<input type=\"hidden\" name=\"item_key\" value=\"\" \/>\n\t\t\t<div id=\"frm_field_1135_container\">\n\t\t\t<label for=\"field_chhu0\" >\n\t\t\t\tSi vous \u00eates un humain, ne remplissez pas ce champ.\t\t\t<\/label>\n\t\t\t<input  id=\"field_chhu0\" type=\"text\" class=\"frm_form_field form-field frm_verify\" name=\"item_meta[1135]\" value=\"\"  \/>\n\t\t<\/div>\n\t\t<input name=\"frm_state\" type=\"hidden\" value=\"cq2giyX3Dv8YeISHh6UmGhoWKtD61wPvzySmNihFrqAQ4yQre23MgrwmmsNpHz0X\" \/><\/div>\n<\/fieldset>\n<\/div>\n\n<\/form>\n<\/div>\n\n\n","protected":false},"excerpt":{"rendered":"<p>Formulaire de contact Si vous souhaitez nous contacter au sujet d'une coop\u00e9ration m\u00e9dia, veuillez utiliser le formulaire m\u00e9dia.<\/p>","protected":false},"author":2,"featured_media":0,"parent":0,"menu_order":5,"comment_status":"closed","ping_status":"closed","template":"","meta":{"footnotes":""},"class_list":["post-2291","page","type-page","status-publish","hentry","wpbf-post"],"_links":{"self":[{"href":"https:\/\/www.ernsting.com\/fr\/wp-json\/wp\/v2\/pages\/2291","targetHints":{"allow":["GET"]}}],"collection":[{"href":"https:\/\/www.ernsting.com\/fr\/wp-json\/wp\/v2\/pages"}],"about":[{"href":"https:\/\/www.ernsting.com\/fr\/wp-json\/wp\/v2\/types\/page"}],"author":[{"embeddable":true,"href":"https:\/\/www.ernsting.com\/fr\/wp-json\/wp\/v2\/users\/2"}],"replies":[{"embeddable":true,"href":"https:\/\/www.ernsting.com\/fr\/wp-json\/wp\/v2\/comments?post=2291"}],"version-history":[{"count":6,"href":"https:\/\/www.ernsting.com\/fr\/wp-json\/wp\/v2\/pages\/2291\/revisions"}],"predecessor-version":[{"id":3168,"href":"https:\/\/www.ernsting.com\/fr\/wp-json\/wp\/v2\/pages\/2291\/revisions\/3168"}],"wp:attachment":[{"href":"https:\/\/www.ernsting.com\/fr\/wp-json\/wp\/v2\/media?parent=2291"}],"curies":[{"name":"wp","href":"https:\/\/api.w.org\/{rel}","templated":true}]}}