{"id":2296,"date":"2017-08-22T18:13:02","date_gmt":"2017-08-22T17:13:02","guid":{"rendered":"https:\/\/www.ernsting.com\/devisen-alarm\/"},"modified":"2021-01-07T00:01:19","modified_gmt":"2021-01-06T23:01:19","slug":"alarme-de-devises","status":"publish","type":"page","link":"https:\/\/www.ernsting.com\/fr\/portails\/alarme-de-devises\/","title":{"rendered":"Alerte au change"},"content":{"rendered":"<p>L'alerte Forex s'adresse aux traders qui souhaitent utiliser un service de signaux r\u00e9put\u00e9 pour leurs transactions. Outre des signaux de trading pr\u00e9cis sur les plus grandes paires de devises par SMS, RSS et e-mail, l'Alerte Forex fournit \u00e9galement des analyses des paires de devises les plus importantes. En outre, avec \"<a title=\"Signaux Forex quotidiens\" href=\"https:\/\/broker-test.de\/trading-news\/forex-signale-taeglich-17113\/\" target=\"_blank\" rel=\"noopener\">Signaux Forex quotidiens<\/a>\" une mise \u00e0 jour quotidienne de la bourse.<\/p>\n<p>En outre, les visiteurs du site peuvent acc\u00e9der \u00e0 un bref aper\u00e7u quotidien, qui comprend les donn\u00e9es \u00e9conomiques \u00e0 venir.<a title=\"Perspectives quotidiennes du Forex et donn\u00e9es \u00e9conomiques\" href=\"http:\/\/www.devisen-alarm.de\/tagesausblick\/\" target=\"_blank\" rel=\"noopener\">\u00a0<\/a>ainsi que de nombreuses informations et publications sur les march\u00e9s des changes. De m\u00eame, la performance<a title=\"Performance des signaux de trading\" href=\"http:\/\/www.devisen-alarm.de\/performance\/\" target=\"_blank\" rel=\"noopener\">\u00a0<\/a>de l'alerte de change est pr\u00e9sent\u00e9e avec des exemples de transactions en cours.<\/p>\n<p><em>Note : L'alerte de change est actuellement en pause et sera r\u00e9activ\u00e9e \u00e0 une date ult\u00e9rieure.<\/em><\/p>","protected":false},"excerpt":{"rendered":"<p>Der Devisen-Alarm richtet sich an Trader, die f\u00fcr ihre Gesch\u00e4fte auf einen seri\u00f6sen Signaldienst zur\u00fcckgreifen wollen. Neben genauen Handelssignalen zu den gr\u00f6\u00dften Devisen-Paaren per SMS, RSS und E-Mail liefert der Devisen-Alarm auch Analysen der wichtigsten W\u00e4hrungspaare. Dar\u00fcber hinaus gibt es mit \u201eForex Signale t\u00e4glich\u201c ein b\u00f6rsent\u00e4gliches Update. Au\u00dferdem k\u00f6nnen Besucher der Seite t\u00e4glich auf einen [&hellip;]<\/p>\n","protected":false},"author":2,"featured_media":0,"parent":2312,"menu_order":2,"comment_status":"closed","ping_status":"closed","template":"","meta":{"footnotes":""},"class_list":["post-2296","page","type-page","status-publish","hentry","wpbf-post"],"_links":{"self":[{"href":"https:\/\/www.ernsting.com\/fr\/wp-json\/wp\/v2\/pages\/2296","targetHints":{"allow":["GET"]}}],"collection":[{"href":"https:\/\/www.ernsting.com\/fr\/wp-json\/wp\/v2\/pages"}],"about":[{"href":"https:\/\/www.ernsting.com\/fr\/wp-json\/wp\/v2\/types\/page"}],"author":[{"embeddable":true,"href":"https:\/\/www.ernsting.com\/fr\/wp-json\/wp\/v2\/users\/2"}],"replies":[{"embeddable":true,"href":"https:\/\/www.ernsting.com\/fr\/wp-json\/wp\/v2\/comments?post=2296"}],"version-history":[{"count":3,"href":"https:\/\/www.ernsting.com\/fr\/wp-json\/wp\/v2\/pages\/2296\/revisions"}],"predecessor-version":[{"id":2776,"href":"https:\/\/www.ernsting.com\/fr\/wp-json\/wp\/v2\/pages\/2296\/revisions\/2776"}],"up":[{"embeddable":true,"href":"https:\/\/www.ernsting.com\/fr\/wp-json\/wp\/v2\/pages\/2312"}],"wp:attachment":[{"href":"https:\/\/www.ernsting.com\/fr\/wp-json\/wp\/v2\/media?parent=2296"}],"curies":[{"name":"wp","href":"https:\/\/api.w.org\/{rel}","templated":true}]}}