{"id":2297,"date":"2017-08-22T18:13:39","date_gmt":"2017-08-22T17:13:39","guid":{"rendered":"https:\/\/www.ernsting.com\/rohstoff-alarm\/"},"modified":"2021-01-07T00:14:45","modified_gmt":"2021-01-06T23:14:45","slug":"alerte-aux-matieres-premieres","status":"publish","type":"page","link":"https:\/\/www.ernsting.com\/fr\/portails\/alerte-aux-matieres-premieres\/","title":{"rendered":"Alerte aux mati\u00e8res premi\u00e8res"},"content":{"rendered":"<p>L'alerte mati\u00e8res premi\u00e8res est un service de recommandation pour le trading de mati\u00e8res premi\u00e8res. Les abonn\u00e9s re\u00e7oivent les recommandations de trading de notre trader en temps r\u00e9el et peuvent les r\u00e9pliquer. Une analyse correspondante est \u00e9galement fournie.<\/p>\n<p>Alerte mati\u00e8res premi\u00e8res traite des march\u00e9s mondiaux des mati\u00e8res premi\u00e8res - il s'agit principalement de l'or, de l'argent, <a href=\"https:\/\/broker-test.de\/finanzwissen\/investmenttrends\/seltene-erden\/was-sind-seltene-erden\/\" target=\"_blank\" rel=\"noopener\" data-schema-attribute=\"about\">Terres rares<\/a>, l'uranium, le palladium et d'autres mati\u00e8res premi\u00e8res int\u00e9ressantes.<\/p>\n<p>En outre, l'Alerte-Mati\u00e8res Premi\u00e8res comprend un portail gratuit d'informations et de connaissances, l'analyse hebdomadaire gratuite de l'\u00e9volution du prix d'une mati\u00e8re premi\u00e8re donn\u00e9e et une newsletter hebdomadaire gratuite.<\/p>\n<p>Remarque : l'alerte sur les mati\u00e8res premi\u00e8res est actuellement en pause et sera r\u00e9activ\u00e9e ult\u00e9rieurement.<\/p>","protected":false},"excerpt":{"rendered":"<p>Der Rohstoff-Alarm ist ein Empfehlungsdienst f\u00fcr den Rohstoffhandel. Abonnenten bekommen die\u00a0Handelsempfehlungen unseres Traders in Echtzeit zugestellt und k\u00f6nnen diese nachbilden. Eine entsprechende Analyse wird ebenfalls geliefert. Der Rohstoff-Alarm behandelt die weltweiten Rohstoffm\u00e4rkte &#8211; haupts\u00e4chlich geht es um Gold, Silber, Seltene Erden, Uranium, Palladium und weitere interessante Commodities. Weiterhin umfasst der Rohstoff-Alarm ein kostenloses News- und [&hellip;]<\/p>\n","protected":false},"author":2,"featured_media":0,"parent":2312,"menu_order":4,"comment_status":"closed","ping_status":"closed","template":"","meta":{"footnotes":""},"class_list":["post-2297","page","type-page","status-publish","hentry","wpbf-post"],"_links":{"self":[{"href":"https:\/\/www.ernsting.com\/fr\/wp-json\/wp\/v2\/pages\/2297","targetHints":{"allow":["GET"]}}],"collection":[{"href":"https:\/\/www.ernsting.com\/fr\/wp-json\/wp\/v2\/pages"}],"about":[{"href":"https:\/\/www.ernsting.com\/fr\/wp-json\/wp\/v2\/types\/page"}],"author":[{"embeddable":true,"href":"https:\/\/www.ernsting.com\/fr\/wp-json\/wp\/v2\/users\/2"}],"replies":[{"embeddable":true,"href":"https:\/\/www.ernsting.com\/fr\/wp-json\/wp\/v2\/comments?post=2297"}],"version-history":[{"count":4,"href":"https:\/\/www.ernsting.com\/fr\/wp-json\/wp\/v2\/pages\/2297\/revisions"}],"predecessor-version":[{"id":2778,"href":"https:\/\/www.ernsting.com\/fr\/wp-json\/wp\/v2\/pages\/2297\/revisions\/2778"}],"up":[{"embeddable":true,"href":"https:\/\/www.ernsting.com\/fr\/wp-json\/wp\/v2\/pages\/2312"}],"wp:attachment":[{"href":"https:\/\/www.ernsting.com\/fr\/wp-json\/wp\/v2\/media?parent=2297"}],"curies":[{"name":"wp","href":"https:\/\/api.w.org\/{rel}","templated":true}]}}