{"id":2300,"date":"2017-08-22T18:17:05","date_gmt":"2017-08-22T17:17:05","guid":{"rendered":"https:\/\/www.ernsting.com\/newsletter\/"},"modified":"2021-01-06T17:03:55","modified_gmt":"2021-01-06T16:03:55","slug":"newsletter","status":"publish","type":"page","link":"https:\/\/www.ernsting.com\/fr\/newsletter\/","title":{"rendered":"Bulletin d'information sur les finances"},"content":{"rendered":"<p>Nous proposons plusieurs newsletters gratuites sur des th\u00e8mes sp\u00e9cifiques \u00e0 la finance.<\/p>\n<p>Gr\u00e2ce aux diff\u00e9rentes newsletters financi\u00e8res, nous couvrons entre autres les domaines suivants : DAX &amp; actions, courtage, trading, pr\u00e9voyance vieillesse, ETFs, ETCs, fonds, mati\u00e8res premi\u00e8res, terres rares, devises &amp; crypto-monnaies, guides sur des th\u00e8mes d'actualit\u00e9, fiscalit\u00e9 et finances en g\u00e9n\u00e9ral. Les newsletters sont compl\u00e9t\u00e9es par des informations de fond dans le domaine de l'analyse technique ainsi que par un aper\u00e7u des derni\u00e8res actualit\u00e9s. <a href=\"https:\/\/broker-test.de\/trading-webinare\/\" target=\"_blank\" rel=\"noopener\">Webinaires de trading<\/a>.<\/p>\n<p>D'autres newsletters sont disponibles pour des th\u00e8mes de niche sp\u00e9cifiques tels que le n\u00e9goce de mati\u00e8res premi\u00e8res, de devises et le d\u00e9lit d'initi\u00e9. L'\u00e9volution actuelle des march\u00e9s financiers y est abord\u00e9e et des produits y sont pr\u00e9sent\u00e9s.<\/p>\n<p>Au total, le r\u00e9seau de newsletters compte plus de 200.000 abonn\u00e9s. Tous les lecteurs se sont inscrits via double opt-in.<\/p>\n<p>Ci-dessous, nous souhaitons vous pr\u00e9senter bri\u00e8vement nos newsletters financi\u00e8res.<\/p>\n<ul>\n<li><a title=\"Infos financi\u00e8res du week-end Lettre d&#039;information\" href=\"\/fr\/newsletter\/infos-financieres-du-week-end\/\" rel=\"noopener\">Infos financi\u00e8res du week-end<\/a><\/li>\n<li><a title=\"Alerte forex - Bulletin d&#039;information\" href=\"\/fr\/newsletter\/broker-test-fr-trading-newsletter\/\" rel=\"noopener\">Test de courtier Trading Newsletter<\/a><\/li>\n<li><a title=\"Lettre d&#039;information sur les placements financiers\" href=\"\/fr\/newsletter\/newsletter-sur-les-placements\/\" target=\"_self\" rel=\"noopener\">Lettre d'information sur les placements<\/a><\/li>\n<li><a title=\"Bulletin mensuel Finance\" href=\"\/fr\/newsletter\/finance-monthly\/\" target=\"_self\" rel=\"noopener\">Finances mensuelles<\/a><\/li>\n<li><a href=\"\/fr\/portails\/alerte-dinities\/\">Notifications d'alertes d'initi\u00e9s<\/a><\/li>\n<\/ul>","protected":false},"excerpt":{"rendered":"<p>Wir bieten zu finanzspezifischen Themen verschiedene kostenlose Newsletter an. Durch die diversen Finanz-Newsletter decken wir u.a. die Bereiche DAX &amp; Aktien, Brokerage, Trading, Altersvororge, ETFs, ETCs, Fonds, Rohstoffe, Seltene Erden, Devisen &amp; Kryptow\u00e4hrungen, Ratgeber zu tagesaktuellen Themen, Steuern und Finanzen im Allgemeinen ab. Erg\u00e4nzt werden die Newsletter um Hintergrundinformationen aus dem Bereich der Technischen Analyse [&hellip;]<\/p>\n","protected":false},"author":2,"featured_media":0,"parent":0,"menu_order":6,"comment_status":"closed","ping_status":"closed","template":"","meta":{"footnotes":""},"class_list":["post-2300","page","type-page","status-publish","hentry","wpbf-post"],"_links":{"self":[{"href":"https:\/\/www.ernsting.com\/fr\/wp-json\/wp\/v2\/pages\/2300","targetHints":{"allow":["GET"]}}],"collection":[{"href":"https:\/\/www.ernsting.com\/fr\/wp-json\/wp\/v2\/pages"}],"about":[{"href":"https:\/\/www.ernsting.com\/fr\/wp-json\/wp\/v2\/types\/page"}],"author":[{"embeddable":true,"href":"https:\/\/www.ernsting.com\/fr\/wp-json\/wp\/v2\/users\/2"}],"replies":[{"embeddable":true,"href":"https:\/\/www.ernsting.com\/fr\/wp-json\/wp\/v2\/comments?post=2300"}],"version-history":[{"count":2,"href":"https:\/\/www.ernsting.com\/fr\/wp-json\/wp\/v2\/pages\/2300\/revisions"}],"predecessor-version":[{"id":2772,"href":"https:\/\/www.ernsting.com\/fr\/wp-json\/wp\/v2\/pages\/2300\/revisions\/2772"}],"wp:attachment":[{"href":"https:\/\/www.ernsting.com\/fr\/wp-json\/wp\/v2\/media?parent=2300"}],"curies":[{"name":"wp","href":"https:\/\/api.w.org\/{rel}","templated":true}]}}