{"id":2306,"date":"2017-08-22T18:26:37","date_gmt":"2017-08-22T17:26:37","guid":{"rendered":"https:\/\/www.ernsting.com\/finance-monthly\/"},"modified":"2021-12-14T13:37:28","modified_gmt":"2021-12-14T12:37:28","slug":"finance-monthly","status":"publish","type":"page","link":"https:\/\/www.ernsting.com\/fr\/newsletter\/finance-monthly\/","title":{"rendered":"Finances mensuelles"},"content":{"rendered":"<p>Les abonn\u00e9s \u00e0 cette newsletter disposent d'un int\u00e9r\u00eat g\u00e9n\u00e9ral pour les th\u00e8mes financiers. Une fois par mois, la newsletter propose un aper\u00e7u des th\u00e8mes financiers \u00e0 moyen et long terme tels que les fonds, la pr\u00e9voyance vieillesse, l'inflation, l'or, la retraite et les imp\u00f4ts, plus des th\u00e8mes d'actualit\u00e9 qui concernent la constitution et la gestion de patrimoine en soi.<\/p>\n<p>En outre, l'accent est mis sur les sp\u00e9ciaux financiers actuels et les actions telles que les freetrades pour les clients finaux et les \u00e9v\u00e9nements actuels sur le th\u00e8me des finances.<\/p>","protected":false},"excerpt":{"rendered":"<p>Die Abonnenten dieses Newsletters verf\u00fcgen \u00fcber ein allgemeines Interesse an Finanzthemen. Der Newsletter bietet einmal im Monat eine \u00dcbersicht \u00fcber mittel- bis langfristige Finanzthemen wie Fonds, Altersvorsorge, Inflation, Gold, Rente und Steuern plus aktuelle Themen, die Verm\u00f6gensaufbau und Verm\u00f6gensverwaltung an sich betreffen. Zudem wird auf aktuelle Finanzspecials und Aktionen wie Freetrades f\u00fcr Endkunden und auf [&hellip;]<\/p>\n","protected":false},"author":2,"featured_media":0,"parent":2300,"menu_order":1,"comment_status":"closed","ping_status":"closed","template":"","meta":{"footnotes":""},"class_list":["post-2306","page","type-page","status-publish","hentry","wpbf-post"],"_links":{"self":[{"href":"https:\/\/www.ernsting.com\/fr\/wp-json\/wp\/v2\/pages\/2306","targetHints":{"allow":["GET"]}}],"collection":[{"href":"https:\/\/www.ernsting.com\/fr\/wp-json\/wp\/v2\/pages"}],"about":[{"href":"https:\/\/www.ernsting.com\/fr\/wp-json\/wp\/v2\/types\/page"}],"author":[{"embeddable":true,"href":"https:\/\/www.ernsting.com\/fr\/wp-json\/wp\/v2\/users\/2"}],"replies":[{"embeddable":true,"href":"https:\/\/www.ernsting.com\/fr\/wp-json\/wp\/v2\/comments?post=2306"}],"version-history":[{"count":4,"href":"https:\/\/www.ernsting.com\/fr\/wp-json\/wp\/v2\/pages\/2306\/revisions"}],"predecessor-version":[{"id":3302,"href":"https:\/\/www.ernsting.com\/fr\/wp-json\/wp\/v2\/pages\/2306\/revisions\/3302"}],"up":[{"embeddable":true,"href":"https:\/\/www.ernsting.com\/fr\/wp-json\/wp\/v2\/pages\/2300"}],"wp:attachment":[{"href":"https:\/\/www.ernsting.com\/fr\/wp-json\/wp\/v2\/media?parent=2306"}],"curies":[{"name":"wp","href":"https:\/\/api.w.org\/{rel}","templated":true}]}}