{"id":2307,"date":"2017-08-22T18:27:04","date_gmt":"2017-08-22T17:27:04","guid":{"rendered":"https:\/\/www.ernsting.com\/finanzinfos-am-wochenende\/"},"modified":"2024-04-14T19:21:10","modified_gmt":"2024-04-14T18:21:10","slug":"infos-financieres-du-week-end","status":"publish","type":"page","link":"https:\/\/www.ernsting.com\/fr\/newsletter\/infos-financieres-du-week-end\/","title":{"rendered":"Infos financi\u00e8res du week-end"},"content":{"rendered":"<h1>\n\t\tInfos financi\u00e8res du week-end\n\t<\/h1>\n\t\t\t\t<a href=\"https:\/\/broker-test.de\/\" target=\"_blank\" rel=\"noopener\" itemprop=\"url\">\n\t\t\t\t<img loading=\"lazy\" decoding=\"async\" src=\"https:\/\/www.ernsting.com\/wp-content\/uploads\/2020\/12\/@brokertest.jpg\" alt=\"FINAL Logo Broker Test Large\" itemprop=\"image\" height=\"307\" width=\"800\" title=\"FINAL Logo Broker Test Large\" onerror=\"this.style.display='none'\"  \/>\n\t\t\t\t<\/a>\n\t<p>La newsletter hebdomadaire \"Finanzinfos am Wochenende\", publi\u00e9e le dimanche matin, fournit des informations sur les principales actualit\u00e9s dans les domaines de l'analyse de march\u00e9, des placements financiers, du courtage, de la gestion de patrimoine num\u00e9rique, de la constitution de patrimoine, de la pr\u00e9voyance vieillesse, de l'or et des mati\u00e8res premi\u00e8res, de l'immobilier, de la fiscalit\u00e9 et des successions, des crypto-monnaies, des obligations, des certificats, des fonds et des ETF.<\/p>\n<p>Pour chaque th\u00e8me, il est en outre fait mention des nouvelles offres et des conditions actuelles.<\/p>\n<p>Avec plus de 155.000 lecteurs, la newsletter \"Finanzinfos am Wochenende\" est notre newsletter la plus diffus\u00e9e, avec un lectorat tr\u00e8s averti en mati\u00e8re de finance.<\/p>\n<h2>\n\t\tInfos financi\u00e8res du week-end\n\t<\/h2>\n\t\t\t\t\t\t\t\t\t\t\t\t\t\t\t\t\t<a href=\"https:\/\/www.ernsting.com\/wp-content\/uploads\/2021\/01\/famw_dividenden.png\" target=\"_self\" data-caption=\"\" rel=\"noopener\">\n\t\t\t\t\t\t\t\t\t\t<\/a>\n\t\t\t\t\t\t\t\t\t\t\t\t\t\t\t\t\t<a href=\"https:\/\/www.ernsting.com\/wp-content\/uploads\/2021\/01\/famw_einleitung.png\" target=\"_self\" data-caption=\"\" rel=\"noopener\">\n\t\t\t\t\t\t\t\t\t\t<\/a>\n\t\t\t\t\t\t\t\t\t\t\t\t\t\t\t\t\t<a href=\"https:\/\/www.ernsting.com\/wp-content\/uploads\/2021\/01\/famw_broker-verleich.png\" target=\"_self\" data-caption=\"\" rel=\"noopener\">\n\t\t\t\t\t\t\t\t\t\t<\/a>\n\t\t\t\t\t\t\t\t\t\t\t\t\t\t\t\t\t<a href=\"https:\/\/www.ernsting.com\/wp-content\/uploads\/2021\/01\/famw_robo-advisor.png\" target=\"_self\" data-caption=\"\" rel=\"noopener\">\n\t\t\t\t\t\t\t\t\t\t<\/a>\n\t\t\t\t\t\t\t\t\t\t\t\t\t\t\t\t\t<a href=\"https:\/\/www.ernsting.com\/wp-content\/uploads\/2021\/01\/famw_altersvorsorge.png\" target=\"_self\" data-caption=\"\" rel=\"noopener\">\n\t\t\t\t\t\t\t\t\t\t<\/a>\n\t\t\t\t\t\t\t\t\t\t\t\t\t\t\t\t\t<a href=\"https:\/\/www.ernsting.com\/wp-content\/uploads\/2021\/01\/famw_immobilien.png\" target=\"_self\" data-caption=\"\" rel=\"noopener\">\n\t\t\t\t\t\t\t\t\t\t<\/a>\n\t\t\t\t\t\t\t\t\t\t\t\t\t\t\t\t\t<a href=\"https:\/\/www.ernsting.com\/wp-content\/uploads\/2021\/01\/famw_robo-news.png\" target=\"_self\" data-caption=\"\" rel=\"noopener\">\n\t\t\t\t\t\t\t\t\t\t<\/a>\n\t\t\t\t\t\t\t\t\t\t\t\t\t\t\t\t\t<a href=\"https:\/\/www.ernsting.com\/wp-content\/uploads\/2021\/01\/famw_broker-news.png\" target=\"_self\" data-caption=\"\" rel=\"noopener\">\n\t\t\t\t\t\t\t\t\t\t<\/a>\n\t\t\t\t\t\t<!-- pagination -->\n\t<p>Ici, vous pouvez vous rendre directement au <a href=\"https:\/\/broker-test.de\/newsletter\/\" target=\"_blank\" rel=\"noopener\">Infos financi\u00e8res du week-end Lettre d'information<\/a> s'inscrire !<\/p>","protected":false},"excerpt":{"rendered":"<p>Finanzinfos am Wochenende Der w\u00f6chentlich jeweils am Sonntag Morgen erscheinende \u201eFinanzinfos am Wochenende&#8220; Newsletter informiert \u00fcber die wichtigsten Meldungen aus den Bereichen Marktanalyse, Geldanlage, Brokerage, digitale Verm\u00f6gensverwaltung, Verm\u00f6gensaufbau, Altersvorsorge, Gold &amp; Rohstoffe, Immobilien, Steuern &amp; Erben,Kryptow\u00e4hrungen, Anleihen, Zertifikate, Fonds und ETFs. Je Thema wird zudem auf neue Angebote und aktuelle Konditionen hingewiesen. Mit \u00fcber 155.000 [&hellip;]<\/p>\n","protected":false},"author":2,"featured_media":0,"parent":2300,"menu_order":2,"comment_status":"closed","ping_status":"closed","template":"","meta":{"footnotes":""},"class_list":["post-2307","page","type-page","status-publish","hentry","wpbf-post"],"_links":{"self":[{"href":"https:\/\/www.ernsting.com\/fr\/wp-json\/wp\/v2\/pages\/2307","targetHints":{"allow":["GET"]}}],"collection":[{"href":"https:\/\/www.ernsting.com\/fr\/wp-json\/wp\/v2\/pages"}],"about":[{"href":"https:\/\/www.ernsting.com\/fr\/wp-json\/wp\/v2\/types\/page"}],"author":[{"embeddable":true,"href":"https:\/\/www.ernsting.com\/fr\/wp-json\/wp\/v2\/users\/2"}],"replies":[{"embeddable":true,"href":"https:\/\/www.ernsting.com\/fr\/wp-json\/wp\/v2\/comments?post=2307"}],"version-history":[{"count":7,"href":"https:\/\/www.ernsting.com\/fr\/wp-json\/wp\/v2\/pages\/2307\/revisions"}],"predecessor-version":[{"id":3961,"href":"https:\/\/www.ernsting.com\/fr\/wp-json\/wp\/v2\/pages\/2307\/revisions\/3961"}],"up":[{"embeddable":true,"href":"https:\/\/www.ernsting.com\/fr\/wp-json\/wp\/v2\/pages\/2300"}],"wp:attachment":[{"href":"https:\/\/www.ernsting.com\/fr\/wp-json\/wp\/v2\/media?parent=2307"}],"curies":[{"name":"wp","href":"https:\/\/api.w.org\/{rel}","templated":true}]}}