{"id":2308,"date":"2017-08-22T18:27:50","date_gmt":"2017-08-22T17:27:50","guid":{"rendered":"https:\/\/www.ernsting.com\/kapitalanlagen-newsletter\/"},"modified":"2021-12-14T13:35:46","modified_gmt":"2021-12-14T12:35:46","slug":"newsletter-sur-les-placements","status":"publish","type":"page","link":"https:\/\/www.ernsting.com\/fr\/newsletter\/newsletter-sur-les-placements\/","title":{"rendered":"Bulletin d'information sur l'investissement en capital"},"content":{"rendered":"<p>Le monde des placements financiers est tr\u00e8s diversifi\u00e9. Ainsi, outre le placement classique en actions, les investisseurs priv\u00e9s se voient proposer de nombreuses alternatives int\u00e9ressantes.<\/p>\n<p>Les fonds et les ETF en font partie. Ces derniers permettent aux investisseurs de diversifier leurs risques tout en profitant des march\u00e9s sur lesquels il est difficile d'investir individuellement en actions. Il est ainsi possible d'investir dans des domaines th\u00e9matiques tels que les mati\u00e8res premi\u00e8res, la haute technologie ou l'industrie pharmaceutique, mais aussi dans des domaines r\u00e9gionaux tels que la Chine, l'Inde, l'Afrique, etc.<\/p>\n<p>En outre, les ETF offrent une alternative avantageuse aux fonds g\u00e9r\u00e9s. Et dans certaines configurations, ils permettent m\u00eame d'investir avec un petit effet de levier ou de profiter de la baisse des cours des actions.<\/p>\n<p>Pour les investisseurs qui souhaitent faire levier sur leurs b\u00e9n\u00e9fices, il existe une multitude de certificats. En outre, les mouvements lat\u00e9raux du march\u00e9 peuvent \u00e9galement \u00eatre utilis\u00e9s pour obtenir des r\u00e9sultats.<\/p>\n<p>Dans la newsletter sur les investissements, nous donnons \u00e0 nos lecteurs un aper\u00e7u plus approfondi des diff\u00e9rentes alternatives. Nous y pr\u00e9sentons \u00e9galement des produits et des \u00e9v\u00e9nements.<\/p>","protected":false},"excerpt":{"rendered":"<p>Die Welt der Kapitalanlagen ist sehr vielseitig. So werden privaten Anlegern neben der klassischen Aktienanlage viele interessante Alternativen geboten. Hierzu geh\u00f6ren auch Fonds und ETFs. Mit diesen haben Anleger die M\u00f6glichkeit, ihr Risiko zu streuen und gleichzeitig von M\u00e4rkten zu profitieren, in denen eine Einzelinvestment in Aktien nur schwer m\u00f6glich ist. So k\u00f6nnen thematische Anlageschwerpunkte [&hellip;]<\/p>\n","protected":false},"author":2,"featured_media":0,"parent":2300,"menu_order":3,"comment_status":"closed","ping_status":"closed","template":"","meta":{"footnotes":""},"class_list":["post-2308","page","type-page","status-publish","hentry","wpbf-post"],"_links":{"self":[{"href":"https:\/\/www.ernsting.com\/fr\/wp-json\/wp\/v2\/pages\/2308","targetHints":{"allow":["GET"]}}],"collection":[{"href":"https:\/\/www.ernsting.com\/fr\/wp-json\/wp\/v2\/pages"}],"about":[{"href":"https:\/\/www.ernsting.com\/fr\/wp-json\/wp\/v2\/types\/page"}],"author":[{"embeddable":true,"href":"https:\/\/www.ernsting.com\/fr\/wp-json\/wp\/v2\/users\/2"}],"replies":[{"embeddable":true,"href":"https:\/\/www.ernsting.com\/fr\/wp-json\/wp\/v2\/comments?post=2308"}],"version-history":[{"count":4,"href":"https:\/\/www.ernsting.com\/fr\/wp-json\/wp\/v2\/pages\/2308\/revisions"}],"predecessor-version":[{"id":3300,"href":"https:\/\/www.ernsting.com\/fr\/wp-json\/wp\/v2\/pages\/2308\/revisions\/3300"}],"up":[{"embeddable":true,"href":"https:\/\/www.ernsting.com\/fr\/wp-json\/wp\/v2\/pages\/2300"}],"wp:attachment":[{"href":"https:\/\/www.ernsting.com\/fr\/wp-json\/wp\/v2\/media?parent=2308"}],"curies":[{"name":"wp","href":"https:\/\/api.w.org\/{rel}","templated":true}]}}