{"id":2309,"date":"2017-08-23T09:35:40","date_gmt":"2017-08-23T08:35:40","guid":{"rendered":"https:\/\/www.ernsting.com\/brokerwahl\/"},"modified":"2022-06-28T22:56:32","modified_gmt":"2022-06-28T21:56:32","slug":"choix-du-courtier","status":"publish","type":"page","link":"https:\/\/www.ernsting.com\/fr\/portails\/choix-du-courtier\/","title":{"rendered":"Choix du courtier"},"content":{"rendered":"<h1>\n\t\tChoix du courtier\n\t<\/h1>\n\t\t\t\t<a href=\"https:\/\/www.brokerwahl.de\" target=\"_blank\" rel=\"noopener\" itemprop=\"url\">\n\t\t\t\t<img loading=\"lazy\" decoding=\"async\" src=\"https:\/\/www.ernsting.com\/wp-content\/uploads\/2021\/01\/@brokerwahl-e1609973748887-300x115.jpg\" alt=\"Choix du courtier\" itemprop=\"image\" height=\"115\" width=\"300\" title=\"Choix du courtier\" onerror=\"this.style.display='none'\"  \/>\n\t\t\t\t<\/a>\n\t<p>Chaque ann\u00e9e depuis 2001, nous organisons le \" Brokerwahl.de \" en ligne.<a title=\"Choix du courtier - L&#039;\u00e9lection du courtier de l&#039;ann\u00e9e\" href=\"https:\/\/www.brokerwahl.de\/\" target=\"_blank\" rel=\"noopener\">\u00c9lection du courtier de l'ann\u00e9e<\/a>\"et permettent aux traders et aux investisseurs de voter pour leur courtier pr\u00e9f\u00e9r\u00e9. Avec environ 60.000 \u00e0 80.000 participants par an, le choix du courtier est la plus grande manifestation de ce type dans l'espace germanophone.<\/p>\n<p>Les traders ont la possibilit\u00e9 d'\u00e9lire leur courtier pr\u00e9f\u00e9r\u00e9 et de gagner l'un des nombreux prix.<\/p>\n<h2>\n\t\tCaptures d'\u00e9cran de s\u00e9lection de courtier\n\t<\/h2>\n\t\t\t\t\t\t\t\t\t\t\t\t\t\t\t\t\t<a href=\"https:\/\/www.ernsting.com\/wp-content\/uploads\/2021\/01\/bwde_2020-online-broker-1030x785.png\" target=\"_self\" data-caption=\"\" rel=\"noopener\">\n\t\t\t\t\t\t\t\t\t\t<\/a>\n\t\t\t\t\t\t\t\t\t\t\t\t\t\t\t\t\t<a href=\"https:\/\/www.ernsting.com\/wp-content\/uploads\/2021\/01\/bwde_home-online-1030x785.jpg\" target=\"_self\" data-caption=\"\" rel=\"noopener\">\n\t\t\t\t\t\t\t\t\t\t<\/a>\n\t\t\t\t\t\t\t\t\t\t\t\t\t\t\t\t\t<a href=\"https:\/\/www.ernsting.com\/wp-content\/uploads\/2021\/01\/bwde_rom1-1030x785.jpg\" target=\"_self\" data-caption=\"\" rel=\"noopener\">\n\t\t\t\t\t\t\t\t\t\t<\/a>\n\t\t\t\t\t\t\t\t\t\t\t\t\t\t\t\t\t<a href=\"https:\/\/www.ernsting.com\/wp-content\/uploads\/2021\/01\/bwde_home-daytrade-1030x785.jpg\" target=\"_self\" data-caption=\"\" rel=\"noopener\">\n\t\t\t\t\t\t\t\t\t\t<\/a>\n\t\t\t\t\t\t\t\t\t\t\t\t\t\t\t\t\t<a href=\"https:\/\/www.ernsting.com\/wp-content\/uploads\/2021\/01\/bwde_home-etf-1030x785.jpg\" target=\"_self\" data-caption=\"\" rel=\"noopener\">\n\t\t\t\t\t\t\t\t\t\t<\/a>\n\t\t\t\t\t\t\t\t\t\t\t\t\t\t\t\t\t<a href=\"https:\/\/www.ernsting.com\/wp-content\/uploads\/2021\/01\/bwde_2001-diskountbroker-1030x785.png\" target=\"_self\" data-caption=\"\" rel=\"noopener\">\n\t\t\t\t\t\t\t\t\t\t<\/a>\n\t\t\t\t\t\t\t\t<!-- pagination -->\n\t<p>Cliquez ici pour acc\u00e9der directement \u00e0 <a title=\"Choix du courtier - L&#039;\u00e9lection du courtier de l&#039;ann\u00e9e\" href=\"https:\/\/www.brokerwahl.de\/\" target=\"_blank\" rel=\"noopener\">Choix du courtier - L'\u00e9lection du courtier de l'ann\u00e9e<\/a><\/p>","protected":false},"excerpt":{"rendered":"<p>Broker Wahl Jedes Jahr seit 2001 veranstalten wir online unter Brokerwahl.de die \u201eWahl zum Broker des Jahres&#8220; und lassen Trader und Investoren dar\u00fcber abstimmen, wer ihr pers\u00f6nlicher Broker-Favorit ist. Mit j\u00e4hrlich ca. 60.000 bis 80.000 Teilnehmern ist die Brokerwahl die gr\u00f6\u00dfte Veranstaltung ihrer Art im deutschsprachigen Raum. Dort haben Trader die M\u00f6glichkeit, Ihren ganz pers\u00f6nlichen [&hellip;]<\/p>\n","protected":false},"author":2,"featured_media":0,"parent":2312,"menu_order":1,"comment_status":"closed","ping_status":"closed","template":"","meta":{"footnotes":""},"class_list":["post-2309","page","type-page","status-publish","hentry","wpbf-post"],"_links":{"self":[{"href":"https:\/\/www.ernsting.com\/fr\/wp-json\/wp\/v2\/pages\/2309","targetHints":{"allow":["GET"]}}],"collection":[{"href":"https:\/\/www.ernsting.com\/fr\/wp-json\/wp\/v2\/pages"}],"about":[{"href":"https:\/\/www.ernsting.com\/fr\/wp-json\/wp\/v2\/types\/page"}],"author":[{"embeddable":true,"href":"https:\/\/www.ernsting.com\/fr\/wp-json\/wp\/v2\/users\/2"}],"replies":[{"embeddable":true,"href":"https:\/\/www.ernsting.com\/fr\/wp-json\/wp\/v2\/comments?post=2309"}],"version-history":[{"count":7,"href":"https:\/\/www.ernsting.com\/fr\/wp-json\/wp\/v2\/pages\/2309\/revisions"}],"predecessor-version":[{"id":3667,"href":"https:\/\/www.ernsting.com\/fr\/wp-json\/wp\/v2\/pages\/2309\/revisions\/3667"}],"up":[{"embeddable":true,"href":"https:\/\/www.ernsting.com\/fr\/wp-json\/wp\/v2\/pages\/2312"}],"wp:attachment":[{"href":"https:\/\/www.ernsting.com\/fr\/wp-json\/wp\/v2\/media?parent=2309"}],"curies":[{"name":"wp","href":"https:\/\/api.w.org\/{rel}","templated":true}]}}