{"id":2312,"date":"2017-08-23T09:59:30","date_gmt":"2017-08-23T08:59:30","guid":{"rendered":"https:\/\/www.ernsting.com\/portale\/"},"modified":"2021-01-16T11:40:01","modified_gmt":"2021-01-16T10:40:01","slug":"portails","status":"publish","type":"page","link":"https:\/\/www.ernsting.com\/fr\/portails\/","title":{"rendered":"Portails"},"content":{"rendered":"<h1>\n\t\tPortails financiers\n\t<\/h1>\n\t<p>Notre r\u00e9seau financier se compose de nombreux portails d'int\u00e9r\u00eat sp\u00e9cial sur lesquels vous trouverez des informations et des conditions actuelles, des portraits d\u00e9taill\u00e9s, des comparaisons compl\u00e8tes et des outils pratiques. Nous mettons l'accent sur les th\u00e8mes du courtage, des ETF, des fonds, des placements, des placements num\u00e9riques et des guides sur des sujets financiers actuels. Cette focalisation permet un positionnement id\u00e9al des th\u00e8mes en fonction du groupe cible.<\/p>\n<p>Nous vous pr\u00e9sentons ci-dessous quelques-uns de nos portails financiers !<\/p>\n\t\t\t\t<a href=\"\/fr\/portails\/broker-test-de\/\" target=\"_self\" itemprop=\"url\" rel=\"noopener\">\n\t\t\t\t<img loading=\"lazy\" decoding=\"async\" src=\"https:\/\/www.ernsting.com\/wp-content\/uploads\/2020\/12\/@brokertest-300x115.jpg\" alt=\"FINAL Logo Broker Test Large\" itemprop=\"image\" height=\"115\" width=\"300\" title=\"FINAL Logo Broker Test Large\" onerror=\"this.style.display='none'\"  \/>\n\t\t\t\t<\/a>\n\t<h2>Broker-Test.de<\/h2>\n<p>Lanc\u00e9 en avril 2000 sous le nom de Diskountbroker.de et relanc\u00e9 l'ann\u00e9e suivante sous le nom de Broker-Test.de, le portail financier est le principal site web allemand de comparaison de courtiers depuis plus de 20 ans. Mais entre-temps, des sujets tels que les ETF, RoboAdvisor, les connaissances financi\u00e8res, l'investissement en capital, l'or, le bitcoin, les op\u00e9rations de change, les webinaires de trading et la pr\u00e9voyance vieillesse sont de plus en plus souvent mis en avant.<\/p>\n\t\t\t\t<a href=\"\/fr\/portails\/alerte-dinities\/\" target=\"_self\" itemprop=\"url\" rel=\"noopener\">\n\t\t\t\t<img loading=\"lazy\" decoding=\"async\" src=\"https:\/\/www.ernsting.com\/wp-content\/uploads\/2021\/01\/Logo_Insider_Alarm_2020_web-02-300x108.png\" alt=\"Logo Insider Alarm 2020 Web 02\" itemprop=\"image\" height=\"108\" width=\"300\" title=\"Logo Insider Alarm 2020 Web 02\" onerror=\"this.style.display='none'\"  \/>\n\t\t\t\t<\/a>\n\t<h2>Insider-Alarm.de<\/h2>\n<p>Insider Alarm est le principal portail financier de langue allemande sur les op\u00e9rations des administrateurs et les d\u00e9lits d'initi\u00e9s. L'accent est mis sur les actions des indices DAX, MDAX et autres indices de la famille Dax. Les derniers achats et ventes d'initi\u00e9s sont affich\u00e9s quotidiennement.<\/p>\n\t\t\t\t<a href=\"\/fr\/portails\/choix-du-courtier\/\" target=\"_self\" itemprop=\"url\" rel=\"noopener\">\n\t\t\t\t<img loading=\"lazy\" decoding=\"async\" src=\"https:\/\/www.ernsting.com\/wp-content\/uploads\/2021\/01\/@brokerwahl-e1609973748887-300x115.jpg\" alt=\"Choix du courtier\" itemprop=\"image\" height=\"115\" width=\"300\" title=\"Choix du courtier\" onerror=\"this.style.display='none'\"  \/>\n\t\t\t\t<\/a>\n\t<h2>Brokerwahl.de<\/h2>\n<p>Depuis plus de 20 ans, les traders votent sur les performances des courtiers et \u00e9lisent chaque ann\u00e9e le courtier de l'ann\u00e9e dans diff\u00e9rentes cat\u00e9gories. La cat\u00e9gorie principale est l'\u00e9lection du \"Courtier en ligne de l'ann\u00e9e\". La prochaine \u00e9lection du courtier de l'ann\u00e9e 2021 d\u00e9butera le 1er mars 2021 et se terminera le 30 mars 2021.<\/p>\n\t<p>En orientant nos portails sp\u00e9cialement vers les personnes qui ont des affinit\u00e9s avec la finance et qui s'int\u00e9ressent depuis longtemps et de mani\u00e8re intensive \u00e0 ce domaine, vous vous adressez directement \u00e0 votre groupe cible.<\/p>\n<p>Si vous \u00eates int\u00e9ress\u00e9 par des campagnes d'image ou de r\u00e9ponse sur nos portails financiers, n'h\u00e9sitez pas \u00e0 contacter notre\u00a0<a title=\"Donn\u00e9es m\u00e9dias\" href=\"\/fr\/contact\/media\/\" target=\"_self\" rel=\"noopener\">Demander des donn\u00e9es m\u00e9diatiques<\/a>.<\/p>","protected":false},"excerpt":{"rendered":"<p>Finanzportale Unser Finanznetzwerk besteht aus vielen Special Interest Portalen, auf denen Sie aktuelle Informationen und Konditionen, ausf\u00fchrliche Portraits, umfangreiche Vergleiche und praktische Tools vorfinden. Unsere Schwerpunkte liegen dabei auf den Themen Brokerage, ETFs, Fonds, Kapitalanlage, Digitale Verm\u00f6gensanlage und Ratgeber zu aktuellen Finanzthemen. Durch diese Fokussierung ist eine zielgruppengerechte Positionierung der Themen ideal m\u00f6glich. Im Folgenden [&hellip;]<\/p>\n","protected":false},"author":2,"featured_media":0,"parent":0,"menu_order":2,"comment_status":"closed","ping_status":"closed","template":"","meta":{"footnotes":""},"class_list":["post-2312","page","type-page","status-publish","hentry","wpbf-post"],"_links":{"self":[{"href":"https:\/\/www.ernsting.com\/fr\/wp-json\/wp\/v2\/pages\/2312","targetHints":{"allow":["GET"]}}],"collection":[{"href":"https:\/\/www.ernsting.com\/fr\/wp-json\/wp\/v2\/pages"}],"about":[{"href":"https:\/\/www.ernsting.com\/fr\/wp-json\/wp\/v2\/types\/page"}],"author":[{"embeddable":true,"href":"https:\/\/www.ernsting.com\/fr\/wp-json\/wp\/v2\/users\/2"}],"replies":[{"embeddable":true,"href":"https:\/\/www.ernsting.com\/fr\/wp-json\/wp\/v2\/comments?post=2312"}],"version-history":[{"count":6,"href":"https:\/\/www.ernsting.com\/fr\/wp-json\/wp\/v2\/pages\/2312\/revisions"}],"predecessor-version":[{"id":2995,"href":"https:\/\/www.ernsting.com\/fr\/wp-json\/wp\/v2\/pages\/2312\/revisions\/2995"}],"wp:attachment":[{"href":"https:\/\/www.ernsting.com\/fr\/wp-json\/wp\/v2\/media?parent=2312"}],"curies":[{"name":"wp","href":"https:\/\/api.w.org\/{rel}","templated":true}]}}