{"id":2313,"date":"2017-08-23T09:59:59","date_gmt":"2017-08-23T08:59:59","guid":{"rendered":"https:\/\/www.ernsting.com\/broker-test-de\/"},"modified":"2021-01-17T22:41:52","modified_gmt":"2021-01-17T21:41:52","slug":"test-de-courtier","status":"publish","type":"page","link":"https:\/\/www.ernsting.com\/fr\/portails\/test-de-courtier\/","title":{"rendered":"Test des courtiers"},"content":{"rendered":"<h1>\n\t\tTest de courtier\n\t<\/h1>\n\t\t\t\t<a href=\"https:\/\/broker-test.de\" target=\"_blank\" rel=\"noopener\" itemprop=\"url\">\n\t\t\t\t<img loading=\"lazy\" decoding=\"async\" src=\"https:\/\/www.ernsting.com\/wp-content\/uploads\/2020\/12\/@brokertest-300x115.jpg\" alt=\"FINAL Logo Broker Test Large\" itemprop=\"image\" height=\"115\" width=\"300\" title=\"FINAL Logo Broker Test Large\" onerror=\"this.style.display='none'\"  \/>\n\t\t\t\t<\/a>\n\t<p>Sur Broker-Test.de, vous trouverez des informations ind\u00e9pendantes et actuelles sur : Courtiers en ligne, <a href=\"https:\/\/broker-test.de\/forex-broker\/\" target=\"_blank\" rel=\"noopener\">Courtier Forex<\/a>, courtiers CFD, NeoBroker &amp; Futures Broker. En plus de comparaisons compl\u00e8tes des meilleurs courtiers du march\u00e9 allemand, il y a aussi des comparaisons actuelles des prix et des frais des courtiers.<\/p>\n<p>En outre, Broker Test compare \u00e9galement les principaux fournisseurs de gestion de fortune num\u00e9rique, les robo advisors, et publie des mises \u00e0 jour du march\u00e9 chaque jour de bourse.<\/p>\n<h2>\n\t\tCaptures d'\u00e9cran de Broker-Test\n\t<\/h2>\n\t\t\t\t\t\t\t\t\t\t\t\t\t\t\t\t\t<a href=\"https:\/\/www.ernsting.com\/wp-content\/uploads\/2021\/01\/btde_tkrechner-1030x785.png\" target=\"_self\" data-caption=\"\" rel=\"noopener\">\n\t\t\t\t\t\t\t\t\t\t<\/a>\n\t\t\t\t\t\t\t\t\t\t\t\t\t\t\t\t\t<a href=\"https:\/\/www.ernsting.com\/wp-content\/uploads\/2021\/01\/btde_home-1030x785.png\" target=\"_self\" data-caption=\"\" rel=\"noopener\">\n\t\t\t\t\t\t\t\t\t\t<\/a>\n\t\t\t\t\t\t\t\t\t\t\t\t\t\t\t\t\t<a href=\"https:\/\/www.ernsting.com\/wp-content\/uploads\/2021\/01\/btde_robo-1030x785.png\" target=\"_self\" data-caption=\"\" rel=\"noopener\">\n\t\t\t\t\t\t\t\t\t\t<\/a>\n\t\t\t\t\t\t\t\t\t\t\t\t\t\t\t\t\t<a href=\"https:\/\/www.ernsting.com\/wp-content\/uploads\/2021\/01\/btde_webinare-1030x785.png\" target=\"_self\" data-caption=\"\" rel=\"noopener\">\n\t\t\t\t\t\t\t\t\t\t<\/a>\n\t\t\t\t\t\t\t\t\t\t\t\t\t\t\t\t\t<a href=\"https:\/\/www.ernsting.com\/wp-content\/uploads\/2021\/01\/btde_news-1030x785.png\" target=\"_self\" data-caption=\"\" rel=\"noopener\">\n\t\t\t\t\t\t\t\t\t\t<\/a>\n\t\t\t\t\t\t\t\t\t\t\t\t\t\t\t\t\t<a href=\"https:\/\/www.ernsting.com\/wp-content\/uploads\/2021\/01\/btde_broker-1030x785.png\" target=\"_self\" data-caption=\"\" rel=\"noopener\">\n\t\t\t\t\t\t\t\t\t\t<\/a>\n\t\t\t\t\t\t\t\t<!-- pagination -->\n\t<p>Cliquez ici pour acc\u00e9der directement \u00e0 <a href=\"https:\/\/broker-test.de\/\" target=\"_blank\" rel=\"noopener\">Test de courtier<\/a>Le portail financier leader en mati\u00e8re de courtage et de trading.<\/p>","protected":false},"excerpt":{"rendered":"<p>Broker Test Auf Broker-Test.de finden Sie unabh\u00e4ngige und aktuelle Informationen \u00fcber: Online Broker, Forex Broker, CFD Broker, NeoBroker &amp; Futures Broker. Neben umfangreichen Vergleichen der besten Broker im deutschen Markt gibt es auch aktuelle Brokervergleiche der Preise und Geb\u00fchren. Dar\u00fcber hinaus vergleicht Broker Test auch die f\u00fchrenden Anbieter der digitalen Verm\u00f6gensverwaltung, Robo Advisor, und ver\u00f6ffentlicht [&hellip;]<\/p>\n","protected":false},"author":2,"featured_media":0,"parent":2312,"menu_order":0,"comment_status":"closed","ping_status":"closed","template":"","meta":{"footnotes":""},"class_list":["post-2313","page","type-page","status-publish","hentry","wpbf-post"],"_links":{"self":[{"href":"https:\/\/www.ernsting.com\/fr\/wp-json\/wp\/v2\/pages\/2313","targetHints":{"allow":["GET"]}}],"collection":[{"href":"https:\/\/www.ernsting.com\/fr\/wp-json\/wp\/v2\/pages"}],"about":[{"href":"https:\/\/www.ernsting.com\/fr\/wp-json\/wp\/v2\/types\/page"}],"author":[{"embeddable":true,"href":"https:\/\/www.ernsting.com\/fr\/wp-json\/wp\/v2\/users\/2"}],"replies":[{"embeddable":true,"href":"https:\/\/www.ernsting.com\/fr\/wp-json\/wp\/v2\/comments?post=2313"}],"version-history":[{"count":21,"href":"https:\/\/www.ernsting.com\/fr\/wp-json\/wp\/v2\/pages\/2313\/revisions"}],"predecessor-version":[{"id":3024,"href":"https:\/\/www.ernsting.com\/fr\/wp-json\/wp\/v2\/pages\/2313\/revisions\/3024"}],"up":[{"embeddable":true,"href":"https:\/\/www.ernsting.com\/fr\/wp-json\/wp\/v2\/pages\/2312"}],"wp:attachment":[{"href":"https:\/\/www.ernsting.com\/fr\/wp-json\/wp\/v2\/media?parent=2313"}],"curies":[{"name":"wp","href":"https:\/\/api.w.org\/{rel}","templated":true}]}}