{"id":2317,"date":"2019-06-24T09:38:27","date_gmt":"2019-06-24T08:38:27","guid":{"rendered":"https:\/\/www.ernsting.com\/jobs\/"},"modified":"2025-03-20T12:35:06","modified_gmt":"2025-03-20T11:35:06","slug":"jobs","status":"publish","type":"page","link":"https:\/\/www.ernsting.com\/fr\/jobs\/","title":{"rendered":"Emplois"},"content":{"rendered":"<h2>Postes \u00e0 pourvoir<\/h2>\n<h3><\/h3>\n<h3>1) Programmeur WordPress - Freelancer, Home Office, \u00e0 temps partiel<\/h3>\n<p>Nous sommes actuellement \u00e0 la recherche d'un programmeur WordPress sur une base freelance pour une collaboration \u00e0 long terme.<\/p>\n<h3>2) Gestionnaire de donn\u00e9es - Freelancer, Home Office<\/h3>\n<p>Nous recherchons un gestionnaire de donn\u00e9es pour une collaboration \u00e0 long terme. Les t\u00e2ches principales sont la mise \u00e0 jour autonome des donn\u00e9es et le contr\u00f4le des donn\u00e9es.<\/p>\n<p>&nbsp;<\/p>\n<p><strong>Et maintenant ?<\/strong><\/p>\n<p>Merci de nous \u00e9crire directement dans le <a href=\"\/fr\/jobs\/programmeur\/\">Formulaire d'emploi de programmeur<\/a> ou dans le <a href=\"\/fr\/jobs\/gestionnaire-de-donnees\/\">Formulaire d'emploi de gestionnaire de donn\u00e9es<\/a>.<br \/>\nVous y trouverez \u00e9galement plus d'informations sur nos profils d'exigences.<\/p>\n<p><strong>Remarque :<\/strong><\/p>\n<p>Nous ne pouvons malheureusement pas r\u00e9pondre aux demandes par e-mail, en particulier de la part des portails d'emploi et des agences de recrutement, car le nombre de candidatures est d\u00e9sormais trop \u00e9lev\u00e9 et correspond rarement \u00e0 nos annonces ! Par cons\u00e9quent, veuillez vraiment tout envoyer via le formulaire \ud83d\ude0a<\/p>\n<p>&nbsp;<\/p>","protected":false},"excerpt":{"rendered":"<p>Offen Stellen 1) WordPress Programmierer &#8211; Freelancer, Home Office, nebenberuflich Derzeit suchen wir einen WordPress Programmierer auf Freelancer Basis f\u00fcr eine langfristige Zusammenarbeit. 2) Datenpfleger &#8211; Freelancer, Home Office Wir suchen einen Datenpfleger f\u00fcr eine langfristige Zusammenarbeit. Hauptaufgaben sind eigenst\u00e4ndige Datenpflege und Datenkontrolle. &nbsp; Und jetzt? Bitte schreib uns Du direkt hier im Programmierer Jobformular [&hellip;]<\/p>\n","protected":false},"author":2,"featured_media":0,"parent":0,"menu_order":3,"comment_status":"closed","ping_status":"closed","template":"","meta":{"footnotes":""},"class_list":["post-2317","page","type-page","status-publish","hentry","wpbf-post"],"_links":{"self":[{"href":"https:\/\/www.ernsting.com\/fr\/wp-json\/wp\/v2\/pages\/2317","targetHints":{"allow":["GET"]}}],"collection":[{"href":"https:\/\/www.ernsting.com\/fr\/wp-json\/wp\/v2\/pages"}],"about":[{"href":"https:\/\/www.ernsting.com\/fr\/wp-json\/wp\/v2\/types\/page"}],"author":[{"embeddable":true,"href":"https:\/\/www.ernsting.com\/fr\/wp-json\/wp\/v2\/users\/2"}],"replies":[{"embeddable":true,"href":"https:\/\/www.ernsting.com\/fr\/wp-json\/wp\/v2\/comments?post=2317"}],"version-history":[{"count":7,"href":"https:\/\/www.ernsting.com\/fr\/wp-json\/wp\/v2\/pages\/2317\/revisions"}],"predecessor-version":[{"id":3996,"href":"https:\/\/www.ernsting.com\/fr\/wp-json\/wp\/v2\/pages\/2317\/revisions\/3996"}],"wp:attachment":[{"href":"https:\/\/www.ernsting.com\/fr\/wp-json\/wp\/v2\/media?parent=2317"}],"curies":[{"name":"wp","href":"https:\/\/api.w.org\/{rel}","templated":true}]}}