{"id":2154,"date":"2020-12-29T22:14:17","date_gmt":"2020-12-29T21:14:17","guid":{"rendered":"https:\/\/www.ernsting.com\/?page_id=2154"},"modified":"2022-10-27T21:18:15","modified_gmt":"2022-10-27T20:18:15","slug":"programmatore","status":"publish","type":"page","link":"https:\/\/www.ernsting.com\/it\/lavori\/programmatore\/","title":{"rendered":"Programmatore"},"content":{"rendered":"\n<h1>\n\t\tStellenangebot WordPress Programmierer\n\t<\/h1>\n\t<p>Wir suchen einen WordPress Programmierer auf Freelancer Basis oder nebenberuflich f\u00fcr eine langfristige Zusammenarbeit.<\/p>\n<p>Wenn Du das mitbringst:<\/p>\n<ul>\n<li>Erfahrung in der Umsetzung von Projekten auf WordPress-Basis\u00a0(Frontend &amp; Backend)<\/li>\n<li>Umfassendes Verst\u00e4ndnisse von HTML, CSS und PHP<\/li>\n<li>Erfahrungen mit ACF + Extenions, CPT UI, WP Gridbuilder, Beaver Builder, Formidable Forms<\/li>\n<li>Unterschiedliche Systeme via API, Zapier, Webhook etc. zum sprechen zu bringen<\/li>\n<li>Selbstst\u00e4ndige und zielorientierte Arbeitsweise<\/li>\n<\/ul>\n<p>Und Dir das gef\u00e4llt:<\/p>\n<ul>\n<li>Eine angenehme, offene Unternehmens- und Arbeitskultur, die durch einen freundlichen und respektvollen Umgang gepr\u00e4gt ist<\/li>\n<li>Komplett von zu Hause arbeiten! Redaktionskonferenzen machen wir via Zoom oder \u00e4hnlichen Video-L\u00f6sungen<\/li>\n<li>Fehler machen ist erlaubt: schnell scheitern, neu denken, besser machen \ud83d\ude42<\/li>\n<\/ul>\n<p>Dann f\u00fcll doch bitte einfach kurz das Formular aus und wir melden uns bei Dir!<\/p>\n<h2>\n\t\tWordpress Programmierer Formular\n\t<\/h2>\n\t<div class=\"frm_forms  with_frm_style frm_style_new-style\" id=\"frm_form_1_container\" >\n<form enctype=\"multipart\/form-data\" method=\"post\" class=\"frm-show-form  frm_pro_form \" id=\"form_jobformular-programmierer\" >\n<div class=\"frm_form_fields \">\n<fieldset>\n<legend class=\"frm_screen_reader\">Job Formular - Programmierer<\/legend>\r\n\r\n<div class=\"frm_fields_container\">\n<input type=\"hidden\" name=\"frm_action\" value=\"create\" \/>\n<input type=\"hidden\" name=\"form_id\" value=\"1\" \/>\n<input type=\"hidden\" name=\"frm_hide_fields_1\" id=\"frm_hide_fields_1\" value=\"\" \/>\n<input type=\"hidden\" name=\"form_key\" value=\"jobformular-programmierer\" \/>\n<input type=\"hidden\" name=\"item_meta[0]\" value=\"\" \/>\n<input type=\"hidden\" id=\"frm_submit_entry_1\" name=\"frm_submit_entry_1\" value=\"e1f22800d5\" \/><input type=\"hidden\" name=\"_wp_http_referer\" value=\"\/it\/wp-json\/wp\/v2\/pages\/2154\" \/><div id=\"frm_field_4_container\" class=\"frm_form_field form-field  frm_required_field frm_top_container frm6 frm_first\">\r\n    <label for=\"field_4w22j\" id=\"field_4w22j_label\" class=\"frm_primary_label\">Vorname\r\n        <span class=\"frm_required\">*<\/span>\r\n    <\/label>\r\n    <input  type=\"text\" id=\"field_4w22j\" name=\"item_meta[4]\" value=\"\"  data-reqmsg=\"Vorname cannot be blank.\" aria-required=\"true\" data-invmsg=\"Text is invalid\" aria-invalid=\"false\"   aria-describedby=\"frm_desc_field_4w22j\" \/>\r\n    <div class=\"frm_description\" id=\"frm_desc_field_4w22j\">First Name<\/div>\r\n    \r\n<\/div>\n<div id=\"frm_field_5_container\" class=\"frm_form_field form-field  frm_required_field frm_top_container frm6\">\r\n    <label for=\"field_j5rug\" id=\"field_j5rug_label\" class=\"frm_primary_label\">Nachname\r\n        <span class=\"frm_required\">*<\/span>\r\n    <\/label>\r\n    <input  type=\"text\" id=\"field_j5rug\" name=\"item_meta[5]\" value=\"\"  data-reqmsg=\"Nachname cannot be blank.\" aria-required=\"true\" data-invmsg=\"Text is invalid\" aria-invalid=\"false\"   aria-describedby=\"frm_desc_field_j5rug\" \/>\r\n    <div class=\"frm_description\" id=\"frm_desc_field_j5rug\">Last Name<\/div>\r\n    \r\n<\/div>\n<div id=\"frm_field_855_container\" class=\"frm_form_field form-field  frm_required_field frm_top_container frm12 frm_first\">\r\n    <label for=\"field_9qq9q\" id=\"field_9qq9q_label\" class=\"frm_primary_label\">Aktuelle Firma\r\n        <span class=\"frm_required\">*<\/span>\r\n    <\/label>\r\n    <input  type=\"text\" id=\"field_9qq9q\" name=\"item_meta[855]\" value=\"\"  data-reqmsg=\"Aktuelle Firma cannot be blank.\" aria-required=\"true\" data-invmsg=\"Text is invalid\" aria-invalid=\"false\"   aria-describedby=\"frm_desc_field_9qq9q\" \/>\r\n    <div class=\"frm_description\" id=\"frm_desc_field_9qq9q\">Current company<\/div>\r\n    \r\n<\/div>\n<div id=\"frm_field_1_container\" class=\"frm_form_field form-field  frm_required_field frm_top_container frm6 frm_first\">\r\n    <label for=\"field_tjqwh\" id=\"field_tjqwh_label\" class=\"frm_primary_label\">E-Mail Adresse\r\n        <span class=\"frm_required\">*<\/span>\r\n    <\/label>\r\n    <input type=\"email\" id=\"field_tjqwh\" name=\"item_meta[1]\" value=\"\"  data-reqmsg=\"E-Mail Adresse cannot be blank.\" aria-required=\"true\" data-invmsg=\"Email is invalid\" aria-invalid=\"false\"   aria-describedby=\"frm_desc_field_tjqwh\"\/>\r\n    <div class=\"frm_description\" id=\"frm_desc_field_tjqwh\">Email<\/div>\r\n    \r\n<\/div>\n<div id=\"frm_field_1120_container\" class=\"frm_form_field form-field  frm_required_field frm_top_container frm6\">\r\n\t<label for=\"field_vqocu\" id=\"field_vqocu_label\" class=\"frm_primary_label\">Telefon\r\n\t\t<span class=\"frm_required\" aria-hidden=\"true\">*<\/span>\r\n\t<\/label>\r\n\t<input type=\"tel\" id=\"field_vqocu\" name=\"item_meta[1120]\" value=\"\"  data-reqmsg=\"Dieses Feld darf nicht leer sein.\" aria-required=\"true\" data-invmsg=\"Telefon is invalid\" class=\"frm-intl-tel-input\" aria-invalid=\"false\" pattern=\"\\+?\\d{1,4}[\\s\\-]?(?:\\(\\d{1,3}\\)[\\s\\-]?)?\\d{1,4}[\\s\\-]?\\d{1,4}[\\s\\-]?\\d{1,4}$\"   aria-describedby=\"frm_desc_field_vqocu\"\/>\r\n\t<div class=\"frm_description\" id=\"frm_desc_field_vqocu\">Phone<\/div>\r\n\t\r\n<\/div>\n<div id=\"frm_field_12_container\" class=\"frm_form_field  frm_html_container form-field\"><\/p>\n<h2>WO LIEGEN DEINE ST\u00c4RKEN?<\/h2>\n<p>Wir w\u00fcrden gerne vorab wissen, wo Du Deine St\u00e4rken siehst. Wir arbeiten mit vielen Freelancern und Agenturen zusammen und w\u00fcrden gerne jeden dort einsetzen, wo er am Besten ist. Zu jedem Thema kannst Du einen Wert zwischen 0 (kein Wissen) bis 10 (Experte) eingeben.<\/p><\/div>\n<div id=\"frm_field_28_container\" class=\"frm_form_field form-field  frm_required_field frm_top_container frm6 frm_first\">\r\n    <label for=\"field_fctax\" id=\"field_fctax_label\" class=\"frm_primary_label\">Wordpress\r\n        <span class=\"frm_required\">*<\/span>\r\n    <\/label>\r\n    <div class=\"frm_range_container\"><input  data-reqmsg=\"Wordpress cannot be blank.\" aria-required=\"true\" data-invmsg=\"Slider is invalid\" aria-invalid=\"false\"   min=\"0\" max=\"10\" step=\"1\" type=\"range\" id=\"field_fctax\" name=\"item_meta[28]\" value=\"\"data-frmval=\"\" data-frmrange \/><div class=\"frm-text-center\"><span class=\"frm_range_value\">5<\/span><\/div><\/div>\r\n    \r\n    \r\n<\/div>\n<div id=\"frm_field_30_container\" class=\"frm_form_field form-field  frm_required_field frm_top_container frm6\">\r\n    <label for=\"field_5jzxd\" id=\"field_5jzxd_label\" class=\"frm_primary_label\">ACF Pro\r\n        <span class=\"frm_required\">*<\/span>\r\n    <\/label>\r\n    <div class=\"frm_range_container\"><input  data-reqmsg=\"ACF Pro cannot be blank.\" aria-required=\"true\" data-invmsg=\"Slider is invalid\" aria-invalid=\"false\"   min=\"0\" max=\"10\" step=\"1\" type=\"range\" id=\"field_5jzxd\" name=\"item_meta[30]\" value=\"\"data-frmval=\"\" data-frmrange \/><div class=\"frm-text-center\"><span class=\"frm_range_value\">5<\/span><\/div><\/div>\r\n    \r\n    \r\n<\/div>\n<div id=\"frm_field_27_container\" class=\"frm_form_field form-field  frm_required_field frm_top_container frm6 frm_first\">\r\n    <label for=\"field_qmmkr\" id=\"field_qmmkr_label\" class=\"frm_primary_label\">PHP (Backend)\r\n        <span class=\"frm_required\">*<\/span>\r\n    <\/label>\r\n    <div class=\"frm_range_container\"><input  data-reqmsg=\"PHP (Backend) cannot be blank.\" aria-required=\"true\" data-invmsg=\"Slider is invalid\" aria-invalid=\"false\"   min=\"0\" max=\"10\" step=\"1\" type=\"range\" id=\"field_qmmkr\" name=\"item_meta[27]\" value=\"\"data-frmval=\"\" data-frmrange \/><div class=\"frm-text-center\"><span class=\"frm_range_value\">5<\/span><\/div><\/div>\r\n    \r\n    \r\n<\/div>\n<div id=\"frm_field_29_container\" class=\"frm_form_field form-field  frm_required_field frm_top_container frm6\">\r\n    <label for=\"field_6kv9e\" id=\"field_6kv9e_label\" class=\"frm_primary_label\">JS, JQuery, HTML5 & CSS (Frontend)\r\n        <span class=\"frm_required\">*<\/span>\r\n    <\/label>\r\n    <div class=\"frm_range_container\"><input  data-reqmsg=\"JS, JQuery, HTML5 &amp; CSS (Frontend) cannot be blank.\" aria-required=\"true\" data-invmsg=\"Slider is invalid\" aria-invalid=\"false\"   min=\"0\" max=\"10\" step=\"1\" type=\"range\" id=\"field_6kv9e\" name=\"item_meta[29]\" value=\"\"data-frmval=\"\" data-frmrange \/><div class=\"frm-text-center\"><span class=\"frm_range_value\">5<\/span><\/div><\/div>\r\n    \r\n    \r\n<\/div>\n<div id=\"frm_field_36_container\" class=\"frm_form_field form-field  frm_required_field frm_top_container frm6 frm_first\">\r\n    <label for=\"field_9017s\" id=\"field_9017s_label\" class=\"frm_primary_label\">Rank Math\r\n        <span class=\"frm_required\">*<\/span>\r\n    <\/label>\r\n    <div class=\"frm_range_container\"><input  data-reqmsg=\"Rank Math cannot be blank.\" aria-required=\"true\" data-invmsg=\"Slider is invalid\" aria-invalid=\"false\"   min=\"0\" max=\"10\" step=\"1\" type=\"range\" id=\"field_9017s\" name=\"item_meta[36]\" value=\"\"data-frmval=\"\" data-frmrange \/><div class=\"frm-text-center\"><span class=\"frm_range_value\">5<\/span><\/div><\/div>\r\n    \r\n    \r\n<\/div>\n<div id=\"frm_field_24_container\" class=\"frm_form_field form-field  frm_required_field frm_top_container frm6\">\r\n    <label for=\"field_5pjo7\" id=\"field_5pjo7_label\" class=\"frm_primary_label\">Page Speed Optimierung\r\n        <span class=\"frm_required\">*<\/span>\r\n    <\/label>\r\n    <div class=\"frm_range_container\"><input  data-reqmsg=\"Page Speed Optimierung cannot be blank.\" aria-required=\"true\" data-invmsg=\"Slider is invalid\" aria-invalid=\"false\"   min=\"0\" max=\"10\" step=\"1\" type=\"range\" id=\"field_5pjo7\" name=\"item_meta[24]\" value=\"\"data-frmval=\"\" data-frmrange \/><div class=\"frm-text-center\"><span class=\"frm_range_value\">5<\/span><\/div><\/div>\r\n    \r\n    \r\n<\/div>\n<div id=\"frm_field_45_container\" class=\"frm_form_field form-field  frm_required_field frm_top_container frm12 frm_first\">\r\n    <label for=\"field_dq19t\" id=\"field_dq19t_label\" class=\"frm_primary_label\">Wie h\u00e4ufig nutzt Du AI bei der Programmierung?\r\n        <span class=\"frm_required\">*<\/span>\r\n    <\/label>\r\n    <div class=\"frm_range_container\"><input  data-reqmsg=\"Wie h\u00e4ufig nutzt Du AI bei der Programmierung? cannot be blank.\" aria-required=\"true\" data-invmsg=\"Slider is invalid\" aria-invalid=\"false\"   aria-describedby=\"frm_desc_field_dq19t\" min=\"0\" max=\"10\" step=\"1\" type=\"range\" id=\"field_dq19t\" name=\"item_meta[45]\" value=\"\"data-frmval=\"\" data-frmrange \/><div class=\"frm-text-center\"><span class=\"frm_range_value\">5<\/span><\/div><\/div>\r\n    <div class=\"frm_description\" id=\"frm_desc_field_dq19t\">0 = Keine AI\r\n10 = immer<\/div>\r\n    \r\n<\/div>\n<div id=\"frm_field_927_container\" class=\"frm_form_field  frm_html_container form-field\"><\/div>\n<div id=\"frm_field_929_container\" class=\"frm_form_field form-field  frm_required_field frm_top_container frm4 frm_first\">\r\n    <label for=\"field_t034q\" id=\"field_t034q_label\" class=\"frm_primary_label\">Stundenlohn f\u00fcr 1-8 Stunden\/Woche\r\n        <span class=\"frm_required\" aria-hidden=\"true\">*<\/span>\r\n    <\/label>\r\n    <div class=\"frm_input_group frm_with_box frm_with_post\"><input type=\"number\" id=\"field_t034q\" name=\"item_meta[929]\" value=\"\" data-reqmsg=\"Dieses Feld darf nicht leer sein.\" aria-required=\"true\" data-invmsg=\"Number is invalid\" aria-invalid=\"false\"   min=\"0\" max=\"9999999\" step=\"any\" \/><span class=\"frm_inline_box\">Euro<\/span><\/div>\r\n    \r\n    \r\n<\/div>\n<div id=\"frm_field_930_container\" class=\"frm_form_field form-field  frm_required_field frm_top_container frm4\">\r\n    <label for=\"field_fceqk\" id=\"field_fceqk_label\" class=\"frm_primary_label\">Stundenlohn f\u00fcr 9-20 Stunden\/Woche\r\n        <span class=\"frm_required\" aria-hidden=\"true\">*<\/span>\r\n    <\/label>\r\n    <div class=\"frm_input_group frm_with_box frm_with_post\"><input type=\"number\" id=\"field_fceqk\" name=\"item_meta[930]\" value=\"\" data-reqmsg=\"Dieses Feld darf nicht leer sein.\" aria-required=\"true\" data-invmsg=\"Number is invalid\" aria-invalid=\"false\"   min=\"0\" max=\"9999999\" step=\"any\" \/><span class=\"frm_inline_box\">Euro<\/span><\/div>\r\n    \r\n    \r\n<\/div>\n<div id=\"frm_field_931_container\" class=\"frm_form_field form-field  frm_required_field frm_top_container frm4\">\r\n    <label for=\"field_esbt6\" id=\"field_esbt6_label\" class=\"frm_primary_label\">Stundenlohn f\u00fcr 20+ Stunden\/Woche\r\n        <span class=\"frm_required\" aria-hidden=\"true\">*<\/span>\r\n    <\/label>\r\n    <div class=\"frm_input_group frm_with_box frm_with_post\"><input type=\"number\" id=\"field_esbt6\" name=\"item_meta[931]\" value=\"\" data-reqmsg=\"Dieses Feld darf nicht leer sein.\" aria-required=\"true\" data-invmsg=\"Number is invalid\" aria-invalid=\"false\"   min=\"0\" max=\"9999999\" step=\"any\" \/><span class=\"frm_inline_box\">Euro<\/span><\/div>\r\n    \r\n    \r\n<\/div>\n<div id=\"frm_field_928_container\" class=\"frm_form_field  frm_html_container form-field\">\n<p><\/p>\n<\/div>\n<div id=\"frm_field_47_container\" class=\"frm_form_field form-field  frm_required_field frm_top_container\">\r\n    <label for=\"field_3xgu1\" id=\"field_3xgu1_label\" class=\"frm_primary_label\">Du kannst noch mehr?\r\n        <span class=\"frm_required\">*<\/span>\r\n    <\/label>\r\n    <textarea name=\"item_meta[47]\" id=\"field_3xgu1\" rows=\"4\"  placeholder=\"Bitte schreib uns, was Du sonst noch gut kannst! Oder welches Thema Dich gerade besonders interessiert ...\" data-reqmsg=\"Du kannst noch mehr? cannot be blank.\" aria-required=\"true\" data-invmsg=\"Du kannst noch mehr? is invalid\" aria-invalid=\"false\"  ><\/textarea>\r\n    \r\n    \r\n<\/div>\n<div id=\"frm_field_48_container\" class=\"frm_form_field form-field  frm_required_field frm_top_container\">\r\n    <label for=\"field_gjnzd\" id=\"field_gjnzd_label\" class=\"frm_primary_label\">Referenzen\r\n        <span class=\"frm_required\">*<\/span>\r\n    <\/label>\r\n    <textarea name=\"item_meta[48]\" id=\"field_gjnzd\" rows=\"4\"  placeholder=\"Bitte schreib hier ein paar Referenzen rein (inkl. URL) und was Du beim jeweiligen Projekt gemacht hast. Danke :)\" data-reqmsg=\"Referenzen cannot be blank.\" aria-required=\"true\" data-invmsg=\"Referenzen is invalid\" aria-invalid=\"false\"  ><\/textarea>\r\n    \r\n    \r\n<\/div>\n\t\t<input  type=\"hidden\" name=\"item_meta[856]\" id=\"field_jd260\" value=\"ecom-jobs-form\"  data-frmval=\"ecom-jobs-form\"   \/>\n\t\t<div id=\"frm_field_1118_container\" class=\"frm_form_field form-field  frm_none_container\">\r\n\t<label for=\"g-recaptcha-response\" id=\"field_5dnnz_label\" class=\"frm_primary_label\">Captcha\r\n\t\t<span class=\"frm_required\" aria-hidden=\"true\"><\/span>\r\n\t<\/label>\r\n\t<div  id=\"field_5dnnz\" class=\"frm-g-recaptcha\" data-sitekey=\"6LdFeL4ZAAAAAKbGPIMp9MpaTyAbI1jd323OOPMW\" data-size=\"invisible\" data-theme=\"light\"><\/div>\r\n\t\r\n\t\r\n<\/div>\n<div id=\"frm_field_1117_container\" class=\"frm_form_field form-field \">\r\n\t<div class=\"frm_submit\">\r\n\r\n<button class=\"frm_button_submit frm_final_submit\" type=\"submit\"   formnovalidate=\"formnovalidate\">Absenden<\/button>\r\n\r\n<\/div>\r\n<\/div>\n\t<input type=\"hidden\" name=\"item_key\" value=\"\" \/>\n\t\t\t<div id=\"frm_field_1135_container\">\n\t\t\t<label for=\"field_vmqkj\" >\n\t\t\t\tSe sei un essere umano, lascia questo campo vuoto.\t\t\t<\/label>\n\t\t\t<input  id=\"field_vmqkj\" type=\"text\" class=\"frm_form_field form-field frm_verify\" name=\"item_meta[1135]\" value=\"\"  \/>\n\t\t<\/div>\n\t\t<input name=\"frm_state\" type=\"hidden\" value=\"cq2giyX3Dv8YeISHh6UmGoAcksUpAepUlVNN8o9YTn0Q4yQre23MgrwmmsNpHz0X\" \/><\/div>\n<\/fieldset>\n<\/div>\n\n<\/form>\n<\/div>\n\n<p>&nbsp;<\/p>\n\n","protected":false},"excerpt":{"rendered":"<p>Stellenangebot WordPress Programmierer Wir suchen einen WordPress Programmierer auf Freelancer Basis oder nebenberuflich f\u00fcr eine langfristige Zusammenarbeit. Wenn Du das mitbringst: Erfahrung in der Umsetzung von Projekten auf WordPress-Basis\u00a0(Frontend &amp; Backend) Umfassendes Verst\u00e4ndnisse von HTML, CSS und PHP Erfahrungen mit ACF + Extenions, CPT UI, WP Gridbuilder, Beaver Builder, Formidable Forms Unterschiedliche Systeme via API, [&hellip;]<\/p>\n","protected":false},"author":2,"featured_media":0,"parent":2317,"menu_order":1,"comment_status":"closed","ping_status":"closed","template":"","meta":{"footnotes":""},"class_list":["post-2154","page","type-page","status-publish","hentry","wpbf-post"],"_links":{"self":[{"href":"https:\/\/www.ernsting.com\/it\/wp-json\/wp\/v2\/pages\/2154","targetHints":{"allow":["GET"]}}],"collection":[{"href":"https:\/\/www.ernsting.com\/it\/wp-json\/wp\/v2\/pages"}],"about":[{"href":"https:\/\/www.ernsting.com\/it\/wp-json\/wp\/v2\/types\/page"}],"author":[{"embeddable":true,"href":"https:\/\/www.ernsting.com\/it\/wp-json\/wp\/v2\/users\/2"}],"replies":[{"embeddable":true,"href":"https:\/\/www.ernsting.com\/it\/wp-json\/wp\/v2\/comments?post=2154"}],"version-history":[{"count":21,"href":"https:\/\/www.ernsting.com\/it\/wp-json\/wp\/v2\/pages\/2154\/revisions"}],"predecessor-version":[{"id":3721,"href":"https:\/\/www.ernsting.com\/it\/wp-json\/wp\/v2\/pages\/2154\/revisions\/3721"}],"up":[{"embeddable":true,"href":"https:\/\/www.ernsting.com\/it\/wp-json\/wp\/v2\/pages\/2317"}],"wp:attachment":[{"href":"https:\/\/www.ernsting.com\/it\/wp-json\/wp\/v2\/media?parent=2154"}],"curies":[{"name":"wp","href":"https:\/\/api.w.org\/{rel}","templated":true}]}}