{"id":2298,"date":"2017-08-22T18:14:05","date_gmt":"2017-08-22T17:14:05","guid":{"rendered":"https:\/\/www.ernsting.com\/insider-alarm\/"},"modified":"2021-01-17T22:41:33","modified_gmt":"2021-01-17T21:41:33","slug":"allarme-insider","status":"publish","type":"page","link":"https:\/\/www.ernsting.com\/it\/portali\/allarme-insider\/","title":{"rendered":"Insider-Alarm"},"content":{"rendered":"<h1>\n\t\tInsider Alarm\n\t<\/h1>\n\t\t\t\t<a href=\"https:\/\/www.insider-alarm.de\" target=\"_blank\" rel=\"noopener\" itemprop=\"url\">\n\t\t\t\t<img loading=\"lazy\" decoding=\"async\" src=\"https:\/\/www.ernsting.com\/wp-content\/uploads\/2021\/01\/Logo_Insider_Alarm_2020_web-02-300x108.png\" alt=\"Logo Insider Alarm 2020 Web 02\" itemprop=\"image\" height=\"108\" width=\"300\" title=\"Logo Insider Alarm 2020 Web 02\" onerror=\"this.style.display='none'\"  \/>\n\t\t\t\t<\/a>\n\t<p>L'Insider Alert \u00e8 un servizio di informazione che registra e analizza le transazioni dei cosiddetti insider sul mercato (i cosiddetti directors dealings). I dirigenti di societ\u00e0 quotate sono obbligati a segnalare le transazioni in azioni del loro datore di lavoro.<\/p>\n<p>Questi rapporti, per lo pi\u00f9 sotto forma di rapporti ad hoc, vengono filtrati ed elaborati. Il lettore viene informato direttamente via e-mail. Il servizio include anche un'analisi regolare del sentiment sul comportamento degli insider.<\/p>\n<p>Il servizio \u00e8 rivolto agli investitori professionali che desiderano trarre profitto dall'insider trading.<\/p>\n<h2>\n\t\tInsider Alarm Screenshots\n\t<\/h2>\n\t\t\t\t\t\t\t\t\t\t\t\t\t\t\t\t\t<a href=\"https:\/\/www.ernsting.com\/wp-content\/uploads\/2021\/01\/iade_insider-faq-1030x785.png\" target=\"_self\" data-caption=\"\" rel=\"noopener\">\n\t\t\t\t\t\t\t\t\t\t<\/a>\n\t\t\t\t\t\t\t\t\t\t\t\t\t\t\t\t\t<a href=\"https:\/\/www.ernsting.com\/wp-content\/uploads\/2021\/01\/iade_home-1030x785.png\" target=\"_self\" data-caption=\"\" rel=\"noopener\">\n\t\t\t\t\t\t\t\t\t\t<\/a>\n\t\t\t\t\t\t\t\t\t\t\t\t\t\t\t\t\t<a href=\"https:\/\/www.ernsting.com\/wp-content\/uploads\/2021\/01\/iade_sentiment-analysen-1030x785.png\" target=\"_self\" data-caption=\"\" rel=\"noopener\">\n\t\t\t\t\t\t\t\t\t\t<\/a>\n\t\t\t\t\t\t\t\t\t\t\t\t\t\t\t\t\t<a href=\"https:\/\/www.ernsting.com\/wp-content\/uploads\/2021\/01\/iade_bafin-hebt-schwellenwert-1030x785.png\" target=\"_self\" data-caption=\"\" rel=\"noopener\">\n\t\t\t\t\t\t\t\t\t\t<\/a>\n\t\t\t\t\t\t\t\t\t\t\t\t\t\t\t\t\t<a href=\"https:\/\/www.ernsting.com\/wp-content\/uploads\/2021\/01\/iade_directors-dealings-1030x785.png\" target=\"_self\" data-caption=\"\" rel=\"noopener\">\n\t\t\t\t\t\t\t\t\t\t<\/a>\n\t\t\t\t\t\t\t\t\t\t\t\t\t\t\t\t\t<a href=\"https:\/\/www.ernsting.com\/wp-content\/uploads\/2021\/01\/iade_trading-performance-1030x785.png\" target=\"_self\" data-caption=\"\" rel=\"noopener\">\n\t\t\t\t\t\t\t\t\t\t<\/a>\n\t\t\t\t\t\t\t\t<!-- pagination -->\n\t<p>Clicca qui per andare direttamente a Insider Alarm, il portale del mercato azionario su <a href=\"https:\/\/www.insider-alarm.de\" target=\"_blank\" rel=\"noopener\">Insider trading<\/a>.<\/p>","protected":false},"excerpt":{"rendered":"<p>Insider Alarm Der Insider-Alarm ist ein Informationsdienst, der die Transaktionen sogenannter Insider am Markt erfasst und analysiert (sog. Directors Dealings). F\u00fchrungspers\u00f6nlichkeiten b\u00f6rsennotierter Unternehmen sind verpflichtet, Gesch\u00e4fte mit Aktien ihres Arbeitgebers zu melden. Diese Meldungen, meist in Form von Adhoc Meldungen, werden gefiltert und aufbereitet. Der Leser wird hier\u00fcber direkt per E-Mail informiert. Das Angebot erstreckt [&hellip;]<\/p>\n","protected":false},"author":2,"featured_media":0,"parent":2312,"menu_order":3,"comment_status":"closed","ping_status":"closed","template":"","meta":{"footnotes":""},"class_list":["post-2298","page","type-page","status-publish","hentry","wpbf-post"],"_links":{"self":[{"href":"https:\/\/www.ernsting.com\/it\/wp-json\/wp\/v2\/pages\/2298","targetHints":{"allow":["GET"]}}],"collection":[{"href":"https:\/\/www.ernsting.com\/it\/wp-json\/wp\/v2\/pages"}],"about":[{"href":"https:\/\/www.ernsting.com\/it\/wp-json\/wp\/v2\/types\/page"}],"author":[{"embeddable":true,"href":"https:\/\/www.ernsting.com\/it\/wp-json\/wp\/v2\/users\/2"}],"replies":[{"embeddable":true,"href":"https:\/\/www.ernsting.com\/it\/wp-json\/wp\/v2\/comments?post=2298"}],"version-history":[{"count":7,"href":"https:\/\/www.ernsting.com\/it\/wp-json\/wp\/v2\/pages\/2298\/revisions"}],"predecessor-version":[{"id":3023,"href":"https:\/\/www.ernsting.com\/it\/wp-json\/wp\/v2\/pages\/2298\/revisions\/3023"}],"up":[{"embeddable":true,"href":"https:\/\/www.ernsting.com\/it\/wp-json\/wp\/v2\/pages\/2312"}],"wp:attachment":[{"href":"https:\/\/www.ernsting.com\/it\/wp-json\/wp\/v2\/media?parent=2298"}],"curies":[{"name":"wp","href":"https:\/\/api.w.org\/{rel}","templated":true}]}}