{"id":2305,"date":"2017-08-22T18:26:08","date_gmt":"2017-08-22T17:26:08","guid":{"rendered":"https:\/\/www.ernsting.com\/broker-test-de-trading-newsletter\/"},"modified":"2021-01-15T11:47:36","modified_gmt":"2021-01-15T10:47:36","slug":"broker-test-de-trading-newsletter","status":"publish","type":"page","link":"https:\/\/www.ernsting.com\/it\/newsletter\/broker-test-de-trading-newsletter\/","title":{"rendered":"Broker-Test.de-Trading-Newsletter"},"content":{"rendered":"<h1>\n\t\tBroker Test Trading Newsletter\n\t<\/h1>\n\t\t\t\t<a href=\"https:\/\/broker-test.de\/\" target=\"_blank\" rel=\"noopener\" itemprop=\"url\">\n\t\t\t\t<img loading=\"lazy\" decoding=\"async\" src=\"https:\/\/www.ernsting.com\/wp-content\/uploads\/2020\/12\/@brokertest.jpg\" alt=\"FINALE Logo Broker Test Grande\" itemprop=\"image\" height=\"307\" width=\"800\" title=\"FINALE Logo Broker Test Grande\" onerror=\"this.style.display='none'\"  \/>\n\t\t\t\t<\/a>\n\t<p>La newsletter di trading di Broker-Test.de viene pubblicata ogni luned\u00ec mattina all'inizio della sessione di trading con un'analisi dell'attuale ambiente di mercato e offre raccomandazioni di base su come gli investitori possono adattarsi al meglio alla situazione di mercato prevalente. Il focus principale \u00e8 sul Dax, su titoli interessanti e sui mercati dei cambi e delle materie prime.<\/p>\n<p>Guardiamo agli eventi attuali, forniamo una prospettiva per la prossima settimana di trading ed evidenziamo le tendenze generali e le opportunit\u00e0 di trading.<\/p>\n<p>La newsletter \u00e8 completata da informazioni di fondo dal campo dell'analisi tecnica e dalle ultime notizie.\u00a0<a href=\"https:\/\/broker-test.de\/trading-webinare\/\" target=\"_blank\" rel=\"noopener\">Webinar di trading<\/a>.<\/p>\n<h2>\n\t\tBroker Test Trading Newsletter\n\t<\/h2>\n\t\t\t\t\t\t\t\t\t\t\t\t\t\t\t\t\t<a href=\"https:\/\/www.ernsting.com\/wp-content\/uploads\/2021\/01\/btnl_opionen-cfds.png\" target=\"_self\" data-caption=\"\" rel=\"noopener\">\n\t\t\t\t\t\t\t\t\t\t<\/a>\n\t\t\t\t\t\t\t\t\t\t\t\t\t\t\t\t\t<a href=\"https:\/\/www.ernsting.com\/wp-content\/uploads\/2021\/01\/btnl_einleitung.png\" target=\"_self\" data-caption=\"\" rel=\"noopener\">\n\t\t\t\t\t\t\t\t\t\t<\/a>\n\t\t\t\t\t\t\t\t\t\t\t\t\t\t\t\t\t<a href=\"https:\/\/www.ernsting.com\/wp-content\/uploads\/2021\/01\/btnl_edelmetalle.png\" target=\"_self\" data-caption=\"\" rel=\"noopener\">\n\t\t\t\t\t\t\t\t\t\t<\/a>\n\t\t\t\t\t\t\t\t\t\t\t\t\t\t\t\t\t<a href=\"https:\/\/www.ernsting.com\/wp-content\/uploads\/2021\/01\/btnl_forex.png\" target=\"_self\" data-caption=\"\" rel=\"noopener\">\n\t\t\t\t\t\t\t\t\t\t<\/a>\n\t\t\t\t\t\t\t\t\t\t\t\t\t\t\t\t\t<a href=\"https:\/\/www.ernsting.com\/wp-content\/uploads\/2021\/01\/btnl_kryptos.png\" target=\"_self\" data-caption=\"\" rel=\"noopener\">\n\t\t\t\t\t\t\t\t\t\t<\/a>\n\t\t\t\t\t\t\t\t\t\t\t\t\t\t\t\t\t<a href=\"https:\/\/www.ernsting.com\/wp-content\/uploads\/2021\/01\/btnl_webinare.png\" target=\"_self\" data-caption=\"\" rel=\"noopener\">\n\t\t\t\t\t\t\t\t\t\t<\/a>\n\t\t\t\t\t\t\t\t\t\t\t\t\t\t\t\t\t<a href=\"https:\/\/www.ernsting.com\/wp-content\/uploads\/2021\/01\/btnl_forex-broker.png\" target=\"_self\" data-caption=\"\" rel=\"noopener\">\n\t\t\t\t\t\t\t\t\t\t<\/a>\n\t\t\t\t\t\t\t\t\t\t\t\t\t\t\t\t\t<a href=\"https:\/\/www.ernsting.com\/wp-content\/uploads\/2021\/01\/btnl_futures-broker.png\" target=\"_self\" data-caption=\"\" rel=\"noopener\">\n\t\t\t\t\t\t\t\t\t\t<\/a>\n\t\t\t\t\t\t\t\t<!-- pagination -->\n\t<p>Perch\u00e9 non registrarsi direttamente al\u00a0<a href=\"https:\/\/www.broker-test.de\/newsletter\/\" target=\"_blank\" rel=\"noopener\">Broker-Test.de Bollettino di trading<\/a>\u00a0su!<\/p>","protected":false},"excerpt":{"rendered":"<p>Broker-Test Trading Newsletter Der Broker-Test.de-Trading-Newsletter erscheint jeden Montag Morgen zum B\u00f6rsenstart mit einer Analyse des aktuellen Marktumfeldes und bietet grunds\u00e4tzlichen Empfehlungen, wie sich Anleger am Besten auf die vorherrschende Marktlage einstellen k\u00f6nnen. Betrachtet wird dabei vor allem der Dax, interessante Wertpapiere sowie der Devisen- und Rohstoffmarkt. Wir befassen uns mit aktuellen Ereignissen, geben einen Ausblick [&hellip;]<\/p>\n","protected":false},"author":2,"featured_media":0,"parent":2300,"menu_order":0,"comment_status":"closed","ping_status":"closed","template":"","meta":{"footnotes":""},"class_list":["post-2305","page","type-page","status-publish","hentry","wpbf-post"],"_links":{"self":[{"href":"https:\/\/www.ernsting.com\/it\/wp-json\/wp\/v2\/pages\/2305","targetHints":{"allow":["GET"]}}],"collection":[{"href":"https:\/\/www.ernsting.com\/it\/wp-json\/wp\/v2\/pages"}],"about":[{"href":"https:\/\/www.ernsting.com\/it\/wp-json\/wp\/v2\/types\/page"}],"author":[{"embeddable":true,"href":"https:\/\/www.ernsting.com\/it\/wp-json\/wp\/v2\/users\/2"}],"replies":[{"embeddable":true,"href":"https:\/\/www.ernsting.com\/it\/wp-json\/wp\/v2\/comments?post=2305"}],"version-history":[{"count":5,"href":"https:\/\/www.ernsting.com\/it\/wp-json\/wp\/v2\/pages\/2305\/revisions"}],"predecessor-version":[{"id":2936,"href":"https:\/\/www.ernsting.com\/it\/wp-json\/wp\/v2\/pages\/2305\/revisions\/2936"}],"up":[{"embeddable":true,"href":"https:\/\/www.ernsting.com\/it\/wp-json\/wp\/v2\/pages\/2300"}],"wp:attachment":[{"href":"https:\/\/www.ernsting.com\/it\/wp-json\/wp\/v2\/media?parent=2305"}],"curies":[{"name":"wp","href":"https:\/\/api.w.org\/{rel}","templated":true}]}}