{"id":2307,"date":"2017-08-22T18:27:04","date_gmt":"2017-08-22T17:27:04","guid":{"rendered":"https:\/\/www.ernsting.com\/finanzinfos-am-wochenende\/"},"modified":"2024-04-14T19:21:10","modified_gmt":"2024-04-14T18:21:10","slug":"informazioni-finanziarie-nel-fine-settimana","status":"publish","type":"page","link":"https:\/\/www.ernsting.com\/it\/newsletter\/informazioni-finanziarie-nel-fine-settimana\/","title":{"rendered":"Finanzinfos am Wochenende"},"content":{"rendered":"<h1>\n\t\tFinanzinfos am Wochenende\n\t<\/h1>\n\t\t\t\t<a href=\"https:\/\/broker-test.de\/\" target=\"_blank\" rel=\"noopener\" itemprop=\"url\">\n\t\t\t\t<img loading=\"lazy\" decoding=\"async\" src=\"https:\/\/www.ernsting.com\/wp-content\/uploads\/2020\/12\/@brokertest.jpg\" alt=\"FINALE Logo Broker Test Grande\" itemprop=\"image\" height=\"307\" width=\"800\" title=\"FINALE Logo Broker Test Grande\" onerror=\"this.style.display='none'\"  \/>\n\t\t\t\t<\/a>\n\t<p>La newsletter \"Finanzinfos am Wochenende\", pubblicata settimanalmente la domenica mattina, fornisce informazioni sulle notizie pi\u00f9 importanti nei settori dell'analisi di mercato, degli investimenti, dell'intermediazione, della gestione degli asset digitali, dell'accumulo di ricchezza, della previdenza, dell'oro e delle materie prime, degli immobili, delle imposte e delle successioni, delle criptovalute, delle obbligazioni, dei certificati, dei fondi e degli ETF.<\/p>\n<p>Inoltre, le nuove offerte e le condizioni attuali sono evidenziate per ogni argomento.<\/p>\n<p>Con oltre 155.000 lettori, la newsletter Finanzinfos am Wochenende \u00e8 la nostra newsletter con il pi\u00f9 ampio raggio d'azione e un pubblico molto attento alle questioni finanziarie.<\/p>\n<h2>\n\t\tFinanzinfos am Wochenende\n\t<\/h2>\n\t\t\t\t\t\t\t\t\t\t\t\t\t\t\t\t\t<a href=\"https:\/\/www.ernsting.com\/wp-content\/uploads\/2021\/01\/famw_dividenden.png\" target=\"_self\" data-caption=\"\" rel=\"noopener\">\n\t\t\t\t\t\t\t\t\t\t<\/a>\n\t\t\t\t\t\t\t\t\t\t\t\t\t\t\t\t\t<a href=\"https:\/\/www.ernsting.com\/wp-content\/uploads\/2021\/01\/famw_einleitung.png\" target=\"_self\" data-caption=\"\" rel=\"noopener\">\n\t\t\t\t\t\t\t\t\t\t<\/a>\n\t\t\t\t\t\t\t\t\t\t\t\t\t\t\t\t\t<a href=\"https:\/\/www.ernsting.com\/wp-content\/uploads\/2021\/01\/famw_broker-verleich.png\" target=\"_self\" data-caption=\"\" rel=\"noopener\">\n\t\t\t\t\t\t\t\t\t\t<\/a>\n\t\t\t\t\t\t\t\t\t\t\t\t\t\t\t\t\t<a href=\"https:\/\/www.ernsting.com\/wp-content\/uploads\/2021\/01\/famw_robo-advisor.png\" target=\"_self\" data-caption=\"\" rel=\"noopener\">\n\t\t\t\t\t\t\t\t\t\t<\/a>\n\t\t\t\t\t\t\t\t\t\t\t\t\t\t\t\t\t<a href=\"https:\/\/www.ernsting.com\/wp-content\/uploads\/2021\/01\/famw_altersvorsorge.png\" target=\"_self\" data-caption=\"\" rel=\"noopener\">\n\t\t\t\t\t\t\t\t\t\t<\/a>\n\t\t\t\t\t\t\t\t\t\t\t\t\t\t\t\t\t<a href=\"https:\/\/www.ernsting.com\/wp-content\/uploads\/2021\/01\/famw_immobilien.png\" target=\"_self\" data-caption=\"\" rel=\"noopener\">\n\t\t\t\t\t\t\t\t\t\t<\/a>\n\t\t\t\t\t\t\t\t\t\t\t\t\t\t\t\t\t<a href=\"https:\/\/www.ernsting.com\/wp-content\/uploads\/2021\/01\/famw_robo-news.png\" target=\"_self\" data-caption=\"\" rel=\"noopener\">\n\t\t\t\t\t\t\t\t\t\t<\/a>\n\t\t\t\t\t\t\t\t\t\t\t\t\t\t\t\t\t<a href=\"https:\/\/www.ernsting.com\/wp-content\/uploads\/2021\/01\/famw_broker-news.png\" target=\"_self\" data-caption=\"\" rel=\"noopener\">\n\t\t\t\t\t\t\t\t\t\t<\/a>\n\t\t\t\t\t\t<!-- pagination -->\n\t<p>Qui potete andare direttamente al <a href=\"https:\/\/broker-test.de\/newsletter\/\" target=\"_blank\" rel=\"noopener\">Finanzinfos am Wochenende Newsletter<\/a> registrarsi!<\/p>","protected":false},"excerpt":{"rendered":"<p>Finanzinfos am Wochenende Der w\u00f6chentlich jeweils am Sonntag Morgen erscheinende \u201eFinanzinfos am Wochenende&#8220; Newsletter informiert \u00fcber die wichtigsten Meldungen aus den Bereichen Marktanalyse, Geldanlage, Brokerage, digitale Verm\u00f6gensverwaltung, Verm\u00f6gensaufbau, Altersvorsorge, Gold &amp; Rohstoffe, Immobilien, Steuern &amp; Erben,Kryptow\u00e4hrungen, Anleihen, Zertifikate, Fonds und ETFs. Je Thema wird zudem auf neue Angebote und aktuelle Konditionen hingewiesen. Mit \u00fcber 155.000 [&hellip;]<\/p>\n","protected":false},"author":2,"featured_media":0,"parent":2300,"menu_order":2,"comment_status":"closed","ping_status":"closed","template":"","meta":{"footnotes":""},"class_list":["post-2307","page","type-page","status-publish","hentry","wpbf-post"],"_links":{"self":[{"href":"https:\/\/www.ernsting.com\/it\/wp-json\/wp\/v2\/pages\/2307","targetHints":{"allow":["GET"]}}],"collection":[{"href":"https:\/\/www.ernsting.com\/it\/wp-json\/wp\/v2\/pages"}],"about":[{"href":"https:\/\/www.ernsting.com\/it\/wp-json\/wp\/v2\/types\/page"}],"author":[{"embeddable":true,"href":"https:\/\/www.ernsting.com\/it\/wp-json\/wp\/v2\/users\/2"}],"replies":[{"embeddable":true,"href":"https:\/\/www.ernsting.com\/it\/wp-json\/wp\/v2\/comments?post=2307"}],"version-history":[{"count":7,"href":"https:\/\/www.ernsting.com\/it\/wp-json\/wp\/v2\/pages\/2307\/revisions"}],"predecessor-version":[{"id":3961,"href":"https:\/\/www.ernsting.com\/it\/wp-json\/wp\/v2\/pages\/2307\/revisions\/3961"}],"up":[{"embeddable":true,"href":"https:\/\/www.ernsting.com\/it\/wp-json\/wp\/v2\/pages\/2300"}],"wp:attachment":[{"href":"https:\/\/www.ernsting.com\/it\/wp-json\/wp\/v2\/media?parent=2307"}],"curies":[{"name":"wp","href":"https:\/\/api.w.org\/{rel}","templated":true}]}}