{"id":2308,"date":"2017-08-22T18:27:50","date_gmt":"2017-08-22T17:27:50","guid":{"rendered":"https:\/\/www.ernsting.com\/kapitalanlagen-newsletter\/"},"modified":"2021-12-14T13:35:46","modified_gmt":"2021-12-14T12:35:46","slug":"newsletter-sugli-investimenti","status":"publish","type":"page","link":"https:\/\/www.ernsting.com\/it\/newsletter\/newsletter-sugli-investimenti\/","title":{"rendered":"Kapitalanlagen Newsletter"},"content":{"rendered":"<p>Il mondo degli investimenti di capitale \u00e8 molto vario. Cos\u00ec, agli investitori privati vengono offerte molte alternative interessanti oltre al classico investimento azionario.<\/p>\n<p>Questo include anche i fondi e gli ETF. Con questi, gli investitori hanno l'opportunit\u00e0 di diffondere il loro rischio e allo stesso tempo trarre profitto da mercati in cui \u00e8 difficile investire in azioni individualmente. Cos\u00ec, i focus di investimento tematici come materie prime, high-tech o farmaceutici possono essere serviti altrettanto bene come quelli regionali, ad esempio Cina, India, Africa, ...<\/p>\n<p>Inoltre, gli ETF offrono un'alternativa economica ai fondi gestiti. E in alcune costellazioni ti permettono anche di investire con una piccola leva o di approfittare del calo dei prezzi delle azioni.<\/p>\n<p>Per gli investitori che amano sfruttare i loro profitti, ci sono una variet\u00e0 di certificati disponibili. Inoltre, i movimenti laterali del mercato possono anche essere utilizzati per il proprio successo.<\/p>\n<p>Nella Capital Investment Newsletter diamo ai nostri lettori una visione pi\u00f9 profonda delle varie alternative. Inoltre, vengono presentati prodotti ed eventi.<\/p>","protected":false},"excerpt":{"rendered":"<p>Die Welt der Kapitalanlagen ist sehr vielseitig. So werden privaten Anlegern neben der klassischen Aktienanlage viele interessante Alternativen geboten. Hierzu geh\u00f6ren auch Fonds und ETFs. Mit diesen haben Anleger die M\u00f6glichkeit, ihr Risiko zu streuen und gleichzeitig von M\u00e4rkten zu profitieren, in denen eine Einzelinvestment in Aktien nur schwer m\u00f6glich ist. So k\u00f6nnen thematische Anlageschwerpunkte [&hellip;]<\/p>\n","protected":false},"author":2,"featured_media":0,"parent":2300,"menu_order":3,"comment_status":"closed","ping_status":"closed","template":"","meta":{"footnotes":""},"class_list":["post-2308","page","type-page","status-publish","hentry","wpbf-post"],"_links":{"self":[{"href":"https:\/\/www.ernsting.com\/it\/wp-json\/wp\/v2\/pages\/2308","targetHints":{"allow":["GET"]}}],"collection":[{"href":"https:\/\/www.ernsting.com\/it\/wp-json\/wp\/v2\/pages"}],"about":[{"href":"https:\/\/www.ernsting.com\/it\/wp-json\/wp\/v2\/types\/page"}],"author":[{"embeddable":true,"href":"https:\/\/www.ernsting.com\/it\/wp-json\/wp\/v2\/users\/2"}],"replies":[{"embeddable":true,"href":"https:\/\/www.ernsting.com\/it\/wp-json\/wp\/v2\/comments?post=2308"}],"version-history":[{"count":4,"href":"https:\/\/www.ernsting.com\/it\/wp-json\/wp\/v2\/pages\/2308\/revisions"}],"predecessor-version":[{"id":3300,"href":"https:\/\/www.ernsting.com\/it\/wp-json\/wp\/v2\/pages\/2308\/revisions\/3300"}],"up":[{"embeddable":true,"href":"https:\/\/www.ernsting.com\/it\/wp-json\/wp\/v2\/pages\/2300"}],"wp:attachment":[{"href":"https:\/\/www.ernsting.com\/it\/wp-json\/wp\/v2\/media?parent=2308"}],"curies":[{"name":"wp","href":"https:\/\/api.w.org\/{rel}","templated":true}]}}