{"id":2317,"date":"2019-06-24T09:38:27","date_gmt":"2019-06-24T08:38:27","guid":{"rendered":"https:\/\/www.ernsting.com\/jobs\/"},"modified":"2025-03-20T12:35:06","modified_gmt":"2025-03-20T11:35:06","slug":"lavori","status":"publish","type":"page","link":"https:\/\/www.ernsting.com\/it\/lavori\/","title":{"rendered":"Lavori"},"content":{"rendered":"<h2>Posizioni aperte<\/h2>\n<h3><\/h3>\n<h3>1) Programmatore WordPress - Freelancer, Home Office, Part-time<\/h3>\n<p>Siamo attualmente alla ricerca di un programmatore WordPress su base freelance per una collaborazione a lungo termine.<\/p>\n<h3>2) Elaboratore dati - libero professionista, ufficio a domicilio<\/h3>\n<p>Stiamo cercando un amministratore di dati per una collaborazione a lungo termine. I compiti principali sono la manutenzione indipendente e il controllo dei dati.<\/p>\n<p>&nbsp;<\/p>\n<p><strong>E ora?<\/strong><\/p>\n<p>Scriveteci direttamente qui nella sezione <a href=\"\/it\/lavori\/programmatore\/\">Modulo di lavoro programmatore<\/a> o nel <a href=\"\/it\/lavori\/custode-dei-dati\/\">Modulo per il responsabile del trattamento dei dati<\/a>.<br \/>\nL\u00ec troverete anche maggiori informazioni sui nostri profili dei requisiti.<\/p>\n<p><strong>Suggerimento:<\/strong><\/p>\n<p>Purtroppo non possiamo rispondere alle richieste di informazioni via e-mail, soprattutto quelle provenienti da portali di lavoro e agenzie di reclutamento, poich\u00e9 il numero di candidature \u00e8 ormai troppo elevato e raramente corrisponde ai nostri annunci di lavoro! Pertanto, vi invitiamo a inviare tutto tramite il modulo \ud83d\ude0a<\/p>\n<p>&nbsp;<\/p>","protected":false},"excerpt":{"rendered":"<p>Offen Stellen 1) WordPress Programmierer &#8211; Freelancer, Home Office, nebenberuflich Derzeit suchen wir einen WordPress Programmierer auf Freelancer Basis f\u00fcr eine langfristige Zusammenarbeit. 2) Datenpfleger &#8211; Freelancer, Home Office Wir suchen einen Datenpfleger f\u00fcr eine langfristige Zusammenarbeit. Hauptaufgaben sind eigenst\u00e4ndige Datenpflege und Datenkontrolle. &nbsp; Und jetzt? Bitte schreib uns Du direkt hier im Programmierer Jobformular [&hellip;]<\/p>\n","protected":false},"author":2,"featured_media":0,"parent":0,"menu_order":3,"comment_status":"closed","ping_status":"closed","template":"","meta":{"footnotes":""},"class_list":["post-2317","page","type-page","status-publish","hentry","wpbf-post"],"_links":{"self":[{"href":"https:\/\/www.ernsting.com\/it\/wp-json\/wp\/v2\/pages\/2317","targetHints":{"allow":["GET"]}}],"collection":[{"href":"https:\/\/www.ernsting.com\/it\/wp-json\/wp\/v2\/pages"}],"about":[{"href":"https:\/\/www.ernsting.com\/it\/wp-json\/wp\/v2\/types\/page"}],"author":[{"embeddable":true,"href":"https:\/\/www.ernsting.com\/it\/wp-json\/wp\/v2\/users\/2"}],"replies":[{"embeddable":true,"href":"https:\/\/www.ernsting.com\/it\/wp-json\/wp\/v2\/comments?post=2317"}],"version-history":[{"count":7,"href":"https:\/\/www.ernsting.com\/it\/wp-json\/wp\/v2\/pages\/2317\/revisions"}],"predecessor-version":[{"id":3996,"href":"https:\/\/www.ernsting.com\/it\/wp-json\/wp\/v2\/pages\/2317\/revisions\/3996"}],"wp:attachment":[{"href":"https:\/\/www.ernsting.com\/it\/wp-json\/wp\/v2\/media?parent=2317"}],"curies":[{"name":"wp","href":"https:\/\/api.w.org\/{rel}","templated":true}]}}