{"id":2305,"date":"2017-08-22T18:26:08","date_gmt":"2017-08-22T17:26:08","guid":{"rendered":"https:\/\/www.ernsting.com\/broker-test-de-trading-newsletter\/"},"modified":"2021-01-15T11:47:36","modified_gmt":"2021-01-15T10:47:36","slug":"broker-test-de-handel-nieuwsbrief","status":"publish","type":"page","link":"https:\/\/www.ernsting.com\/nl\/nieuwsbrief\/broker-test-de-handel-nieuwsbrief\/","title":{"rendered":"Makelaar-Test.de-Trading-Nieuwsbrief"},"content":{"rendered":"<h1>\n\t\tBroker Test Trading Nieuwsbrief\n\t<\/h1>\n\t\t\t\t<a href=\"https:\/\/broker-test.de\/\" target=\"_blank\" rel=\"noopener\" itemprop=\"url\">\n\t\t\t\t<img loading=\"lazy\" decoding=\"async\" src=\"https:\/\/www.ernsting.com\/wp-content\/uploads\/2020\/12\/@brokertest.jpg\" alt=\"EINDE Logo Makelaar Test Groot\" itemprop=\"image\" height=\"307\" width=\"800\" title=\"EINDE Logo Makelaar Test Groot\" onerror=\"this.style.display='none'\"  \/>\n\t\t\t\t<\/a>\n\t<p>De trading nieuwsbrief van Broker-Test.de verschijnt elke maandagochtend aan het begin van de handelssessie met een analyse van het huidige marktklimaat en biedt basisaanbevelingen over hoe beleggers zich het beste kunnen aanpassen aan de heersende marktsituatie. De aandacht gaat vooral uit naar de Dax, interessante effecten, alsmede de deviezen- en grondstoffenmarkten.<\/p>\n<p>Wij kijken naar de actualiteit, geven een vooruitblik voor de komende handelsweek en belichten algemene trends en handelsmogelijkheden.<\/p>\n<p>De nieuwsbrief wordt aangevuld met achtergrondinformatie op het gebied van technische analyse en met het laatste nieuws.\u00a0<a href=\"https:\/\/broker-test.de\/trading-webinare\/\" target=\"_blank\" rel=\"noopener\">Handel webinars<\/a>.<\/p>\n<h2>\n\t\tBroker Test Trading Nieuwsbrief\n\t<\/h2>\n\t\t\t\t\t\t\t\t\t\t\t\t\t\t\t\t\t<a href=\"https:\/\/www.ernsting.com\/wp-content\/uploads\/2021\/01\/btnl_opionen-cfds.png\" target=\"_self\" data-caption=\"\" rel=\"noopener\">\n\t\t\t\t\t\t\t\t\t\t<\/a>\n\t\t\t\t\t\t\t\t\t\t\t\t\t\t\t\t\t<a href=\"https:\/\/www.ernsting.com\/wp-content\/uploads\/2021\/01\/btnl_einleitung.png\" target=\"_self\" data-caption=\"\" rel=\"noopener\">\n\t\t\t\t\t\t\t\t\t\t<\/a>\n\t\t\t\t\t\t\t\t\t\t\t\t\t\t\t\t\t<a href=\"https:\/\/www.ernsting.com\/wp-content\/uploads\/2021\/01\/btnl_edelmetalle.png\" target=\"_self\" data-caption=\"\" rel=\"noopener\">\n\t\t\t\t\t\t\t\t\t\t<\/a>\n\t\t\t\t\t\t\t\t\t\t\t\t\t\t\t\t\t<a href=\"https:\/\/www.ernsting.com\/wp-content\/uploads\/2021\/01\/btnl_forex.png\" target=\"_self\" data-caption=\"\" rel=\"noopener\">\n\t\t\t\t\t\t\t\t\t\t<\/a>\n\t\t\t\t\t\t\t\t\t\t\t\t\t\t\t\t\t<a href=\"https:\/\/www.ernsting.com\/wp-content\/uploads\/2021\/01\/btnl_kryptos.png\" target=\"_self\" data-caption=\"\" rel=\"noopener\">\n\t\t\t\t\t\t\t\t\t\t<\/a>\n\t\t\t\t\t\t\t\t\t\t\t\t\t\t\t\t\t<a href=\"https:\/\/www.ernsting.com\/wp-content\/uploads\/2021\/01\/btnl_webinare.png\" target=\"_self\" data-caption=\"\" rel=\"noopener\">\n\t\t\t\t\t\t\t\t\t\t<\/a>\n\t\t\t\t\t\t\t\t\t\t\t\t\t\t\t\t\t<a href=\"https:\/\/www.ernsting.com\/wp-content\/uploads\/2021\/01\/btnl_forex-broker.png\" target=\"_self\" data-caption=\"\" rel=\"noopener\">\n\t\t\t\t\t\t\t\t\t\t<\/a>\n\t\t\t\t\t\t\t\t\t\t\t\t\t\t\t\t\t<a href=\"https:\/\/www.ernsting.com\/wp-content\/uploads\/2021\/01\/btnl_futures-broker.png\" target=\"_self\" data-caption=\"\" rel=\"noopener\">\n\t\t\t\t\t\t\t\t\t\t<\/a>\n\t\t\t\t\t\t\t\t<!-- pagination -->\n\t<p>Waarom registreert u zich niet direct voor de\u00a0<a href=\"https:\/\/www.broker-test.de\/newsletter\/\" target=\"_blank\" rel=\"noopener\">Broker-Test.de Handels-Nieuwsbrief<\/a>\u00a0op!<\/p>","protected":false},"excerpt":{"rendered":"<p>Broker-Test Trading Newsletter Der Broker-Test.de-Trading-Newsletter erscheint jeden Montag Morgen zum B\u00f6rsenstart mit einer Analyse des aktuellen Marktumfeldes und bietet grunds\u00e4tzlichen Empfehlungen, wie sich Anleger am Besten auf die vorherrschende Marktlage einstellen k\u00f6nnen. Betrachtet wird dabei vor allem der Dax, interessante Wertpapiere sowie der Devisen- und Rohstoffmarkt. Wir befassen uns mit aktuellen Ereignissen, geben einen Ausblick [&hellip;]<\/p>\n","protected":false},"author":2,"featured_media":0,"parent":2300,"menu_order":0,"comment_status":"closed","ping_status":"closed","template":"","meta":{"footnotes":""},"class_list":["post-2305","page","type-page","status-publish","hentry","wpbf-post"],"_links":{"self":[{"href":"https:\/\/www.ernsting.com\/nl\/wp-json\/wp\/v2\/pages\/2305","targetHints":{"allow":["GET"]}}],"collection":[{"href":"https:\/\/www.ernsting.com\/nl\/wp-json\/wp\/v2\/pages"}],"about":[{"href":"https:\/\/www.ernsting.com\/nl\/wp-json\/wp\/v2\/types\/page"}],"author":[{"embeddable":true,"href":"https:\/\/www.ernsting.com\/nl\/wp-json\/wp\/v2\/users\/2"}],"replies":[{"embeddable":true,"href":"https:\/\/www.ernsting.com\/nl\/wp-json\/wp\/v2\/comments?post=2305"}],"version-history":[{"count":5,"href":"https:\/\/www.ernsting.com\/nl\/wp-json\/wp\/v2\/pages\/2305\/revisions"}],"predecessor-version":[{"id":2936,"href":"https:\/\/www.ernsting.com\/nl\/wp-json\/wp\/v2\/pages\/2305\/revisions\/2936"}],"up":[{"embeddable":true,"href":"https:\/\/www.ernsting.com\/nl\/wp-json\/wp\/v2\/pages\/2300"}],"wp:attachment":[{"href":"https:\/\/www.ernsting.com\/nl\/wp-json\/wp\/v2\/media?parent=2305"}],"curies":[{"name":"wp","href":"https:\/\/api.w.org\/{rel}","templated":true}]}}