{"id":2317,"date":"2019-06-24T09:38:27","date_gmt":"2019-06-24T08:38:27","guid":{"rendered":"https:\/\/www.ernsting.com\/jobs\/"},"modified":"2025-03-20T12:35:06","modified_gmt":"2025-03-20T11:35:06","slug":"banen","status":"publish","type":"page","link":"https:\/\/www.ernsting.com\/nl\/banen\/","title":{"rendered":"Banen"},"content":{"rendered":"<h2>Open posities<\/h2>\n<h3><\/h3>\n<h3>1) WordPress Programmeur - Freelancer, kantoor aan huis, Deeltijds<\/h3>\n<p>We zijn momenteel op zoek naar een WordPress programmeur op freelance basis voor een langdurige samenwerking.<\/p>\n<h3>2) Gegevensverwerker - freelancer, thuiskantoor<\/h3>\n<p>We zijn op zoek naar een gegevensbeheerder voor een langdurige samenwerking. De belangrijkste taken zijn onafhankelijk gegevensonderhoud en gegevenscontrole.<\/p>\n<p>&nbsp;<\/p>\n<p><strong>En nu?<\/strong><\/p>\n<p>Schrijf ons alstublieft direct hier in de <a href=\"\/nl\/banen\/programmeur\/\">Programmeur Job Form<\/a> of in de <a href=\"\/nl\/banen\/gegevensbewaarder\/\">Vacatureformulier gegevensverwerker<\/a>.<br \/>\nDaar vindt u ook meer informatie over onze eisenprofielen.<\/p>\n<p><strong>Hint:<\/strong><\/p>\n<p>Helaas kunnen we geen vragen beantwoorden via e-mail, vooral niet van vacatureportalen en wervingsbureaus, omdat het aantal sollicitaties nu te hoog is en zelden overeenkomt met onze vacatures! Stuur daarom echt alles via het formulier \ud83d\ude0a<\/p>\n<p>&nbsp;<\/p>","protected":false},"excerpt":{"rendered":"<p>Offen Stellen 1) WordPress Programmierer &#8211; Freelancer, Home Office, nebenberuflich Derzeit suchen wir einen WordPress Programmierer auf Freelancer Basis f\u00fcr eine langfristige Zusammenarbeit. 2) Datenpfleger &#8211; Freelancer, Home Office Wir suchen einen Datenpfleger f\u00fcr eine langfristige Zusammenarbeit. Hauptaufgaben sind eigenst\u00e4ndige Datenpflege und Datenkontrolle. &nbsp; Und jetzt? Bitte schreib uns Du direkt hier im Programmierer Jobformular [&hellip;]<\/p>\n","protected":false},"author":2,"featured_media":0,"parent":0,"menu_order":3,"comment_status":"closed","ping_status":"closed","template":"","meta":{"footnotes":""},"class_list":["post-2317","page","type-page","status-publish","hentry","wpbf-post"],"_links":{"self":[{"href":"https:\/\/www.ernsting.com\/nl\/wp-json\/wp\/v2\/pages\/2317","targetHints":{"allow":["GET"]}}],"collection":[{"href":"https:\/\/www.ernsting.com\/nl\/wp-json\/wp\/v2\/pages"}],"about":[{"href":"https:\/\/www.ernsting.com\/nl\/wp-json\/wp\/v2\/types\/page"}],"author":[{"embeddable":true,"href":"https:\/\/www.ernsting.com\/nl\/wp-json\/wp\/v2\/users\/2"}],"replies":[{"embeddable":true,"href":"https:\/\/www.ernsting.com\/nl\/wp-json\/wp\/v2\/comments?post=2317"}],"version-history":[{"count":7,"href":"https:\/\/www.ernsting.com\/nl\/wp-json\/wp\/v2\/pages\/2317\/revisions"}],"predecessor-version":[{"id":3996,"href":"https:\/\/www.ernsting.com\/nl\/wp-json\/wp\/v2\/pages\/2317\/revisions\/3996"}],"wp:attachment":[{"href":"https:\/\/www.ernsting.com\/nl\/wp-json\/wp\/v2\/media?parent=2317"}],"curies":[{"name":"wp","href":"https:\/\/api.w.org\/{rel}","templated":true}]}}