{"id":3035,"date":"2021-01-19T09:21:14","date_gmt":"2021-01-19T08:21:14","guid":{"rendered":"https:\/\/www.ernsting.com\/newsletter\/newsletter-anmeldung\/"},"modified":"2021-05-14T10:42:55","modified_gmt":"2021-05-14T09:42:55","slug":"nieuwsbrief-registratie","status":"publish","type":"page","link":"https:\/\/www.ernsting.com\/nl\/nieuwsbrief\/nieuwsbrief-registratie\/","title":{"rendered":"Abonnement op de nieuwsbrief: Financi\u00eble info in het weekend"},"content":{"rendered":"<h1>\n\t\tAbonnement op de nieuwsbrief\n\t<\/h1>\n<h2>\n\t\tFinanci\u00eble informatie in het weekend - Nieuwsbrief\n\t<\/h2>\n\t<div class='_form_1'><\/div><script type='text\/javascript' src='https:\/\/ernsting55266.activehosted.com\/f\/embed.php?static=0&id=1&69F1E5EC1084C&nostyles=0&preview=0'><\/script>\n\t<h5>Door op \"Verzenden\" te klikken, geef ik toestemming voor de verwerking van mijn persoonlijke gegevens in overeenstemming met de <a href=\"\/kontakt\/impressum-agb-datenschutz\/\">Privacybeleid<\/a> Mee eens.<\/h5>\n<p>U kunt zich op elk moment zonder problemen uitschrijven van onze gratis nieuwsbrieven! Probeer het gewoon eens - wij berichten wekelijks over interessante aandelen, dividenden, ETF's, obligaties, brokervergelijkingen, kapitaalbeleggingen, oudedagsvoorzieningen, belastingen, pensioenen, robo-adviseurs, bouwfinanciering, waardebeleggen, rendementsoptimalisatie en vele andere boeiende onderwerpen!<\/p>","protected":false},"excerpt":{"rendered":"<p>Newsletter Anmeldung Finanzinfos am Wochenende &#8211; Newsletter Durch Klicken auf &#8222;Abschicken&#8220; erkl\u00e4re ich mich mit der Verarbeitung meiner pers\u00f6nlichen Daten gem\u00e4\u00df der Datenschutzerkl\u00e4rung einverstanden. Sie k\u00f6nnen sich jederzeit aus unseren kostenlosen Newslettern ohne Probleme wieder abmelden! Einfach mal testen &#8211; wir berichten w\u00f6chentlich \u00fcber interessante Aktienwerte, Dividenden, ETFs, Anleihen, Broker Vergleiche, Kapitalanlage, Altersvorsorge, Steuern, Rente, [&hellip;]<\/p>\n","protected":false},"author":1,"featured_media":0,"parent":2300,"menu_order":4,"comment_status":"closed","ping_status":"closed","template":"","meta":{"footnotes":""},"class_list":["post-3035","page","type-page","status-publish","hentry","wpbf-post"],"_links":{"self":[{"href":"https:\/\/www.ernsting.com\/nl\/wp-json\/wp\/v2\/pages\/3035","targetHints":{"allow":["GET"]}}],"collection":[{"href":"https:\/\/www.ernsting.com\/nl\/wp-json\/wp\/v2\/pages"}],"about":[{"href":"https:\/\/www.ernsting.com\/nl\/wp-json\/wp\/v2\/types\/page"}],"author":[{"embeddable":true,"href":"https:\/\/www.ernsting.com\/nl\/wp-json\/wp\/v2\/users\/1"}],"replies":[{"embeddable":true,"href":"https:\/\/www.ernsting.com\/nl\/wp-json\/wp\/v2\/comments?post=3035"}],"version-history":[{"count":6,"href":"https:\/\/www.ernsting.com\/nl\/wp-json\/wp\/v2\/pages\/3035\/revisions"}],"predecessor-version":[{"id":3221,"href":"https:\/\/www.ernsting.com\/nl\/wp-json\/wp\/v2\/pages\/3035\/revisions\/3221"}],"up":[{"embeddable":true,"href":"https:\/\/www.ernsting.com\/nl\/wp-json\/wp\/v2\/pages\/2300"}],"wp:attachment":[{"href":"https:\/\/www.ernsting.com\/nl\/wp-json\/wp\/v2\/media?parent=3035"}],"curies":[{"name":"wp","href":"https:\/\/api.w.org\/{rel}","templated":true}]}}