{"id":3850,"date":"2023-11-11T14:33:39","date_gmt":"2023-11-11T13:33:39","guid":{"rendered":"https:\/\/www.ernsting.com\/?page_id=3850"},"modified":"2025-05-01T19:59:44","modified_gmt":"2025-05-01T18:59:44","slug":"advertorial","status":"publish","type":"page","link":"https:\/\/www.ernsting.com\/nl\/media\/advertorial\/","title":{"rendered":"Advertorial boeken"},"content":{"rendered":"<h1>\n\t\tAdvertorial boeken\n\t<\/h1>\n\t<p>Broker-Test.de ist das f\u00fchrende deutsche Brokerportal und bietet mit dem sonnt\u00e4glich erscheinenden Newsletter &#8222;Finanzinfos am Wochenende&#8220; einen der reichweitenst\u00e4rksten Finanznewsletter (160.000 Leser) im deutschsprachigen Raum an.<\/p>\n<p>Elke week bieden we onze lezers diepgaande analyses en presenteren we spannende producten uit de financi\u00eble wereld.<\/p>\n<p>De gemiddelde open rate van onze financi\u00eble nieuwsbrief is 42%.<\/p>\n<p>&nbsp;<\/p>","protected":false},"excerpt":{"rendered":"<p>Advertorial Booking Broker-Test.de is het toonaangevende Duitse brokerportaal en biedt met de zondagse nieuwsbrief \"Finanzinfos am Wochenende\" een van de meest uitgebreide financi\u00eble nieuwsbrieven (160.000 lezers) in de Duitstalige wereld. Elke week bieden we onze lezers diepgaande analyses en presenteren we spannende producten uit de financi\u00eble wereld. De gemiddelde open rate van onze financi\u00eble nieuwsbrief is 42%. &nbsp;<\/p>","protected":false},"author":2,"featured_media":0,"parent":2292,"menu_order":0,"comment_status":"closed","ping_status":"closed","template":"","meta":{"footnotes":""},"class_list":["post-3850","page","type-page","status-publish","hentry","wpbf-post"],"_links":{"self":[{"href":"https:\/\/www.ernsting.com\/nl\/wp-json\/wp\/v2\/pages\/3850","targetHints":{"allow":["GET"]}}],"collection":[{"href":"https:\/\/www.ernsting.com\/nl\/wp-json\/wp\/v2\/pages"}],"about":[{"href":"https:\/\/www.ernsting.com\/nl\/wp-json\/wp\/v2\/types\/page"}],"author":[{"embeddable":true,"href":"https:\/\/www.ernsting.com\/nl\/wp-json\/wp\/v2\/users\/2"}],"replies":[{"embeddable":true,"href":"https:\/\/www.ernsting.com\/nl\/wp-json\/wp\/v2\/comments?post=3850"}],"version-history":[{"count":28,"href":"https:\/\/www.ernsting.com\/nl\/wp-json\/wp\/v2\/pages\/3850\/revisions"}],"predecessor-version":[{"id":4027,"href":"https:\/\/www.ernsting.com\/nl\/wp-json\/wp\/v2\/pages\/3850\/revisions\/4027"}],"up":[{"embeddable":true,"href":"https:\/\/www.ernsting.com\/nl\/wp-json\/wp\/v2\/pages\/2292"}],"wp:attachment":[{"href":"https:\/\/www.ernsting.com\/nl\/wp-json\/wp\/v2\/media?parent=3850"}],"curies":[{"name":"wp","href":"https:\/\/api.w.org\/{rel}","templated":true}]}}