{"id":2296,"date":"2017-08-22T18:13:02","date_gmt":"2017-08-22T17:13:02","guid":{"rendered":"https:\/\/www.ernsting.com\/devisen-alarm\/"},"modified":"2021-01-07T00:01:19","modified_gmt":"2021-01-06T23:01:19","slug":"alarme-de-cambio","status":"publish","type":"page","link":"https:\/\/www.ernsting.com\/pt\/portais\/alarme-de-cambio\/","title":{"rendered":"Alerta de divisas"},"content":{"rendered":"<p>O Alerta Forex \u00e9 destinado aos traders que querem usar um servi\u00e7o de sinal respeit\u00e1vel para as suas negocia\u00e7\u00f5es. Al\u00e9m de sinais precisos de negocia\u00e7\u00e3o nos maiores pares de moedas via SMS, RSS e e-mail, o Alerta Forex tamb\u00e9m fornece an\u00e1lises dos pares de moedas mais importantes. Al\u00e9m disso, com \"<a title=\"Sinais de Forex diariamente\" href=\"https:\/\/broker-test.de\/trading-news\/forex-signale-taeglich-17113\/\" target=\"_blank\" rel=\"noopener\">Sinais de Forex diariamente<\/a>\"uma actualiza\u00e7\u00e3o di\u00e1ria na bolsa.<\/p>\n<p>Al\u00e9m disso, os visitantes do site podem ter acesso a uma breve perspectiva di\u00e1ria, que inclui os pr\u00f3ximos dados econ\u00f3micos.<a title=\"Perspectivas di\u00e1rias de Forex e dados econ\u00f3micos\" href=\"http:\/\/www.devisen-alarm.de\/tagesausblick\/\" target=\"_blank\" rel=\"noopener\">\u00a0<\/a>bem como informa\u00e7\u00f5es e publica\u00e7\u00f5es extensivas sobre os mercados cambiais. Tamb\u00e9m o desempenho<a title=\"Desempenho dos sinais de negocia\u00e7\u00e3o\" href=\"http:\/\/www.devisen-alarm.de\/performance\/\" target=\"_blank\" rel=\"noopener\">\u00a0<\/a>do alerta de c\u00e2mbio \u00e9 mostrado junto com os exemplos de neg\u00f3cios atuais.<\/p>\n<p><em>Nota: O alerta de divisas est\u00e1 actualmente em pausa e ser\u00e1 reactivado posteriormente.<\/em><\/p>","protected":false},"excerpt":{"rendered":"<p>Der Devisen-Alarm richtet sich an Trader, die f\u00fcr ihre Gesch\u00e4fte auf einen seri\u00f6sen Signaldienst zur\u00fcckgreifen wollen. Neben genauen Handelssignalen zu den gr\u00f6\u00dften Devisen-Paaren per SMS, RSS und E-Mail liefert der Devisen-Alarm auch Analysen der wichtigsten W\u00e4hrungspaare. Dar\u00fcber hinaus gibt es mit \u201eForex Signale t\u00e4glich\u201c ein b\u00f6rsent\u00e4gliches Update. Au\u00dferdem k\u00f6nnen Besucher der Seite t\u00e4glich auf einen [&hellip;]<\/p>\n","protected":false},"author":2,"featured_media":0,"parent":2312,"menu_order":2,"comment_status":"closed","ping_status":"closed","template":"","meta":{"_analytify_skip_tracking":false,"footnotes":""},"class_list":["post-2296","page","type-page","status-publish","hentry","wpbf-post"],"_links":{"self":[{"href":"https:\/\/www.ernsting.com\/pt\/wp-json\/wp\/v2\/pages\/2296","targetHints":{"allow":["GET"]}}],"collection":[{"href":"https:\/\/www.ernsting.com\/pt\/wp-json\/wp\/v2\/pages"}],"about":[{"href":"https:\/\/www.ernsting.com\/pt\/wp-json\/wp\/v2\/types\/page"}],"author":[{"embeddable":true,"href":"https:\/\/www.ernsting.com\/pt\/wp-json\/wp\/v2\/users\/2"}],"replies":[{"embeddable":true,"href":"https:\/\/www.ernsting.com\/pt\/wp-json\/wp\/v2\/comments?post=2296"}],"version-history":[{"count":3,"href":"https:\/\/www.ernsting.com\/pt\/wp-json\/wp\/v2\/pages\/2296\/revisions"}],"predecessor-version":[{"id":2776,"href":"https:\/\/www.ernsting.com\/pt\/wp-json\/wp\/v2\/pages\/2296\/revisions\/2776"}],"up":[{"embeddable":true,"href":"https:\/\/www.ernsting.com\/pt\/wp-json\/wp\/v2\/pages\/2312"}],"wp:attachment":[{"href":"https:\/\/www.ernsting.com\/pt\/wp-json\/wp\/v2\/media?parent=2296"}],"curies":[{"name":"wp","href":"https:\/\/api.w.org\/{rel}","templated":true}]}}