{"id":2300,"date":"2017-08-22T18:17:05","date_gmt":"2017-08-22T17:17:05","guid":{"rendered":"https:\/\/www.ernsting.com\/newsletter\/"},"modified":"2021-01-06T17:03:55","modified_gmt":"2021-01-06T16:03:55","slug":"boletim-informativo","status":"publish","type":"page","link":"https:\/\/www.ernsting.com\/pt\/boletim-informativo\/","title":{"rendered":"Boletim de Finan\u00e7as"},"content":{"rendered":"<p>Oferecemos v\u00e1rias newsletters gratuitas sobre temas relacionados com finan\u00e7as.<\/p>\n<p>Atrav\u00e9s das v\u00e1rias newsletters financeiras, cobrimos, entre outras coisas, as \u00e1reas de DAX &amp; ac\u00e7\u00f5es, corretagem, trading, provis\u00e3o de reforma, ETFs, ETCs, fundos, commodities, terras raras, divisas e moedas criptogr\u00e1ficas, guias sobre temas di\u00e1rios, impostos e finan\u00e7as em geral. As newsletters s\u00e3o complementadas por informa\u00e7\u00f5es de base da \u00e1rea de an\u00e1lise t\u00e9cnica, bem como uma vis\u00e3o geral dos <a href=\"https:\/\/broker-test.de\/trading-webinare\/\" target=\"_blank\" rel=\"noopener\">Webinars de negocia\u00e7\u00e3o<\/a>.<\/p>\n<p>Boletins informativos adicionais est\u00e3o dispon\u00edveis para t\u00f3picos especiais de nicho, tais como commodities, divisas e negocia\u00e7\u00e3o com informa\u00e7\u00f5es privilegiadas. Aqui, s\u00e3o discutidos os desenvolvimentos actuais nos mercados financeiros e s\u00e3o apresentados os produtos.<\/p>\n<p>No total, a rede de newsletter tem mais de 200.000 assinantes. Todos os leitores se registraram atrav\u00e9s de duplo opt-in.<\/p>\n<p>A seguir, gostar\u00edamos de apresentar brevemente as nossas newsletters financeiras.<\/p>\n<ul>\n<li><a title=\"Boletim informativo financeiro de fim-de-semana\" href=\"\/pt\/boletim-informativo\/informacao-financeira-ao-fim-de-semana\/\" rel=\"noopener\">Informa\u00e7\u00e3o financeira no fim-de-semana<\/a><\/li>\n<li><a title=\"Alerta de divisas - Newsletter\" href=\"\/pt\/boletim-informativo\/broker-test-de-trading-newsletter\/\" rel=\"noopener\">Broker Test Trading Newsletter<\/a><\/li>\n<li><a title=\"Boletim Informativo de Investimentos\" href=\"\/pt\/boletim-informativo\/boletim-informativo-sobre-investimentos\/\" target=\"_self\" rel=\"noopener\">Boletim de Investimentos de Capital<\/a><\/li>\n<li><a title=\"Boletim Informativo Financeiro-Mensal\" href=\"\/pt\/boletim-informativo\/financas-mensal\/\" target=\"_self\" rel=\"noopener\">Finan\u00e7as Mensal<\/a><\/li>\n<li><a href=\"\/pt\/portais\/alarme-interno\/\">Notifica\u00e7\u00f5es de Alarmes Internos<\/a><\/li>\n<\/ul>","protected":false},"excerpt":{"rendered":"<p>Wir bieten zu finanzspezifischen Themen verschiedene kostenlose Newsletter an. Durch die diversen Finanz-Newsletter decken wir u.a. die Bereiche DAX &amp; Aktien, Brokerage, Trading, Altersvororge, ETFs, ETCs, Fonds, Rohstoffe, Seltene Erden, Devisen &amp; Kryptow\u00e4hrungen, Ratgeber zu tagesaktuellen Themen, Steuern und Finanzen im Allgemeinen ab. Erg\u00e4nzt werden die Newsletter um Hintergrundinformationen aus dem Bereich der Technischen Analyse [&hellip;]<\/p>\n","protected":false},"author":2,"featured_media":0,"parent":0,"menu_order":6,"comment_status":"closed","ping_status":"closed","template":"","meta":{"footnotes":""},"class_list":["post-2300","page","type-page","status-publish","hentry","wpbf-post"],"_links":{"self":[{"href":"https:\/\/www.ernsting.com\/pt\/wp-json\/wp\/v2\/pages\/2300","targetHints":{"allow":["GET"]}}],"collection":[{"href":"https:\/\/www.ernsting.com\/pt\/wp-json\/wp\/v2\/pages"}],"about":[{"href":"https:\/\/www.ernsting.com\/pt\/wp-json\/wp\/v2\/types\/page"}],"author":[{"embeddable":true,"href":"https:\/\/www.ernsting.com\/pt\/wp-json\/wp\/v2\/users\/2"}],"replies":[{"embeddable":true,"href":"https:\/\/www.ernsting.com\/pt\/wp-json\/wp\/v2\/comments?post=2300"}],"version-history":[{"count":2,"href":"https:\/\/www.ernsting.com\/pt\/wp-json\/wp\/v2\/pages\/2300\/revisions"}],"predecessor-version":[{"id":2772,"href":"https:\/\/www.ernsting.com\/pt\/wp-json\/wp\/v2\/pages\/2300\/revisions\/2772"}],"wp:attachment":[{"href":"https:\/\/www.ernsting.com\/pt\/wp-json\/wp\/v2\/media?parent=2300"}],"curies":[{"name":"wp","href":"https:\/\/api.w.org\/{rel}","templated":true}]}}