{"id":2305,"date":"2017-08-22T18:26:08","date_gmt":"2017-08-22T17:26:08","guid":{"rendered":"https:\/\/www.ernsting.com\/broker-test-de-trading-newsletter\/"},"modified":"2021-01-15T11:47:36","modified_gmt":"2021-01-15T10:47:36","slug":"broker-test-de-trading-newsletter","status":"publish","type":"page","link":"https:\/\/www.ernsting.com\/pt\/boletim-informativo\/broker-test-de-trading-newsletter\/","title":{"rendered":"Broker-Test.de-Trading-Newsletter"},"content":{"rendered":"<h1>\n\t\tBroker Test Trading Newsletter\n\t<\/h1>\n\t\t\t\t<a href=\"https:\/\/broker-test.de\/\" target=\"_blank\" rel=\"noopener\" itemprop=\"url\">\n\t\t\t\t<img loading=\"lazy\" decoding=\"async\" src=\"https:\/\/www.ernsting.com\/wp-content\/uploads\/2020\/12\/@brokertest.jpg\" alt=\"Teste FINAL do Logotipo Broker Grande\" itemprop=\"image\" height=\"307\" width=\"800\" title=\"Teste FINAL do Logotipo Broker Grande\" onerror=\"this.style.display='none'\"  \/>\n\t\t\t\t<\/a>\n\t<p>A Broker-Test.de \u00e9 publicada toda segunda-feira de manh\u00e3 no in\u00edcio da sess\u00e3o de negocia\u00e7\u00e3o com uma an\u00e1lise do ambiente atual do mercado e oferece recomenda\u00e7\u00f5es b\u00e1sicas sobre como os investidores podem se ajustar melhor \u00e0 situa\u00e7\u00e3o prevalecente no mercado. O foco principal \u00e9 a Dax, t\u00edtulos interessantes, bem como os mercados de c\u00e2mbio e de commodities.<\/p>\n<p>N\u00f3s olhamos para os eventos atuais, fornecemos uma perspectiva para a pr\u00f3xima semana de negocia\u00e7\u00e3o e destacamos as tend\u00eancias gerais e oportunidades comerciais.<\/p>\n<p>A newsletter \u00e9 complementada por informa\u00e7\u00f5es de fundo da \u00e1rea de an\u00e1lise t\u00e9cnica, bem como pelas \u00faltimas not\u00edcias.\u00a0<a href=\"https:\/\/broker-test.de\/trading-webinare\/\" target=\"_blank\" rel=\"noopener\">Webinars de negocia\u00e7\u00e3o<\/a>.<\/p>\n<h2>\n\t\tBroker Test Trading Newsletter\n\t<\/h2>\n\t\t\t\t\t\t\t\t\t\t\t\t\t\t\t\t\t<a href=\"https:\/\/www.ernsting.com\/wp-content\/uploads\/2021\/01\/btnl_opionen-cfds.png\" target=\"_self\" data-caption=\"\" rel=\"noopener\">\n\t\t\t\t\t\t\t\t\t\t<\/a>\n\t\t\t\t\t\t\t\t\t\t\t\t\t\t\t\t\t<a href=\"https:\/\/www.ernsting.com\/wp-content\/uploads\/2021\/01\/btnl_einleitung.png\" target=\"_self\" data-caption=\"\" rel=\"noopener\">\n\t\t\t\t\t\t\t\t\t\t<\/a>\n\t\t\t\t\t\t\t\t\t\t\t\t\t\t\t\t\t<a href=\"https:\/\/www.ernsting.com\/wp-content\/uploads\/2021\/01\/btnl_edelmetalle.png\" target=\"_self\" data-caption=\"\" rel=\"noopener\">\n\t\t\t\t\t\t\t\t\t\t<\/a>\n\t\t\t\t\t\t\t\t\t\t\t\t\t\t\t\t\t<a href=\"https:\/\/www.ernsting.com\/wp-content\/uploads\/2021\/01\/btnl_forex.png\" target=\"_self\" data-caption=\"\" rel=\"noopener\">\n\t\t\t\t\t\t\t\t\t\t<\/a>\n\t\t\t\t\t\t\t\t\t\t\t\t\t\t\t\t\t<a href=\"https:\/\/www.ernsting.com\/wp-content\/uploads\/2021\/01\/btnl_kryptos.png\" target=\"_self\" data-caption=\"\" rel=\"noopener\">\n\t\t\t\t\t\t\t\t\t\t<\/a>\n\t\t\t\t\t\t\t\t\t\t\t\t\t\t\t\t\t<a href=\"https:\/\/www.ernsting.com\/wp-content\/uploads\/2021\/01\/btnl_webinare.png\" target=\"_self\" data-caption=\"\" rel=\"noopener\">\n\t\t\t\t\t\t\t\t\t\t<\/a>\n\t\t\t\t\t\t\t\t\t\t\t\t\t\t\t\t\t<a href=\"https:\/\/www.ernsting.com\/wp-content\/uploads\/2021\/01\/btnl_forex-broker.png\" target=\"_self\" data-caption=\"\" rel=\"noopener\">\n\t\t\t\t\t\t\t\t\t\t<\/a>\n\t\t\t\t\t\t\t\t\t\t\t\t\t\t\t\t\t<a href=\"https:\/\/www.ernsting.com\/wp-content\/uploads\/2021\/01\/btnl_futures-broker.png\" target=\"_self\" data-caption=\"\" rel=\"noopener\">\n\t\t\t\t\t\t\t\t\t\t<\/a>\n\t\t\t\t\t\t\t\t<!-- pagination -->\n\t<p>Porque n\u00e3o se registar directamente para a\u00a0<a href=\"https:\/\/www.broker-test.de\/newsletter\/\" target=\"_blank\" rel=\"noopener\">Broker-Test.de Trading-Newsletter<\/a>\u00a0ligado!<\/p>","protected":false},"excerpt":{"rendered":"<p>Broker-Test Trading Newsletter Der Broker-Test.de-Trading-Newsletter erscheint jeden Montag Morgen zum B\u00f6rsenstart mit einer Analyse des aktuellen Marktumfeldes und bietet grunds\u00e4tzlichen Empfehlungen, wie sich Anleger am Besten auf die vorherrschende Marktlage einstellen k\u00f6nnen. Betrachtet wird dabei vor allem der Dax, interessante Wertpapiere sowie der Devisen- und Rohstoffmarkt. Wir befassen uns mit aktuellen Ereignissen, geben einen Ausblick [&hellip;]<\/p>\n","protected":false},"author":2,"featured_media":0,"parent":2300,"menu_order":0,"comment_status":"closed","ping_status":"closed","template":"","meta":{"_analytify_skip_tracking":false,"footnotes":""},"class_list":["post-2305","page","type-page","status-publish","hentry","wpbf-post"],"_links":{"self":[{"href":"https:\/\/www.ernsting.com\/pt\/wp-json\/wp\/v2\/pages\/2305","targetHints":{"allow":["GET"]}}],"collection":[{"href":"https:\/\/www.ernsting.com\/pt\/wp-json\/wp\/v2\/pages"}],"about":[{"href":"https:\/\/www.ernsting.com\/pt\/wp-json\/wp\/v2\/types\/page"}],"author":[{"embeddable":true,"href":"https:\/\/www.ernsting.com\/pt\/wp-json\/wp\/v2\/users\/2"}],"replies":[{"embeddable":true,"href":"https:\/\/www.ernsting.com\/pt\/wp-json\/wp\/v2\/comments?post=2305"}],"version-history":[{"count":5,"href":"https:\/\/www.ernsting.com\/pt\/wp-json\/wp\/v2\/pages\/2305\/revisions"}],"predecessor-version":[{"id":2936,"href":"https:\/\/www.ernsting.com\/pt\/wp-json\/wp\/v2\/pages\/2305\/revisions\/2936"}],"up":[{"embeddable":true,"href":"https:\/\/www.ernsting.com\/pt\/wp-json\/wp\/v2\/pages\/2300"}],"wp:attachment":[{"href":"https:\/\/www.ernsting.com\/pt\/wp-json\/wp\/v2\/media?parent=2305"}],"curies":[{"name":"wp","href":"https:\/\/api.w.org\/{rel}","templated":true}]}}