{"id":2306,"date":"2017-08-22T18:26:37","date_gmt":"2017-08-22T17:26:37","guid":{"rendered":"https:\/\/www.ernsting.com\/finance-monthly\/"},"modified":"2021-12-14T13:37:28","modified_gmt":"2021-12-14T12:37:28","slug":"financas-mensal","status":"publish","type":"page","link":"https:\/\/www.ernsting.com\/pt\/boletim-informativo\/financas-mensal\/","title":{"rendered":"Finan\u00e7as Mensal"},"content":{"rendered":"<p>Os assinantes desta newsletter t\u00eam um interesse geral em temas financeiros. Uma vez por m\u00eas, a newsletter oferece uma vis\u00e3o geral dos t\u00f3picos financeiros de m\u00e9dio e longo prazo, tais como fundos, planejamento de aposentadoria, infla\u00e7\u00e3o, ouro, pens\u00f5es e impostos, al\u00e9m de t\u00f3picos atuais relacionados \u00e0 acumula\u00e7\u00e3o de riqueza e gest\u00e3o de ativos em si.<\/p>\n<p>Al\u00e9m disso, s\u00e3o apontados especiais e promo\u00e7\u00f5es financeiras actuais, tais como com\u00e9rcio livre para clientes finais e eventos actuais sobre o tema das finan\u00e7as.<\/p>","protected":false},"excerpt":{"rendered":"<p>Die Abonnenten dieses Newsletters verf\u00fcgen \u00fcber ein allgemeines Interesse an Finanzthemen. Der Newsletter bietet einmal im Monat eine \u00dcbersicht \u00fcber mittel- bis langfristige Finanzthemen wie Fonds, Altersvorsorge, Inflation, Gold, Rente und Steuern plus aktuelle Themen, die Verm\u00f6gensaufbau und Verm\u00f6gensverwaltung an sich betreffen. Zudem wird auf aktuelle Finanzspecials und Aktionen wie Freetrades f\u00fcr Endkunden und auf [&hellip;]<\/p>\n","protected":false},"author":2,"featured_media":0,"parent":2300,"menu_order":1,"comment_status":"closed","ping_status":"closed","template":"","meta":{"footnotes":""},"class_list":["post-2306","page","type-page","status-publish","hentry","wpbf-post"],"_links":{"self":[{"href":"https:\/\/www.ernsting.com\/pt\/wp-json\/wp\/v2\/pages\/2306","targetHints":{"allow":["GET"]}}],"collection":[{"href":"https:\/\/www.ernsting.com\/pt\/wp-json\/wp\/v2\/pages"}],"about":[{"href":"https:\/\/www.ernsting.com\/pt\/wp-json\/wp\/v2\/types\/page"}],"author":[{"embeddable":true,"href":"https:\/\/www.ernsting.com\/pt\/wp-json\/wp\/v2\/users\/2"}],"replies":[{"embeddable":true,"href":"https:\/\/www.ernsting.com\/pt\/wp-json\/wp\/v2\/comments?post=2306"}],"version-history":[{"count":4,"href":"https:\/\/www.ernsting.com\/pt\/wp-json\/wp\/v2\/pages\/2306\/revisions"}],"predecessor-version":[{"id":3302,"href":"https:\/\/www.ernsting.com\/pt\/wp-json\/wp\/v2\/pages\/2306\/revisions\/3302"}],"up":[{"embeddable":true,"href":"https:\/\/www.ernsting.com\/pt\/wp-json\/wp\/v2\/pages\/2300"}],"wp:attachment":[{"href":"https:\/\/www.ernsting.com\/pt\/wp-json\/wp\/v2\/media?parent=2306"}],"curies":[{"name":"wp","href":"https:\/\/api.w.org\/{rel}","templated":true}]}}