{"id":2307,"date":"2017-08-22T18:27:04","date_gmt":"2017-08-22T17:27:04","guid":{"rendered":"https:\/\/www.ernsting.com\/finanzinfos-am-wochenende\/"},"modified":"2024-04-14T19:21:10","modified_gmt":"2024-04-14T18:21:10","slug":"informacao-financeira-ao-fim-de-semana","status":"publish","type":"page","link":"https:\/\/www.ernsting.com\/pt\/boletim-informativo\/informacao-financeira-ao-fim-de-semana\/","title":{"rendered":"Informa\u00e7\u00e3o financeira no fim-de-semana"},"content":{"rendered":"<h1>\n\t\tInforma\u00e7\u00e3o financeira no fim-de-semana\n\t<\/h1>\n\t\t\t\t<a href=\"https:\/\/broker-test.de\/\" target=\"_blank\" rel=\"noopener\" itemprop=\"url\">\n\t\t\t\t<img loading=\"lazy\" decoding=\"async\" src=\"https:\/\/www.ernsting.com\/wp-content\/uploads\/2020\/12\/@brokertest.jpg\" alt=\"Teste FINAL do Logotipo Broker Grande\" itemprop=\"image\" height=\"307\" width=\"800\" title=\"Teste FINAL do Logotipo Broker Grande\" onerror=\"this.style.display='none'\"  \/>\n\t\t\t\t<\/a>\n\t<p>O boletim informativo \"Finanzinfos am Wochenende\", publicado semanalmente aos domingos de manh\u00e3, fornece informa\u00e7\u00f5es sobre as not\u00edcias mais importantes nas \u00e1reas da an\u00e1lise de mercado, investimentos, corretagem, gest\u00e3o de activos digitais, acumula\u00e7\u00e3o de riqueza, pens\u00f5es de reforma, ouro e mercadorias, imobili\u00e1rio, impostos e heran\u00e7as, criptomoedas, obriga\u00e7\u00f5es, certificados, fundos e ETF.<\/p>\n<p>Al\u00e9m disso, novas ofertas e condi\u00e7\u00f5es atuais s\u00e3o apontadas para cada t\u00f3pico.<\/p>\n<p>Com mais de 155.000 leitores, o boletim Finanzinfos am Wochenende \u00e9 o nosso boletim com maior alcance e um p\u00fablico leitor muito conhecedor de finan\u00e7as.<\/p>\n<h2>\n\t\tInforma\u00e7\u00e3o financeira no fim-de-semana\n\t<\/h2>\n\t\t\t\t\t\t\t\t\t\t\t\t\t\t\t\t\t<a href=\"https:\/\/www.ernsting.com\/wp-content\/uploads\/2021\/01\/famw_dividenden.png\" target=\"_self\" data-caption=\"\" rel=\"noopener\">\n\t\t\t\t\t\t\t\t\t\t<\/a>\n\t\t\t\t\t\t\t\t\t\t\t\t\t\t\t\t\t<a href=\"https:\/\/www.ernsting.com\/wp-content\/uploads\/2021\/01\/famw_einleitung.png\" target=\"_self\" data-caption=\"\" rel=\"noopener\">\n\t\t\t\t\t\t\t\t\t\t<\/a>\n\t\t\t\t\t\t\t\t\t\t\t\t\t\t\t\t\t<a href=\"https:\/\/www.ernsting.com\/wp-content\/uploads\/2021\/01\/famw_broker-verleich.png\" target=\"_self\" data-caption=\"\" rel=\"noopener\">\n\t\t\t\t\t\t\t\t\t\t<\/a>\n\t\t\t\t\t\t\t\t\t\t\t\t\t\t\t\t\t<a href=\"https:\/\/www.ernsting.com\/wp-content\/uploads\/2021\/01\/famw_robo-advisor.png\" target=\"_self\" data-caption=\"\" rel=\"noopener\">\n\t\t\t\t\t\t\t\t\t\t<\/a>\n\t\t\t\t\t\t\t\t\t\t\t\t\t\t\t\t\t<a href=\"https:\/\/www.ernsting.com\/wp-content\/uploads\/2021\/01\/famw_altersvorsorge.png\" target=\"_self\" data-caption=\"\" rel=\"noopener\">\n\t\t\t\t\t\t\t\t\t\t<\/a>\n\t\t\t\t\t\t\t\t\t\t\t\t\t\t\t\t\t<a href=\"https:\/\/www.ernsting.com\/wp-content\/uploads\/2021\/01\/famw_immobilien.png\" target=\"_self\" data-caption=\"\" rel=\"noopener\">\n\t\t\t\t\t\t\t\t\t\t<\/a>\n\t\t\t\t\t\t\t\t\t\t\t\t\t\t\t\t\t<a href=\"https:\/\/www.ernsting.com\/wp-content\/uploads\/2021\/01\/famw_robo-news.png\" target=\"_self\" data-caption=\"\" rel=\"noopener\">\n\t\t\t\t\t\t\t\t\t\t<\/a>\n\t\t\t\t\t\t\t\t\t\t\t\t\t\t\t\t\t<a href=\"https:\/\/www.ernsting.com\/wp-content\/uploads\/2021\/01\/famw_broker-news.png\" target=\"_self\" data-caption=\"\" rel=\"noopener\">\n\t\t\t\t\t\t\t\t\t\t<\/a>\n\t\t\t\t\t\t<!-- pagination -->\n\t<p>Aqui voc\u00ea pode ir diretamente para o <a href=\"https:\/\/broker-test.de\/newsletter\/\" target=\"_blank\" rel=\"noopener\">Boletim informativo financeiro de fim-de-semana<\/a> registrar!<\/p>","protected":false},"excerpt":{"rendered":"<p>Finanzinfos am Wochenende Der w\u00f6chentlich jeweils am Sonntag Morgen erscheinende \u201eFinanzinfos am Wochenende&#8220; Newsletter informiert \u00fcber die wichtigsten Meldungen aus den Bereichen Marktanalyse, Geldanlage, Brokerage, digitale Verm\u00f6gensverwaltung, Verm\u00f6gensaufbau, Altersvorsorge, Gold &amp; Rohstoffe, Immobilien, Steuern &amp; Erben,Kryptow\u00e4hrungen, Anleihen, Zertifikate, Fonds und ETFs. Je Thema wird zudem auf neue Angebote und aktuelle Konditionen hingewiesen. Mit \u00fcber 155.000 [&hellip;]<\/p>\n","protected":false},"author":2,"featured_media":0,"parent":2300,"menu_order":2,"comment_status":"closed","ping_status":"closed","template":"","meta":{"_analytify_skip_tracking":false,"footnotes":""},"class_list":["post-2307","page","type-page","status-publish","hentry","wpbf-post"],"_links":{"self":[{"href":"https:\/\/www.ernsting.com\/pt\/wp-json\/wp\/v2\/pages\/2307","targetHints":{"allow":["GET"]}}],"collection":[{"href":"https:\/\/www.ernsting.com\/pt\/wp-json\/wp\/v2\/pages"}],"about":[{"href":"https:\/\/www.ernsting.com\/pt\/wp-json\/wp\/v2\/types\/page"}],"author":[{"embeddable":true,"href":"https:\/\/www.ernsting.com\/pt\/wp-json\/wp\/v2\/users\/2"}],"replies":[{"embeddable":true,"href":"https:\/\/www.ernsting.com\/pt\/wp-json\/wp\/v2\/comments?post=2307"}],"version-history":[{"count":7,"href":"https:\/\/www.ernsting.com\/pt\/wp-json\/wp\/v2\/pages\/2307\/revisions"}],"predecessor-version":[{"id":3961,"href":"https:\/\/www.ernsting.com\/pt\/wp-json\/wp\/v2\/pages\/2307\/revisions\/3961"}],"up":[{"embeddable":true,"href":"https:\/\/www.ernsting.com\/pt\/wp-json\/wp\/v2\/pages\/2300"}],"wp:attachment":[{"href":"https:\/\/www.ernsting.com\/pt\/wp-json\/wp\/v2\/media?parent=2307"}],"curies":[{"name":"wp","href":"https:\/\/api.w.org\/{rel}","templated":true}]}}