{"id":2308,"date":"2017-08-22T18:27:50","date_gmt":"2017-08-22T17:27:50","guid":{"rendered":"https:\/\/www.ernsting.com\/kapitalanlagen-newsletter\/"},"modified":"2021-12-14T13:35:46","modified_gmt":"2021-12-14T12:35:46","slug":"boletim-informativo-sobre-investimentos","status":"publish","type":"page","link":"https:\/\/www.ernsting.com\/pt\/boletim-informativo\/boletim-informativo-sobre-investimentos\/","title":{"rendered":"Boletim Informativo de Investimento de Capital"},"content":{"rendered":"<p>O mundo dos investimentos de capital \u00e9 muito diversificado. Assim, aos investidores privados s\u00e3o oferecidas muitas alternativas interessantes, al\u00e9m do cl\u00e1ssico investimento em a\u00e7\u00f5es.<\/p>\n<p>Isto tamb\u00e9m inclui fundos e ETF's. Com eles, os investidores t\u00eam a oportunidade de espalhar seu risco e, ao mesmo tempo, lucrar com mercados nos quais \u00e9 dif\u00edcil investir em a\u00e7\u00f5es individualmente. Assim, os investimentos tem\u00e1ticos, como commodities, alta tecnologia ou produtos farmac\u00eauticos, podem ser servidos t\u00e3o bem quanto os regionais, por exemplo, China, \u00cdndia, \u00c1frica, ...<\/p>\n<p>Al\u00e9m disso, as ETFs oferecem uma alternativa rent\u00e1vel aos fundos geridos. E em algumas constela\u00e7\u00f5es permitem at\u00e9 investir com uma pequena alavancagem ou lucrar com a queda dos pre\u00e7os das ac\u00e7\u00f5es.<\/p>\n<p>Para os investidores que gostam de alavancar seus lucros, h\u00e1 uma variedade de certificados dispon\u00edveis. Al\u00e9m disso, os movimentos laterais no mercado tamb\u00e9m podem ser usados para o pr\u00f3prio sucesso.<\/p>\n<p>Na Newsletter de Investimento de Capital damos aos nossos leitores uma vis\u00e3o mais profunda sobre as v\u00e1rias alternativas. Al\u00e9m disso, s\u00e3o apresentados produtos e eventos.<\/p>","protected":false},"excerpt":{"rendered":"<p>Die Welt der Kapitalanlagen ist sehr vielseitig. So werden privaten Anlegern neben der klassischen Aktienanlage viele interessante Alternativen geboten. Hierzu geh\u00f6ren auch Fonds und ETFs. Mit diesen haben Anleger die M\u00f6glichkeit, ihr Risiko zu streuen und gleichzeitig von M\u00e4rkten zu profitieren, in denen eine Einzelinvestment in Aktien nur schwer m\u00f6glich ist. So k\u00f6nnen thematische Anlageschwerpunkte [&hellip;]<\/p>\n","protected":false},"author":2,"featured_media":0,"parent":2300,"menu_order":3,"comment_status":"closed","ping_status":"closed","template":"","meta":{"_analytify_skip_tracking":false,"footnotes":""},"class_list":["post-2308","page","type-page","status-publish","hentry","wpbf-post"],"_links":{"self":[{"href":"https:\/\/www.ernsting.com\/pt\/wp-json\/wp\/v2\/pages\/2308","targetHints":{"allow":["GET"]}}],"collection":[{"href":"https:\/\/www.ernsting.com\/pt\/wp-json\/wp\/v2\/pages"}],"about":[{"href":"https:\/\/www.ernsting.com\/pt\/wp-json\/wp\/v2\/types\/page"}],"author":[{"embeddable":true,"href":"https:\/\/www.ernsting.com\/pt\/wp-json\/wp\/v2\/users\/2"}],"replies":[{"embeddable":true,"href":"https:\/\/www.ernsting.com\/pt\/wp-json\/wp\/v2\/comments?post=2308"}],"version-history":[{"count":4,"href":"https:\/\/www.ernsting.com\/pt\/wp-json\/wp\/v2\/pages\/2308\/revisions"}],"predecessor-version":[{"id":3300,"href":"https:\/\/www.ernsting.com\/pt\/wp-json\/wp\/v2\/pages\/2308\/revisions\/3300"}],"up":[{"embeddable":true,"href":"https:\/\/www.ernsting.com\/pt\/wp-json\/wp\/v2\/pages\/2300"}],"wp:attachment":[{"href":"https:\/\/www.ernsting.com\/pt\/wp-json\/wp\/v2\/media?parent=2308"}],"curies":[{"name":"wp","href":"https:\/\/api.w.org\/{rel}","templated":true}]}}