{"id":2312,"date":"2017-08-23T09:59:30","date_gmt":"2017-08-23T08:59:30","guid":{"rendered":"https:\/\/www.ernsting.com\/portale\/"},"modified":"2021-01-16T11:40:01","modified_gmt":"2021-01-16T10:40:01","slug":"portais","status":"publish","type":"page","link":"https:\/\/www.ernsting.com\/pt\/portais\/","title":{"rendered":"Portais"},"content":{"rendered":"<h1>\n\t\tPortais financeiros\n\t<\/h1>\n\t<p>Nossa rede financeira consiste em muitos portais de interesse especial onde voc\u00ea pode encontrar informa\u00e7\u00f5es e condi\u00e7\u00f5es atuais, retratos detalhados, compara\u00e7\u00f5es extensivas e ferramentas pr\u00e1ticas. Nosso foco est\u00e1 na corretagem, ETFs, fundos, investimento de capital, gest\u00e3o de ativos digitais e guias sobre temas financeiros atuais. Este enfoque permite posicionar os t\u00f3picos de forma ideal de acordo com o grupo alvo.<\/p>\n<p>Abaixo apresentamos alguns dos nossos portais financeiros!<\/p>\n\t\t\t\t<a href=\"\/pt\/portais\/broker-test-de\/\" target=\"_self\" itemprop=\"url\" rel=\"noopener\">\n\t\t\t\t<img loading=\"lazy\" decoding=\"async\" src=\"https:\/\/www.ernsting.com\/wp-content\/uploads\/2020\/12\/@brokertest-300x115.jpg\" alt=\"Teste FINAL do Logotipo Broker Grande\" itemprop=\"image\" height=\"115\" width=\"300\" title=\"Teste FINAL do Logotipo Broker Grande\" onerror=\"this.style.display='none'\"  \/>\n\t\t\t\t<\/a>\n\t<h2>Broker-Test.com<\/h2>\n<p>Lan\u00e7ado em Abril de 2000 sob o nome de Diskountbroker.de e relan\u00e7ado no ano seguinte sob Broker-Test.de, o portal financeiro tem sido o principal site alem\u00e3o de compara\u00e7\u00e3o de corretores h\u00e1 mais de 20 anos. Entretanto, t\u00f3picos como ETFs, RoboAdvisor, conhecimento financeiro, investimento de capital, ouro, bitcoin, com\u00e9rcio de divisas, webinars de negocia\u00e7\u00e3o e provis\u00e3o de velhice t\u00eam vindo cada vez mais \u00e0 tona.<\/p>\n\t\t\t\t<a href=\"\/pt\/portais\/alarme-interno\/\" target=\"_self\" itemprop=\"url\" rel=\"noopener\">\n\t\t\t\t<img loading=\"lazy\" decoding=\"async\" src=\"https:\/\/www.ernsting.com\/wp-content\/uploads\/2021\/01\/Logo_Insider_Alarm_2020_web-02-300x108.png\" alt=\"Log\u00f3tipo Insider Alarm 2020 Web 02\" itemprop=\"image\" height=\"108\" width=\"300\" title=\"Log\u00f3tipo Insider Alarm 2020 Web 02\" onerror=\"this.style.display='none'\"  \/>\n\t\t\t\t<\/a>\n\t<h2>Insider-Alarm.com<\/h2>\n<p>Insider Alarm \u00e9 o principal portal financeiro em l\u00edngua alem\u00e3 sobre neg\u00f3cios com diretores e informa\u00e7\u00f5es privilegiadas. O foco principal \u00e9 em a\u00e7\u00f5es do DAX, MDAX e outros \u00edndices da fam\u00edlia Dax. As \u00faltimas compras e vendas de informa\u00e7\u00e3o privilegiada s\u00e3o apresentadas diariamente.<\/p>\n\t\t\t\t<a href=\"\/pt\/portais\/selecao-de-corretores\/\" target=\"_self\" itemprop=\"url\" rel=\"noopener\">\n\t\t\t\t<img loading=\"lazy\" decoding=\"async\" src=\"https:\/\/www.ernsting.com\/wp-content\/uploads\/2021\/01\/@brokerwahl-e1609973748887-300x115.jpg\" alt=\"@escolha do corretor\" itemprop=\"image\" height=\"115\" width=\"300\" title=\"@escolha do corretor\" onerror=\"this.style.display='none'\"  \/>\n\t\t\t\t<\/a>\n\t<h2>BrokerChoice.com<\/h2>\n<p>H\u00e1 mais de 20 anos que os comerciantes votam no desempenho dos corretores e seleccionam o Corretor do Ano em v\u00e1rias categorias todos os anos. A categoria principal \u00e9 a de \"Corretor Online do Ano\". A pr\u00f3xima vota\u00e7\u00e3o para Corretor do Ano 2021 ter\u00e1 in\u00edcio a 1 de mar\u00e7o de 2021 e terminar\u00e1 a 30 de mar\u00e7o de 2021.<\/p>\n\t<p>Ao visar nossos portais especificamente para pessoas com afinidade por finan\u00e7as que lidam intensivamente com o assunto h\u00e1 muito tempo, voc\u00ea se dirige diretamente ao seu grupo alvo.<\/p>\n<p>Se estiver interessado em campanhas de imagem ou de resposta nos nossos portais financeiros, n\u00e3o hesite em contactar a nossa\u00a0<a title=\"Dados da m\u00eddia\" href=\"\/pt\/contato\/meios-de-comunicacao\/\" target=\"_self\" rel=\"noopener\">Solicitar dados da m\u00eddia<\/a>.<\/p>","protected":false},"excerpt":{"rendered":"<p>Finanzportale Unser Finanznetzwerk besteht aus vielen Special Interest Portalen, auf denen Sie aktuelle Informationen und Konditionen, ausf\u00fchrliche Portraits, umfangreiche Vergleiche und praktische Tools vorfinden. Unsere Schwerpunkte liegen dabei auf den Themen Brokerage, ETFs, Fonds, Kapitalanlage, Digitale Verm\u00f6gensanlage und Ratgeber zu aktuellen Finanzthemen. Durch diese Fokussierung ist eine zielgruppengerechte Positionierung der Themen ideal m\u00f6glich. Im Folgenden [&hellip;]<\/p>\n","protected":false},"author":2,"featured_media":0,"parent":0,"menu_order":2,"comment_status":"closed","ping_status":"closed","template":"","meta":{"footnotes":""},"class_list":["post-2312","page","type-page","status-publish","hentry","wpbf-post"],"_links":{"self":[{"href":"https:\/\/www.ernsting.com\/pt\/wp-json\/wp\/v2\/pages\/2312","targetHints":{"allow":["GET"]}}],"collection":[{"href":"https:\/\/www.ernsting.com\/pt\/wp-json\/wp\/v2\/pages"}],"about":[{"href":"https:\/\/www.ernsting.com\/pt\/wp-json\/wp\/v2\/types\/page"}],"author":[{"embeddable":true,"href":"https:\/\/www.ernsting.com\/pt\/wp-json\/wp\/v2\/users\/2"}],"replies":[{"embeddable":true,"href":"https:\/\/www.ernsting.com\/pt\/wp-json\/wp\/v2\/comments?post=2312"}],"version-history":[{"count":6,"href":"https:\/\/www.ernsting.com\/pt\/wp-json\/wp\/v2\/pages\/2312\/revisions"}],"predecessor-version":[{"id":2995,"href":"https:\/\/www.ernsting.com\/pt\/wp-json\/wp\/v2\/pages\/2312\/revisions\/2995"}],"wp:attachment":[{"href":"https:\/\/www.ernsting.com\/pt\/wp-json\/wp\/v2\/media?parent=2312"}],"curies":[{"name":"wp","href":"https:\/\/api.w.org\/{rel}","templated":true}]}}