{"id":2313,"date":"2017-08-23T09:59:59","date_gmt":"2017-08-23T08:59:59","guid":{"rendered":"https:\/\/www.ernsting.com\/broker-test-de\/"},"modified":"2021-01-17T22:41:52","modified_gmt":"2021-01-17T21:41:52","slug":"teste-de-corretor","status":"publish","type":"page","link":"https:\/\/www.ernsting.com\/pt\/portais\/teste-de-corretor\/","title":{"rendered":"Teste do corretor"},"content":{"rendered":"<h1>\n\t\tTeste do corretor\n\t<\/h1>\n\t\t\t\t<a href=\"https:\/\/broker-test.de\" target=\"_blank\" rel=\"noopener\" itemprop=\"url\">\n\t\t\t\t<img loading=\"lazy\" decoding=\"async\" src=\"https:\/\/www.ernsting.com\/wp-content\/uploads\/2020\/12\/@brokertest-300x115.jpg\" alt=\"Teste FINAL do Logotipo Broker Grande\" itemprop=\"image\" height=\"115\" width=\"300\" title=\"Teste FINAL do Logotipo Broker Grande\" onerror=\"this.style.display='none'\"  \/>\n\t\t\t\t<\/a>\n\t<p>Na Broker-Test.de voc\u00ea encontrar\u00e1 informa\u00e7\u00f5es independentes e atualizadas sobre: Corretor Online, <a href=\"https:\/\/broker-test.de\/forex-broker\/\" target=\"_blank\" rel=\"noopener\">Corretor Forex<\/a>CFD Broker, NeoBroker &amp; Futures Broker. Al\u00e9m de compara\u00e7\u00f5es abrangentes dos melhores corretores do mercado alem\u00e3o, h\u00e1 tamb\u00e9m compara\u00e7\u00f5es atualizadas de pre\u00e7os e taxas dos corretores.<\/p>\n<p>Al\u00e9m disso, o Broker Test tamb\u00e9m compara os principais fornecedores de gerenciamento de ativos digitais, consultores de rob\u00f4s e publica atualiza\u00e7\u00f5es de mercado todos os dias de negocia\u00e7\u00e3o.<\/p>\n<h2>\n\t\tCapturas de tela de teste de corretores\n\t<\/h2>\n\t\t\t\t\t\t\t\t\t\t\t\t\t\t\t\t\t<a href=\"https:\/\/www.ernsting.com\/wp-content\/uploads\/2021\/01\/btde_tkrechner-1030x785.png\" target=\"_self\" data-caption=\"\" rel=\"noopener\">\n\t\t\t\t\t\t\t\t\t\t<\/a>\n\t\t\t\t\t\t\t\t\t\t\t\t\t\t\t\t\t<a href=\"https:\/\/www.ernsting.com\/wp-content\/uploads\/2021\/01\/btde_home-1030x785.png\" target=\"_self\" data-caption=\"\" rel=\"noopener\">\n\t\t\t\t\t\t\t\t\t\t<\/a>\n\t\t\t\t\t\t\t\t\t\t\t\t\t\t\t\t\t<a href=\"https:\/\/www.ernsting.com\/wp-content\/uploads\/2021\/01\/btde_robo-1030x785.png\" target=\"_self\" data-caption=\"\" rel=\"noopener\">\n\t\t\t\t\t\t\t\t\t\t<\/a>\n\t\t\t\t\t\t\t\t\t\t\t\t\t\t\t\t\t<a href=\"https:\/\/www.ernsting.com\/wp-content\/uploads\/2021\/01\/btde_webinare-1030x785.png\" target=\"_self\" data-caption=\"\" rel=\"noopener\">\n\t\t\t\t\t\t\t\t\t\t<\/a>\n\t\t\t\t\t\t\t\t\t\t\t\t\t\t\t\t\t<a href=\"https:\/\/www.ernsting.com\/wp-content\/uploads\/2021\/01\/btde_news-1030x785.png\" target=\"_self\" data-caption=\"\" rel=\"noopener\">\n\t\t\t\t\t\t\t\t\t\t<\/a>\n\t\t\t\t\t\t\t\t\t\t\t\t\t\t\t\t\t<a href=\"https:\/\/www.ernsting.com\/wp-content\/uploads\/2021\/01\/btde_broker-1030x785.png\" target=\"_self\" data-caption=\"\" rel=\"noopener\">\n\t\t\t\t\t\t\t\t\t\t<\/a>\n\t\t\t\t\t\t\t\t<!-- pagination -->\n\t<p>Clique aqui para ir directamente para <a href=\"https:\/\/broker-test.de\/\" target=\"_blank\" rel=\"noopener\">Teste do corretor<\/a>o portal financeiro l\u00edder no assunto de corretagem e negocia\u00e7\u00e3o.<\/p>","protected":false},"excerpt":{"rendered":"<p>Broker Test Auf Broker-Test.de finden Sie unabh\u00e4ngige und aktuelle Informationen \u00fcber: Online Broker, Forex Broker, CFD Broker, NeoBroker &amp; Futures Broker. Neben umfangreichen Vergleichen der besten Broker im deutschen Markt gibt es auch aktuelle Brokervergleiche der Preise und Geb\u00fchren. Dar\u00fcber hinaus vergleicht Broker Test auch die f\u00fchrenden Anbieter der digitalen Verm\u00f6gensverwaltung, Robo Advisor, und ver\u00f6ffentlicht [&hellip;]<\/p>\n","protected":false},"author":2,"featured_media":0,"parent":2312,"menu_order":0,"comment_status":"closed","ping_status":"closed","template":"","meta":{"footnotes":""},"class_list":["post-2313","page","type-page","status-publish","hentry","wpbf-post"],"_links":{"self":[{"href":"https:\/\/www.ernsting.com\/pt\/wp-json\/wp\/v2\/pages\/2313","targetHints":{"allow":["GET"]}}],"collection":[{"href":"https:\/\/www.ernsting.com\/pt\/wp-json\/wp\/v2\/pages"}],"about":[{"href":"https:\/\/www.ernsting.com\/pt\/wp-json\/wp\/v2\/types\/page"}],"author":[{"embeddable":true,"href":"https:\/\/www.ernsting.com\/pt\/wp-json\/wp\/v2\/users\/2"}],"replies":[{"embeddable":true,"href":"https:\/\/www.ernsting.com\/pt\/wp-json\/wp\/v2\/comments?post=2313"}],"version-history":[{"count":21,"href":"https:\/\/www.ernsting.com\/pt\/wp-json\/wp\/v2\/pages\/2313\/revisions"}],"predecessor-version":[{"id":3024,"href":"https:\/\/www.ernsting.com\/pt\/wp-json\/wp\/v2\/pages\/2313\/revisions\/3024"}],"up":[{"embeddable":true,"href":"https:\/\/www.ernsting.com\/pt\/wp-json\/wp\/v2\/pages\/2312"}],"wp:attachment":[{"href":"https:\/\/www.ernsting.com\/pt\/wp-json\/wp\/v2\/media?parent=2313"}],"curies":[{"name":"wp","href":"https:\/\/api.w.org\/{rel}","templated":true}]}}