{"id":2845,"date":"2021-01-13T17:52:33","date_gmt":"2021-01-13T16:52:33","guid":{"rendered":"https:\/\/www.ernsting.com\/jobs\/programmierer-2\/"},"modified":"2021-12-08T10:45:00","modified_gmt":"2021-12-08T09:45:00","slug":"editor-de-financas","status":"publish","type":"page","link":"https:\/\/www.ernsting.com\/pt\/empregos\/editor-de-financas\/","title":{"rendered":"Editor Financeiro"},"content":{"rendered":"\r\n<h1>Stellenangebot Finanzredakteur<\/h1>\r\n<p>Wir suchen einen Finanzredakteur f\u00fcr eine langfristige Zusammenarbeit. Hauptaufgaben sind eigenst\u00e4ndiger Content-Aufbau, Erstellung und Umsetzung von Redaktionspl\u00e4nen und redaktionelle Begleitung unserer Finanznewsletter.<\/p>\r\n<p>Wenn Du das mitbringst:<\/p>\r\n<ul>\r\n<li>Erfahrung mit dem Thema Finanzen und B\u00f6rse<\/li>\r\n<li>Interesse an weiteren Finanzthemen wie Immobilien, Altersvorsorge, Verm\u00f6gensaufbau, Versicherungen<\/li>\r\n<li>Lust auf neue Themen<\/li>\r\n<\/ul>\r\n<p>Und Dir das gef\u00e4llt:<\/p>\r\n<ul>\r\n<li>Eine angenehme, offene Unternehmens- und Arbeitskultur, die durch einen freundlichen und respektvollen Umgang gepr\u00e4gt ist<\/li>\r\n<li>Komplett von zu Hause arbeiten! Redaktionskonferenzen machen wir via Zoom oder \u00e4hnlichen Video-L\u00f6sungen<\/li>\r\n<li>Fehler machen ist erlaubt: schnell scheitern, neu denken, besser machen \ud83d\ude42<\/li>\r\n<\/ul>\r\n<p>Dann f\u00fcll doch bitte einfach kurz das Formular aus und wir melden uns bei Dir!<\/p>\r\n<h2>Finanzredakteur Formular<\/h2>\r\n<div class=\"frm_forms  with_frm_style frm_style_new-style\" id=\"frm_form_5_container\" >\n<form enctype=\"multipart\/form-data\" method=\"post\" class=\"frm-show-form  frm_pro_form \" id=\"form_jobformular-finanzredakteur\" >\n<div class=\"frm_form_fields \">\n<fieldset>\n<legend class=\"frm_screen_reader\">Job Formular - Finanzredakteur<\/legend>\r\n\r\n<div class=\"frm_fields_container\">\n<input type=\"hidden\" name=\"frm_action\" value=\"create\" \/>\n<input type=\"hidden\" name=\"form_id\" value=\"5\" \/>\n<input type=\"hidden\" name=\"frm_hide_fields_5\" id=\"frm_hide_fields_5\" value=\"\" \/>\n<input type=\"hidden\" name=\"form_key\" value=\"jobformular-finanzredakteur\" \/>\n<input type=\"hidden\" name=\"item_meta[0]\" value=\"\" \/>\n<input type=\"hidden\" id=\"frm_submit_entry_5\" name=\"frm_submit_entry_5\" value=\"37f805fd83\" \/><input type=\"hidden\" name=\"_wp_http_referer\" value=\"\/pt\/wp-json\/wp\/v2\/pages\/2845\" \/><div id=\"frm_field_113_container\" class=\"frm_form_field form-field  frm_required_field frm_top_container frm_half\">\r\n    <label for=\"field_4w22jbfb99ce1c7\" id=\"field_4w22jbfb99ce1c7_label\" class=\"frm_primary_label\">Vorname\r\n        <span class=\"frm_required\">*<\/span>\r\n    <\/label>\r\n    <input  type=\"text\" id=\"field_4w22jbfb99ce1c7\" name=\"item_meta[113]\" value=\"\"  data-reqmsg=\"Vorname cannot be blank.\" aria-required=\"true\" data-invmsg=\"Text is invalid\" aria-invalid=\"false\"   aria-describedby=\"frm_desc_field_4w22jbfb99ce1c7\" \/>\r\n    <div class=\"frm_description\" id=\"frm_desc_field_4w22jbfb99ce1c7\">First Name<\/div>\r\n    \r\n<\/div>\n<div id=\"frm_field_114_container\" class=\"frm_form_field form-field  frm_required_field frm_top_container frm_half\">\r\n    <label for=\"field_j5rug4712e8cc39\" id=\"field_j5rug4712e8cc39_label\" class=\"frm_primary_label\">Nachname\r\n        <span class=\"frm_required\">*<\/span>\r\n    <\/label>\r\n    <input  type=\"text\" id=\"field_j5rug4712e8cc39\" name=\"item_meta[114]\" value=\"\"  data-reqmsg=\"Nachname cannot be blank.\" aria-required=\"true\" data-invmsg=\"Text is invalid\" aria-invalid=\"false\"   aria-describedby=\"frm_desc_field_j5rug4712e8cc39\" \/>\r\n    <div class=\"frm_description\" id=\"frm_desc_field_j5rug4712e8cc39\">Last Name<\/div>\r\n    \r\n<\/div>\n<div id=\"frm_field_115_container\" class=\"frm_form_field form-field  frm_required_field frm_top_container frm6 frm_first\">\r\n    <label for=\"field_tjqwhe5be35352a\" id=\"field_tjqwhe5be35352a_label\" class=\"frm_primary_label\">E-Mail Adresse\r\n        <span class=\"frm_required\">*<\/span>\r\n    <\/label>\r\n    <input type=\"email\" id=\"field_tjqwhe5be35352a\" name=\"item_meta[115]\" value=\"\"  data-reqmsg=\"E-Mail Adresse cannot be blank.\" aria-required=\"true\" data-invmsg=\"Email is invalid\" aria-invalid=\"false\"   aria-describedby=\"frm_desc_field_tjqwhe5be35352a\"\/>\r\n    <div class=\"frm_description\" id=\"frm_desc_field_tjqwhe5be35352a\">Email<\/div>\r\n    \r\n<\/div>\n<div id=\"frm_field_1122_container\" class=\"frm_form_field form-field  frm_required_field frm_top_container frm6\">\r\n\t<label for=\"field_9fqs2\" id=\"field_9fqs2_label\" class=\"frm_primary_label\">Telefon\r\n\t\t<span class=\"frm_required\" aria-hidden=\"true\">*<\/span>\r\n\t<\/label>\r\n\t<input type=\"tel\" id=\"field_9fqs2\" name=\"item_meta[1122]\" value=\"\"  data-reqmsg=\"Dieses Feld darf nicht leer sein.\" aria-required=\"true\" data-invmsg=\"Telefon is invalid\" class=\"frm-intl-tel-input\" aria-invalid=\"false\" pattern=\"\\+?\\d{1,4}[\\s\\-]?(?:\\(\\d{1,3}\\)[\\s\\-]?)?\\d{1,4}[\\s\\-]?\\d{1,4}[\\s\\-]?\\d{1,4}$\"   aria-describedby=\"frm_desc_field_9fqs2\"\/>\r\n\t<div class=\"frm_description\" id=\"frm_desc_field_9fqs2\">Phone<\/div>\r\n\t\r\n<\/div>\n<div id=\"frm_field_117_container\" class=\"frm_form_field  frm_html_container form-field\">&nbsp;<\/p>\n<h2>WO LIEGEN DEINE ST\u00c4RKEN?<\/h2>\n<p>Wir w\u00fcrden gerne vorab wissen, wo Du Deine St\u00e4rken siehst. Wir arbeiten mit vielen Freelancern und Agenturen zusammen und w\u00fcrden gerne jeden dort einsetzen, wo er am Besten ist. Zu jedem Thema kannst Du einen Wert zwischen 0 (kein Wissen) bis 10 (Experte) eingeben.<\/p><\/div>\n<div id=\"frm_field_136_container\" class=\"frm_form_field form-field  frm_required_field frm_top_container frm_half\">\r\n    <label for=\"field_7i8dh949e5d17a8\" id=\"field_7i8dh949e5d17a8_label\" class=\"frm_primary_label\">Trading & Brokerage\r\n        <span class=\"frm_required\">*<\/span>\r\n    <\/label>\r\n    <div class=\"frm_range_container\"><input  data-reqmsg=\"Trading &amp; Brokerage cannot be blank.\" aria-required=\"true\" data-invmsg=\"Slider is invalid\" aria-invalid=\"false\"   min=\"0\" max=\"10\" step=\"1\" type=\"range\" id=\"field_7i8dh949e5d17a8\" name=\"item_meta[136]\" value=\"\"data-frmval=\"\" data-frmrange \/><div class=\"frm-text-center\"><span class=\"frm_range_value\">5<\/span><\/div><\/div>\r\n    \r\n    \r\n<\/div>\n<div id=\"frm_field_146_container\" class=\"frm_form_field form-field  frm_required_field frm_top_container frm_half\">\r\n    <label for=\"field_h2uwo\" id=\"field_h2uwo_label\" class=\"frm_primary_label\">Robo Advisor\r\n        <span class=\"frm_required\">*<\/span>\r\n    <\/label>\r\n    <div class=\"frm_range_container\"><input  data-reqmsg=\"Robo Advisor cannot be blank.\" aria-required=\"true\" data-invmsg=\"Slider is invalid\" aria-invalid=\"false\"   min=\"0\" max=\"10\" step=\"1\" type=\"range\" id=\"field_h2uwo\" name=\"item_meta[146]\" value=\"\"data-frmval=\"\" data-frmrange \/><div class=\"frm-text-center\"><span class=\"frm_range_value\">5<\/span><\/div><\/div>\r\n    \r\n    \r\n<\/div>\n<div id=\"frm_field_141_container\" class=\"frm_form_field form-field  frm_required_field frm_top_container frm6 frm_first\">\r\n    <label for=\"field_i7g8ea4b264801f\" id=\"field_i7g8ea4b264801f_label\" class=\"frm_primary_label\">ETFs & Fonds\r\n        <span class=\"frm_required\">*<\/span>\r\n    <\/label>\r\n    <div class=\"frm_range_container\"><input  data-reqmsg=\"ETFs &amp; Fonds cannot be blank.\" aria-required=\"true\" data-invmsg=\"Slider is invalid\" aria-invalid=\"false\"   min=\"0\" max=\"10\" step=\"1\" type=\"range\" id=\"field_i7g8ea4b264801f\" name=\"item_meta[141]\" value=\"\"data-frmval=\"\" data-frmrange \/><div class=\"frm-text-center\"><span class=\"frm_range_value\">5<\/span><\/div><\/div>\r\n    \r\n    \r\n<\/div>\n<div id=\"frm_field_147_container\" class=\"frm_form_field form-field  frm_required_field frm_top_container frm6\">\r\n    <label for=\"field_zjce8\" id=\"field_zjce8_label\" class=\"frm_primary_label\">Immobilien\r\n        <span class=\"frm_required\">*<\/span>\r\n    <\/label>\r\n    <div class=\"frm_range_container\"><input  data-reqmsg=\"Immobilien cannot be blank.\" aria-required=\"true\" data-invmsg=\"Slider is invalid\" aria-invalid=\"false\"   min=\"0\" max=\"10\" step=\"1\" type=\"range\" id=\"field_zjce8\" name=\"item_meta[147]\" value=\"\"data-frmval=\"\" data-frmrange \/><div class=\"frm-text-center\"><span class=\"frm_range_value\">5<\/span><\/div><\/div>\r\n    \r\n    \r\n<\/div>\n<div id=\"frm_field_148_container\" class=\"frm_form_field form-field  frm_required_field frm_top_container frm6 frm_first\">\r\n    <label for=\"field_zhzrq\" id=\"field_zhzrq_label\" class=\"frm_primary_label\">Versicherungen\r\n        <span class=\"frm_required\">*<\/span>\r\n    <\/label>\r\n    <div class=\"frm_range_container\"><input  data-reqmsg=\"Versicherungen cannot be blank.\" aria-required=\"true\" data-invmsg=\"Slider is invalid\" aria-invalid=\"false\"   min=\"0\" max=\"10\" step=\"1\" type=\"range\" id=\"field_zhzrq\" name=\"item_meta[148]\" value=\"\"data-frmval=\"\" data-frmrange \/><div class=\"frm-text-center\"><span class=\"frm_range_value\">5<\/span><\/div><\/div>\r\n    \r\n    \r\n<\/div>\n<div id=\"frm_field_149_container\" class=\"frm_form_field form-field  frm_required_field frm_top_container frm6\">\r\n    <label for=\"field_fx7nw\" id=\"field_fx7nw_label\" class=\"frm_primary_label\">Redaktionsplanung\r\n        <span class=\"frm_required\">*<\/span>\r\n    <\/label>\r\n    <div class=\"frm_range_container\"><input  data-reqmsg=\"Redaktionsplanung cannot be blank.\" aria-required=\"true\" data-invmsg=\"Slider is invalid\" aria-invalid=\"false\"   min=\"0\" max=\"10\" step=\"1\" type=\"range\" id=\"field_fx7nw\" name=\"item_meta[149]\" value=\"\"data-frmval=\"\" data-frmrange \/><div class=\"frm-text-center\"><span class=\"frm_range_value\">5<\/span><\/div><\/div>\r\n    \r\n    \r\n<\/div>\n<div id=\"frm_field_919_container\" class=\"frm_form_field  frm_html_container form-field\">\n<p>\u00a0<\/p>\n<h2>Technisches KnowHow<\/h2>\n<p>Als reiner Internet Verlag spielt ein hohes Technikverst\u00e4ndnis f\u00fcr uns eine wichtige Rolle.<\/p>\n<\/div>\n<div id=\"frm_field_118_container\" class=\"frm_form_field form-field  frm_required_field frm_top_container frm6 frm_first\">\r\n    <label for=\"field_fctax5b790a93fe\" id=\"field_fctax5b790a93fe_label\" class=\"frm_primary_label\">Wordpress\r\n        <span class=\"frm_required\">*<\/span>\r\n    <\/label>\r\n    <div class=\"frm_range_container\"><input  data-reqmsg=\"Wordpress cannot be blank.\" aria-required=\"true\" data-invmsg=\"Slider is invalid\" aria-invalid=\"false\"   min=\"0\" max=\"10\" step=\"1\" type=\"range\" id=\"field_fctax5b790a93fe\" name=\"item_meta[118]\" value=\"\"data-frmval=\"\" data-frmrange \/><div class=\"frm-text-center\"><span class=\"frm_range_value\">5<\/span><\/div><\/div>\r\n    \r\n    \r\n<\/div>\n<div id=\"frm_field_920_container\" class=\"frm_form_field form-field  frm_required_field frm_top_container frm6\">\r\n    <label for=\"field_110sf\" id=\"field_110sf_label\" class=\"frm_primary_label\">HTML\r\n        <span class=\"frm_required\">*<\/span>\r\n    <\/label>\r\n    <div class=\"frm_range_container\"><input  data-reqmsg=\"HTML cannot be blank.\" aria-required=\"true\" data-invmsg=\"Slider is invalid\" aria-invalid=\"false\"   min=\"0\" max=\"10\" step=\"1\" type=\"range\" id=\"field_110sf\" name=\"item_meta[920]\" value=\"\"data-frmval=\"\" data-frmrange \/><div class=\"frm-text-center\"><span class=\"frm_range_value\">5<\/span><\/div><\/div>\r\n    \r\n    \r\n<\/div>\n<div id=\"frm_field_924_container\" class=\"frm_form_field  frm_html_container form-field\">\n<p><\/p>\n<\/div>\n<div id=\"frm_field_921_container\" class=\"frm_form_field form-field  frm_required_field frm_top_container frm4 frm_first\">\r\n    <label for=\"field_m5pt1\" id=\"field_m5pt1_label\" class=\"frm_primary_label\">Stundenlohn f\u00fcr 1-10 Stunden\/Monat\r\n        <span class=\"frm_required\" aria-hidden=\"true\">*<\/span>\r\n    <\/label>\r\n    <div class=\"frm_input_group frm_with_box frm_with_post\"><input type=\"number\" id=\"field_m5pt1\" name=\"item_meta[921]\" value=\"\" data-reqmsg=\"Dieses Feld darf nicht leer sein.\" aria-required=\"true\" data-invmsg=\"Number is invalid\" aria-invalid=\"false\"   min=\"0\" max=\"9999999\" step=\"any\" \/><span class=\"frm_inline_box\">Euro<\/span><\/div>\r\n    \r\n    \r\n<\/div>\n<div id=\"frm_field_922_container\" class=\"frm_form_field form-field  frm_required_field frm_top_container frm4\">\r\n    <label for=\"field_j92hl\" id=\"field_j92hl_label\" class=\"frm_primary_label\">Stundenlohn f\u00fcr 11-25 Stunden\/Monat\r\n        <span class=\"frm_required\" aria-hidden=\"true\">*<\/span>\r\n    <\/label>\r\n    <div class=\"frm_input_group frm_with_box frm_with_post\"><input type=\"number\" id=\"field_j92hl\" name=\"item_meta[922]\" value=\"\" data-reqmsg=\"Dieses Feld darf nicht leer sein.\" aria-required=\"true\" data-invmsg=\"Number is invalid\" aria-invalid=\"false\"   min=\"0\" max=\"9999999\" step=\"any\" \/><span class=\"frm_inline_box\">Euro<\/span><\/div>\r\n    \r\n    \r\n<\/div>\n<div id=\"frm_field_923_container\" class=\"frm_form_field form-field  frm_required_field frm_top_container frm4 frm4\">\r\n    <label for=\"field_5grzo\" id=\"field_5grzo_label\" class=\"frm_primary_label\">Stundenlohn f\u00fcr 26+ Stunden\/Monat\r\n        <span class=\"frm_required\" aria-hidden=\"true\">*<\/span>\r\n    <\/label>\r\n    <div class=\"frm_input_group frm_with_box frm_with_post\"><input type=\"number\" id=\"field_5grzo\" name=\"item_meta[923]\" value=\"\" data-reqmsg=\"Dieses Feld darf nicht leer sein.\" aria-required=\"true\" data-invmsg=\"Number is invalid\" aria-invalid=\"false\"   min=\"0\" max=\"9999999\" step=\"any\" \/><span class=\"frm_inline_box\">Euro<\/span><\/div>\r\n    \r\n    \r\n<\/div>\n<div id=\"frm_field_925_container\" class=\"frm_form_field  frm_html_container form-field\">\n<p><\/p>\n<\/div>\n<div id=\"frm_field_142_container\" class=\"frm_form_field form-field  frm_required_field frm_top_container\">\r\n    <label for=\"field_3xgu106ba4f8fef\" id=\"field_3xgu106ba4f8fef_label\" class=\"frm_primary_label\">Du kannst noch mehr?\r\n        <span class=\"frm_required\">*<\/span>\r\n    <\/label>\r\n    <textarea name=\"item_meta[142]\" id=\"field_3xgu106ba4f8fef\" rows=\"4\"  placeholder=\"Bitte schreib uns, was Du sonst noch gut kannst! Oder welches Thema Dich gerade besonders interessiert ...\" data-reqmsg=\"Du kannst noch mehr? cannot be blank.\" aria-required=\"true\" data-invmsg=\"Du kannst noch mehr? is invalid\" aria-invalid=\"false\"  ><\/textarea>\r\n    \r\n    \r\n<\/div>\n<div id=\"frm_field_143_container\" class=\"frm_form_field form-field  frm_required_field frm_top_container\">\r\n    <label for=\"field_gjnzd9a9c9725f9\" id=\"field_gjnzd9a9c9725f9_label\" class=\"frm_primary_label\">Referenzen\r\n        <span class=\"frm_required\">*<\/span>\r\n    <\/label>\r\n    <textarea name=\"item_meta[143]\" id=\"field_gjnzd9a9c9725f9\" rows=\"4\"  placeholder=\"Bitte schreib hier ein paar Referenzen rein (inkl. URL) und was Du beim jeweiligen Projekt gemacht hast. Danke :)\" data-reqmsg=\"Referenzen cannot be blank.\" aria-required=\"true\" data-invmsg=\"Referenzen is invalid\" aria-invalid=\"false\"  ><\/textarea>\r\n    \r\n    \r\n<\/div>\n<div id=\"frm_field_1121_container\" class=\"frm_form_field form-field \">\r\n\t<div class=\"frm_submit\">\r\n\r\n<button class=\"frm_button_submit frm_final_submit\" type=\"submit\"   formnovalidate=\"formnovalidate\">Absenden<\/button>\r\n\r\n<\/div>\r\n<\/div>\n\t<input type=\"hidden\" name=\"item_key\" value=\"\" \/>\n\t\t\t<div id=\"frm_field_1135_container\">\n\t\t\t<label for=\"field_zzfl4\" >\n\t\t\t\tIf you are human, leave this field blank.\t\t\t<\/label>\n\t\t\t<input  id=\"field_zzfl4\" type=\"text\" class=\"frm_form_field form-field frm_verify\" name=\"item_meta[1135]\" value=\"\"  \/>\n\t\t<\/div>\n\t\t<input name=\"frm_state\" type=\"hidden\" value=\"cq2giyX3Dv8YeISHh6UmGsEVojOQ70V75rHiWPCqyPYQ4yQre23MgrwmmsNpHz0X\" \/><\/div>\n<\/fieldset>\n<\/div>\n\n<\/form>\n<\/div>\n\r\n","protected":false},"excerpt":{"rendered":"<p>Stellenangebot Finanzredakteur Wir suchen einen Finanzredakteur f\u00fcr eine langfristige Zusammenarbeit. Hauptaufgaben sind eigenst\u00e4ndiger Content-Aufbau, Erstellung und Umsetzung von Redaktionspl\u00e4nen und redaktionelle Begleitung unserer Finanznewsletter. Wenn Du das mitbringst: Erfahrung mit dem Thema Finanzen und B\u00f6rse Interesse an weiteren Finanzthemen wie Immobilien, Altersvorsorge, Verm\u00f6gensaufbau, Versicherungen Lust auf neue Themen Und Dir das gef\u00e4llt: Eine angenehme, offene [&hellip;]<\/p>\n","protected":false},"author":1,"featured_media":0,"parent":2317,"menu_order":0,"comment_status":"closed","ping_status":"closed","template":"","meta":{"footnotes":""},"class_list":["post-2845","page","type-page","status-publish","hentry","wpbf-post"],"_links":{"self":[{"href":"https:\/\/www.ernsting.com\/pt\/wp-json\/wp\/v2\/pages\/2845","targetHints":{"allow":["GET"]}}],"collection":[{"href":"https:\/\/www.ernsting.com\/pt\/wp-json\/wp\/v2\/pages"}],"about":[{"href":"https:\/\/www.ernsting.com\/pt\/wp-json\/wp\/v2\/types\/page"}],"author":[{"embeddable":true,"href":"https:\/\/www.ernsting.com\/pt\/wp-json\/wp\/v2\/users\/1"}],"replies":[{"embeddable":true,"href":"https:\/\/www.ernsting.com\/pt\/wp-json\/wp\/v2\/comments?post=2845"}],"version-history":[{"count":14,"href":"https:\/\/www.ernsting.com\/pt\/wp-json\/wp\/v2\/pages\/2845\/revisions"}],"predecessor-version":[{"id":3172,"href":"https:\/\/www.ernsting.com\/pt\/wp-json\/wp\/v2\/pages\/2845\/revisions\/3172"}],"up":[{"embeddable":true,"href":"https:\/\/www.ernsting.com\/pt\/wp-json\/wp\/v2\/pages\/2317"}],"wp:attachment":[{"href":"https:\/\/www.ernsting.com\/pt\/wp-json\/wp\/v2\/media?parent=2845"}],"curies":[{"name":"wp","href":"https:\/\/api.w.org\/{rel}","templated":true}]}}