{"id":3035,"date":"2021-01-19T09:21:14","date_gmt":"2021-01-19T08:21:14","guid":{"rendered":"https:\/\/www.ernsting.com\/newsletter\/newsletter-anmeldung\/"},"modified":"2021-05-14T10:42:55","modified_gmt":"2021-05-14T09:42:55","slug":"registo-no-boletim-informativo","status":"publish","type":"page","link":"https:\/\/www.ernsting.com\/pt\/boletim-informativo\/registo-no-boletim-informativo\/","title":{"rendered":"Subscri\u00e7\u00e3o da newsletter: Informa\u00e7\u00e3o financeira no fim-de-semana"},"content":{"rendered":"<h1>\n\t\tSubscri\u00e7\u00e3o da newsletter\n\t<\/h1>\n<h2>\n\t\tInforma\u00e7\u00e3o financeira no fim-de-semana - Boletim informativo\n\t<\/h2>\n\t<div class='_form_1'><\/div><script type='text\/javascript' src='https:\/\/ernsting55266.activehosted.com\/f\/embed.php?static=0&id=1&69F253EE01AAE&nostyles=0&preview=0'><\/script>\n\t<h5>Ao clicar em \"Enviar\", autorizo o tratamento dos meus dados pessoais em conformidade com a <a href=\"\/kontakt\/impressum-agb-datenschutz\/\">Pol\u00edtica de privacidade<\/a> concordar.<\/h5>\n<p>Pode cancelar a sua inscri\u00e7\u00e3o nos nossos boletins gratuitos a qualquer momento sem qualquer problema! Basta experimentar - reportamos semanalmente ac\u00e7\u00f5es interessantes, dividendos, ETFs, obriga\u00e7\u00f5es, compara\u00e7\u00f5es de corretores, investimento de capital, provis\u00e3o de velhice, impostos, pens\u00f5es, consultores de rob\u00f3tica, financiamento de constru\u00e7\u00e3o, investimento de valor, optimiza\u00e7\u00e3o de rendimento e muitos outros t\u00f3picos excitantes!<\/p>","protected":false},"excerpt":{"rendered":"<p>Newsletter Anmeldung Finanzinfos am Wochenende &#8211; Newsletter Durch Klicken auf &#8222;Abschicken&#8220; erkl\u00e4re ich mich mit der Verarbeitung meiner pers\u00f6nlichen Daten gem\u00e4\u00df der Datenschutzerkl\u00e4rung einverstanden. Sie k\u00f6nnen sich jederzeit aus unseren kostenlosen Newslettern ohne Probleme wieder abmelden! Einfach mal testen &#8211; wir berichten w\u00f6chentlich \u00fcber interessante Aktienwerte, Dividenden, ETFs, Anleihen, Broker Vergleiche, Kapitalanlage, Altersvorsorge, Steuern, Rente, [&hellip;]<\/p>\n","protected":false},"author":1,"featured_media":0,"parent":2300,"menu_order":4,"comment_status":"closed","ping_status":"closed","template":"","meta":{"footnotes":""},"class_list":["post-3035","page","type-page","status-publish","hentry","wpbf-post"],"_links":{"self":[{"href":"https:\/\/www.ernsting.com\/pt\/wp-json\/wp\/v2\/pages\/3035","targetHints":{"allow":["GET"]}}],"collection":[{"href":"https:\/\/www.ernsting.com\/pt\/wp-json\/wp\/v2\/pages"}],"about":[{"href":"https:\/\/www.ernsting.com\/pt\/wp-json\/wp\/v2\/types\/page"}],"author":[{"embeddable":true,"href":"https:\/\/www.ernsting.com\/pt\/wp-json\/wp\/v2\/users\/1"}],"replies":[{"embeddable":true,"href":"https:\/\/www.ernsting.com\/pt\/wp-json\/wp\/v2\/comments?post=3035"}],"version-history":[{"count":6,"href":"https:\/\/www.ernsting.com\/pt\/wp-json\/wp\/v2\/pages\/3035\/revisions"}],"predecessor-version":[{"id":3221,"href":"https:\/\/www.ernsting.com\/pt\/wp-json\/wp\/v2\/pages\/3035\/revisions\/3221"}],"up":[{"embeddable":true,"href":"https:\/\/www.ernsting.com\/pt\/wp-json\/wp\/v2\/pages\/2300"}],"wp:attachment":[{"href":"https:\/\/www.ernsting.com\/pt\/wp-json\/wp\/v2\/media?parent=3035"}],"curies":[{"name":"wp","href":"https:\/\/api.w.org\/{rel}","templated":true}]}}