{"id":3850,"date":"2023-11-11T14:33:39","date_gmt":"2023-11-11T13:33:39","guid":{"rendered":"https:\/\/www.ernsting.com\/?page_id=3850"},"modified":"2025-05-01T19:59:44","modified_gmt":"2025-05-01T18:59:44","slug":"publicitario","status":"publish","type":"page","link":"https:\/\/www.ernsting.com\/pt\/meios-de-comunicacao\/publicitario\/","title":{"rendered":"Reserva de an\u00fancios"},"content":{"rendered":"<h1>\n\t\tReserva de an\u00fancios\n\t<\/h1>\n\t<p>Broker-Test.de ist das f\u00fchrende deutsche Brokerportal und bietet mit dem sonnt\u00e4glich erscheinenden Newsletter &#8222;Finanzinfos am Wochenende&#8220; einen der reichweitenst\u00e4rksten Finanznewsletter (160.000 Leser) im deutschsprachigen Raum an.<\/p>\n<p>Todas as semanas, oferecemos aos nossos leitores an\u00e1lises aprofundadas e apresentamos produtos interessantes do mundo das finan\u00e7as.<\/p>\n<p>A taxa m\u00e9dia de abertura do nosso boletim informativo financeiro \u00e9 de 42%.<\/p>\n<p>&nbsp;<\/p>","protected":false},"excerpt":{"rendered":"<p>Advertorial Buchung Broker-Test.de ist das f\u00fchrende deutsche Brokerportal und bietet mit dem sonnt\u00e4glich erscheinenden Newsletter &#8222;Finanzinfos am Wochenende&#8220; einen der reichweitenst\u00e4rksten Finanznewsletter (160.000 Leser) im deutschsprachigen Raum an. Wir bieten unseren Lesern Woche f\u00fcr Woche tiefgehende Analysen und stellen spannende Produkte aus der Finanzwelt vor. Die durchschnittliche \u00d6ffnungsrate unseres Finanznewsletters liegt bei 42%. &nbsp;<\/p>","protected":false},"author":2,"featured_media":0,"parent":2292,"menu_order":0,"comment_status":"closed","ping_status":"closed","template":"","meta":{"footnotes":""},"class_list":["post-3850","page","type-page","status-publish","hentry","wpbf-post"],"_links":{"self":[{"href":"https:\/\/www.ernsting.com\/pt\/wp-json\/wp\/v2\/pages\/3850","targetHints":{"allow":["GET"]}}],"collection":[{"href":"https:\/\/www.ernsting.com\/pt\/wp-json\/wp\/v2\/pages"}],"about":[{"href":"https:\/\/www.ernsting.com\/pt\/wp-json\/wp\/v2\/types\/page"}],"author":[{"embeddable":true,"href":"https:\/\/www.ernsting.com\/pt\/wp-json\/wp\/v2\/users\/2"}],"replies":[{"embeddable":true,"href":"https:\/\/www.ernsting.com\/pt\/wp-json\/wp\/v2\/comments?post=3850"}],"version-history":[{"count":28,"href":"https:\/\/www.ernsting.com\/pt\/wp-json\/wp\/v2\/pages\/3850\/revisions"}],"predecessor-version":[{"id":4027,"href":"https:\/\/www.ernsting.com\/pt\/wp-json\/wp\/v2\/pages\/3850\/revisions\/4027"}],"up":[{"embeddable":true,"href":"https:\/\/www.ernsting.com\/pt\/wp-json\/wp\/v2\/pages\/2292"}],"wp:attachment":[{"href":"https:\/\/www.ernsting.com\/pt\/wp-json\/wp\/v2\/media?parent=3850"}],"curies":[{"name":"wp","href":"https:\/\/api.w.org\/{rel}","templated":true}]}}