{"id":2296,"date":"2017-08-22T18:13:02","date_gmt":"2017-08-22T17:13:02","guid":{"rendered":"https:\/\/www.ernsting.com\/devisen-alarm\/"},"modified":"2021-01-07T00:01:19","modified_gmt":"2021-01-06T23:01:19","slug":"doeviz-alarmi","status":"publish","type":"page","link":"https:\/\/www.ernsting.com\/tr\/portallar\/doeviz-alarmi\/","title":{"rendered":"D\u00f6viz uyar\u0131s\u0131"},"content":{"rendered":"<p>Forex Alert, al\u0131m sat\u0131mlar\u0131 i\u00e7in sayg\u0131n bir sinyal hizmeti kullanmak isteyen yat\u0131r\u0131mc\u0131lara y\u00f6neliktir. Forex Alert, SMS, RSS ve e-posta yoluyla en b\u00fcy\u00fck d\u00f6viz \u00e7iftlerinde kesin al\u0131m sat\u0131m sinyallerine ek olarak, en \u00f6nemli d\u00f6viz \u00e7iftlerinin analizlerini de sa\u011flar. Ayr\u0131ca, \"<a title=\"G\u00fcnl\u00fck Forex sinyalleri\" href=\"https:\/\/broker-test.de\/trading-news\/forex-signale-taeglich-17113\/\" target=\"_blank\" rel=\"noopener\">G\u00fcnl\u00fck Forex sinyalleri<\/a>\" bir borsa g\u00fcnl\u00fck g\u00fcncellemesi.<\/p>\n<p>Ayr\u0131ca, siteyi ziyaret edenler, yakla\u015fan ekonomik verileri i\u00e7eren k\u0131sa bir g\u00fcnl\u00fck g\u00f6r\u00fcn\u00fcme eri\u015febilirler.<a title=\"Forex g\u00fcnl\u00fck g\u00f6r\u00fcn\u00fcm\u00fc ve ekonomik veriler\" href=\"http:\/\/www.devisen-alarm.de\/tagesausblick\/\" target=\"_blank\" rel=\"noopener\">\u00a0<\/a>yan\u0131 s\u0131ra d\u00f6viz piyasalar\u0131 hakk\u0131nda kapsaml\u0131 bilgi ve yay\u0131nlar sunmaktad\u0131r. Ayr\u0131ca performans<a title=\"Ticaret sinyallerinin performans\u0131\" href=\"http:\/\/www.devisen-alarm.de\/performance\/\" target=\"_blank\" rel=\"noopener\">\u00a0<\/a>d\u00f6viz uyar\u0131s\u0131 g\u00fcncel \u00f6rnek i\u015flemlerle birlikte g\u00f6sterilmektedir.<\/p>\n<p><em>Not: D\u00f6viz uyar\u0131s\u0131 \u015fu anda duraklat\u0131lm\u0131\u015ft\u0131r ve daha sonraki bir tarihte yeniden etkinle\u015ftirilecektir.<\/em><\/p>","protected":false},"excerpt":{"rendered":"<p>Der Devisen-Alarm richtet sich an Trader, die f\u00fcr ihre Gesch\u00e4fte auf einen seri\u00f6sen Signaldienst zur\u00fcckgreifen wollen. Neben genauen Handelssignalen zu den gr\u00f6\u00dften Devisen-Paaren per SMS, RSS und E-Mail liefert der Devisen-Alarm auch Analysen der wichtigsten W\u00e4hrungspaare. Dar\u00fcber hinaus gibt es mit \u201eForex Signale t\u00e4glich\u201c ein b\u00f6rsent\u00e4gliches Update. Au\u00dferdem k\u00f6nnen Besucher der Seite t\u00e4glich auf einen [&hellip;]<\/p>\n","protected":false},"author":2,"featured_media":0,"parent":2312,"menu_order":2,"comment_status":"closed","ping_status":"closed","template":"","meta":{"footnotes":""},"class_list":["post-2296","page","type-page","status-publish","hentry","wpbf-post"],"_links":{"self":[{"href":"https:\/\/www.ernsting.com\/tr\/wp-json\/wp\/v2\/pages\/2296","targetHints":{"allow":["GET"]}}],"collection":[{"href":"https:\/\/www.ernsting.com\/tr\/wp-json\/wp\/v2\/pages"}],"about":[{"href":"https:\/\/www.ernsting.com\/tr\/wp-json\/wp\/v2\/types\/page"}],"author":[{"embeddable":true,"href":"https:\/\/www.ernsting.com\/tr\/wp-json\/wp\/v2\/users\/2"}],"replies":[{"embeddable":true,"href":"https:\/\/www.ernsting.com\/tr\/wp-json\/wp\/v2\/comments?post=2296"}],"version-history":[{"count":3,"href":"https:\/\/www.ernsting.com\/tr\/wp-json\/wp\/v2\/pages\/2296\/revisions"}],"predecessor-version":[{"id":2776,"href":"https:\/\/www.ernsting.com\/tr\/wp-json\/wp\/v2\/pages\/2296\/revisions\/2776"}],"up":[{"embeddable":true,"href":"https:\/\/www.ernsting.com\/tr\/wp-json\/wp\/v2\/pages\/2312"}],"wp:attachment":[{"href":"https:\/\/www.ernsting.com\/tr\/wp-json\/wp\/v2\/media?parent=2296"}],"curies":[{"name":"wp","href":"https:\/\/api.w.org\/{rel}","templated":true}]}}