{"id":2297,"date":"2017-08-22T18:13:39","date_gmt":"2017-08-22T17:13:39","guid":{"rendered":"https:\/\/www.ernsting.com\/rohstoff-alarm\/"},"modified":"2021-01-07T00:14:45","modified_gmt":"2021-01-06T23:14:45","slug":"hammadde-alarmi","status":"publish","type":"page","link":"https:\/\/www.ernsting.com\/tr\/portallar\/hammadde-alarmi\/","title":{"rendered":"Hammadde uyar\u0131s\u0131"},"content":{"rendered":"<p>Commodity Alert, emtia ticareti i\u00e7in bir tavsiye hizmetidir. Aboneler, t\u00fcccar\u0131m\u0131z\u0131n ticaret \u00f6nerilerini ger\u00e7ek zamanl\u0131 olarak al\u0131r ve bunlar\u0131 \u00e7o\u011faltabilir. \u0130lgili bir analiz de sunulmaktad\u0131r.<\/p>\n<p>Emtia alarm\u0131, ba\u015fta alt\u0131n ve g\u00fcm\u00fc\u015f olmak \u00fczere k\u00fcresel emtia piyasalar\u0131n\u0131 kapsamaktad\u0131r, <a href=\"https:\/\/broker-test.de\/finanzwissen\/investmenttrends\/seltene-erden\/was-sind-seltene-erden\/\" target=\"_blank\" rel=\"noopener\" data-schema-attribute=\"about\">Nadir topraklar<\/a>uranyum, paladyum ve di\u011fer ilgin\u00e7 emtialar.<\/p>\n<p>Ayr\u0131ca, emtia alarm\u0131 \u00fccretsiz bir haber ve bilgi portal\u0131, belirli bir emtian\u0131n emtia fiyat\u0131n\u0131n geli\u015fimine ili\u015fkin \u00fccretsiz haftal\u0131k analiz ve \u00fccretsiz bir haftal\u0131k b\u00fclten i\u00e7erir.<\/p>\n<p>Not: Emtia uyar\u0131s\u0131 \u015fu anda duraklat\u0131lm\u0131\u015ft\u0131r ve daha sonraki bir tarihte yeniden etkinle\u015ftirilecektir.<\/p>","protected":false},"excerpt":{"rendered":"<p>Der Rohstoff-Alarm ist ein Empfehlungsdienst f\u00fcr den Rohstoffhandel. Abonnenten bekommen die\u00a0Handelsempfehlungen unseres Traders in Echtzeit zugestellt und k\u00f6nnen diese nachbilden. Eine entsprechende Analyse wird ebenfalls geliefert. Der Rohstoff-Alarm behandelt die weltweiten Rohstoffm\u00e4rkte &#8211; haupts\u00e4chlich geht es um Gold, Silber, Seltene Erden, Uranium, Palladium und weitere interessante Commodities. Weiterhin umfasst der Rohstoff-Alarm ein kostenloses News- und [&hellip;]<\/p>\n","protected":false},"author":2,"featured_media":0,"parent":2312,"menu_order":4,"comment_status":"closed","ping_status":"closed","template":"","meta":{"footnotes":""},"class_list":["post-2297","page","type-page","status-publish","hentry","wpbf-post"],"_links":{"self":[{"href":"https:\/\/www.ernsting.com\/tr\/wp-json\/wp\/v2\/pages\/2297","targetHints":{"allow":["GET"]}}],"collection":[{"href":"https:\/\/www.ernsting.com\/tr\/wp-json\/wp\/v2\/pages"}],"about":[{"href":"https:\/\/www.ernsting.com\/tr\/wp-json\/wp\/v2\/types\/page"}],"author":[{"embeddable":true,"href":"https:\/\/www.ernsting.com\/tr\/wp-json\/wp\/v2\/users\/2"}],"replies":[{"embeddable":true,"href":"https:\/\/www.ernsting.com\/tr\/wp-json\/wp\/v2\/comments?post=2297"}],"version-history":[{"count":4,"href":"https:\/\/www.ernsting.com\/tr\/wp-json\/wp\/v2\/pages\/2297\/revisions"}],"predecessor-version":[{"id":2778,"href":"https:\/\/www.ernsting.com\/tr\/wp-json\/wp\/v2\/pages\/2297\/revisions\/2778"}],"up":[{"embeddable":true,"href":"https:\/\/www.ernsting.com\/tr\/wp-json\/wp\/v2\/pages\/2312"}],"wp:attachment":[{"href":"https:\/\/www.ernsting.com\/tr\/wp-json\/wp\/v2\/media?parent=2297"}],"curies":[{"name":"wp","href":"https:\/\/api.w.org\/{rel}","templated":true}]}}