{"id":2298,"date":"2017-08-22T18:14:05","date_gmt":"2017-08-22T17:14:05","guid":{"rendered":"https:\/\/www.ernsting.com\/insider-alarm\/"},"modified":"2021-01-17T22:41:33","modified_gmt":"2021-01-17T21:41:33","slug":"iceriden-alarm","status":"publish","type":"page","link":"https:\/\/www.ernsting.com\/tr\/portallar\/iceriden-alarm\/","title":{"rendered":"\u0130\u00e7eriden uyar\u0131"},"content":{"rendered":"<h1>\n\t\t\u0130\u00e7eriden uyar\u0131\n\t<\/h1>\n\t\t\t\t<a href=\"https:\/\/www.insider-alarm.de\" target=\"_blank\" rel=\"noopener\" itemprop=\"url\">\n\t\t\t\t<img loading=\"lazy\" decoding=\"async\" src=\"https:\/\/www.ernsting.com\/wp-content\/uploads\/2021\/01\/Logo_Insider_Alarm_2020_web-02-300x108.png\" alt=\"Logo Insider Alarm 2020 Web 02\" itemprop=\"image\" height=\"108\" width=\"300\" title=\"Logo Insider Alarm 2020 Web 02\" onerror=\"this.style.display='none'\"  \/>\n\t\t\t\t<\/a>\n\t<p>Insider Alert, i\u00e7eriden \u00f6\u011frenenler olarak adland\u0131r\u0131lan ki\u015filerin piyasadaki i\u015flemlerini kaydeden ve analiz eden bir bilgi hizmetidir (y\u00f6neticilerin i\u015flemleri olarak adland\u0131r\u0131l\u0131r). Borsada i\u015flem g\u00f6ren \u015firketlerin liderleri, i\u015fverenlerinin hisselerindeki i\u015flemleri bildirmekle y\u00fck\u00fcml\u00fcd\u00fcr.<\/p>\n<p>\u00c7o\u011funlukla ad hoc raporlar \u015feklinde olan bu raporlar filtrelenir ve i\u015flenir. Okuyucu do\u011frudan e-posta ile bilgilendirilir. Hizmet ayr\u0131ca i\u00e7eriden \u00f6\u011frenenlerin davran\u0131\u015flar\u0131na ili\u015fkin d\u00fczenli duyarl\u0131l\u0131k analizini de i\u00e7ermektedir.<\/p>\n<p>Hizmet, i\u00e7eriden \u00f6\u011frenenlerin ticaretinden k\u00e2r elde etmek isteyen profesyonel yat\u0131r\u0131mc\u0131lara y\u00f6neliktir.<\/p>\n<h2>\n\t\tInsider Alarm Ekran G\u00f6r\u00fcnt\u00fcleri\n\t<\/h2>\n\t\t\t\t\t\t\t\t\t\t\t\t\t\t\t\t\t<a href=\"https:\/\/www.ernsting.com\/wp-content\/uploads\/2021\/01\/iade_insider-faq-1030x785.png\" target=\"_self\" data-caption=\"\" rel=\"noopener\">\n\t\t\t\t\t\t\t\t\t\t<\/a>\n\t\t\t\t\t\t\t\t\t\t\t\t\t\t\t\t\t<a href=\"https:\/\/www.ernsting.com\/wp-content\/uploads\/2021\/01\/iade_home-1030x785.png\" target=\"_self\" data-caption=\"\" rel=\"noopener\">\n\t\t\t\t\t\t\t\t\t\t<\/a>\n\t\t\t\t\t\t\t\t\t\t\t\t\t\t\t\t\t<a href=\"https:\/\/www.ernsting.com\/wp-content\/uploads\/2021\/01\/iade_sentiment-analysen-1030x785.png\" target=\"_self\" data-caption=\"\" rel=\"noopener\">\n\t\t\t\t\t\t\t\t\t\t<\/a>\n\t\t\t\t\t\t\t\t\t\t\t\t\t\t\t\t\t<a href=\"https:\/\/www.ernsting.com\/wp-content\/uploads\/2021\/01\/iade_bafin-hebt-schwellenwert-1030x785.png\" target=\"_self\" data-caption=\"\" rel=\"noopener\">\n\t\t\t\t\t\t\t\t\t\t<\/a>\n\t\t\t\t\t\t\t\t\t\t\t\t\t\t\t\t\t<a href=\"https:\/\/www.ernsting.com\/wp-content\/uploads\/2021\/01\/iade_directors-dealings-1030x785.png\" target=\"_self\" data-caption=\"\" rel=\"noopener\">\n\t\t\t\t\t\t\t\t\t\t<\/a>\n\t\t\t\t\t\t\t\t\t\t\t\t\t\t\t\t\t<a href=\"https:\/\/www.ernsting.com\/wp-content\/uploads\/2021\/01\/iade_trading-performance-1030x785.png\" target=\"_self\" data-caption=\"\" rel=\"noopener\">\n\t\t\t\t\t\t\t\t\t\t<\/a>\n\t\t\t\t\t\t\t\t<!-- pagination -->\n\t<p>Borsa portal\u0131 Insider Alarm'a do\u011frudan gitmek i\u00e7in buraya t\u0131klay\u0131n <a href=\"https:\/\/www.insider-alarm.de\" target=\"_blank\" rel=\"noopener\">\u0130\u00e7eriden \u00f6\u011frenenlerin ticareti<\/a>.<\/p>","protected":false},"excerpt":{"rendered":"<p>Insider Alarm Der Insider-Alarm ist ein Informationsdienst, der die Transaktionen sogenannter Insider am Markt erfasst und analysiert (sog. Directors Dealings). F\u00fchrungspers\u00f6nlichkeiten b\u00f6rsennotierter Unternehmen sind verpflichtet, Gesch\u00e4fte mit Aktien ihres Arbeitgebers zu melden. Diese Meldungen, meist in Form von Adhoc Meldungen, werden gefiltert und aufbereitet. Der Leser wird hier\u00fcber direkt per E-Mail informiert. Das Angebot erstreckt [&hellip;]<\/p>\n","protected":false},"author":2,"featured_media":0,"parent":2312,"menu_order":3,"comment_status":"closed","ping_status":"closed","template":"","meta":{"footnotes":""},"class_list":["post-2298","page","type-page","status-publish","hentry","wpbf-post"],"_links":{"self":[{"href":"https:\/\/www.ernsting.com\/tr\/wp-json\/wp\/v2\/pages\/2298","targetHints":{"allow":["GET"]}}],"collection":[{"href":"https:\/\/www.ernsting.com\/tr\/wp-json\/wp\/v2\/pages"}],"about":[{"href":"https:\/\/www.ernsting.com\/tr\/wp-json\/wp\/v2\/types\/page"}],"author":[{"embeddable":true,"href":"https:\/\/www.ernsting.com\/tr\/wp-json\/wp\/v2\/users\/2"}],"replies":[{"embeddable":true,"href":"https:\/\/www.ernsting.com\/tr\/wp-json\/wp\/v2\/comments?post=2298"}],"version-history":[{"count":7,"href":"https:\/\/www.ernsting.com\/tr\/wp-json\/wp\/v2\/pages\/2298\/revisions"}],"predecessor-version":[{"id":3023,"href":"https:\/\/www.ernsting.com\/tr\/wp-json\/wp\/v2\/pages\/2298\/revisions\/3023"}],"up":[{"embeddable":true,"href":"https:\/\/www.ernsting.com\/tr\/wp-json\/wp\/v2\/pages\/2312"}],"wp:attachment":[{"href":"https:\/\/www.ernsting.com\/tr\/wp-json\/wp\/v2\/media?parent=2298"}],"curies":[{"name":"wp","href":"https:\/\/api.w.org\/{rel}","templated":true}]}}