{"id":2300,"date":"2017-08-22T18:17:05","date_gmt":"2017-08-22T17:17:05","guid":{"rendered":"https:\/\/www.ernsting.com\/newsletter\/"},"modified":"2021-01-06T17:03:55","modified_gmt":"2021-01-06T16:03:55","slug":"buelten","status":"publish","type":"page","link":"https:\/\/www.ernsting.com\/tr\/buelten\/","title":{"rendered":"Finans B\u00fclteni"},"content":{"rendered":"<p>Finansla ilgili konularda \u00e7e\u015fitli \u00fccretsiz haber b\u00fcltenleri sunuyoruz.<\/p>\n<p>\u00c7e\u015fitli finansal b\u00fcltenler arac\u0131l\u0131\u011f\u0131yla, di\u011fer \u015feylerin yan\u0131 s\u0131ra DAX ve hisse senetleri, arac\u0131l\u0131k, ticaret, emeklilik kar\u015f\u0131l\u0131\u011f\u0131, ETF'ler, ETC'ler, fonlar, emtialar, nadir topraklar, d\u00f6viz ve kripto para birimleri, g\u00fcnl\u00fck konularla ilgili rehberler, vergiler ve genel olarak finans alanlar\u0131n\u0131 ele al\u0131yoruz. Haber b\u00fcltenleri, teknik analiz alan\u0131ndan arka plan bilgilerinin yan\u0131 s\u0131ra g\u00fcncel geli\u015fmelere genel bir bak\u0131\u015fla desteklenmektedir. <a href=\"https:\/\/broker-test.de\/trading-webinare\/\" target=\"_blank\" rel=\"noopener\">Ticaret webinarlar\u0131<\/a>.<\/p>\n<p>Emtia, d\u00f6viz ve i\u00e7eriden \u00f6\u011frenenlerin ticareti gibi \u00f6zel ni\u015f konular i\u00e7in ek haber b\u00fcltenleri mevcuttur. Burada, finans piyasalar\u0131ndaki g\u00fcncel geli\u015fmeler ele al\u0131nmakta ve \u00fcr\u00fcnler sunulmaktad\u0131r.<\/p>\n<p>Haber b\u00fclteni a\u011f\u0131n\u0131n toplamda 200.000'den fazla abonesi bulunmaktad\u0131r. T\u00fcm okuyucular \u00e7ift kat\u0131l\u0131m yoluyla kaydolmu\u015ftur.<\/p>\n<p>A\u015fa\u011f\u0131da k\u0131saca finansal haber b\u00fcltenlerimizi sunmak istiyoruz.<\/p>\n<ul>\n<li><a title=\"Finansal Bilgi Hafta Sonu B\u00fclteni\" href=\"\/tr\/buelten\/hafta-sonu-fi%cc%87nansal-bi%cc%87lgi%cc%87ler\/\" rel=\"noopener\">Hafta sonu finansal bilgiler<\/a><\/li>\n<li><a title=\"D\u00f6viz Uyar\u0131s\u0131 - Haber B\u00fclteni\" href=\"\/tr\/buelten\/broker-test-de-trading-newsletter\/\" rel=\"noopener\">Broker Test Ticaret B\u00fclteni<\/a><\/li>\n<li><a title=\"Yat\u0131r\u0131m B\u00fclteni\" href=\"\/tr\/buelten\/yatirim-buelteni\/\" target=\"_self\" rel=\"noopener\">Sermaye Yat\u0131r\u0131mlar\u0131 B\u00fclteni<\/a><\/li>\n<li><a title=\"Finans-Ayl\u0131k B\u00fclten\" href=\"\/tr\/buelten\/aylik-finans\/\" target=\"_self\" rel=\"noopener\">Ayl\u0131k Finans<\/a><\/li>\n<li><a href=\"\/tr\/portallar\/iceriden-alarm\/\">\u0130\u00e7eriden Alarm Bildirimleri<\/a><\/li>\n<\/ul>","protected":false},"excerpt":{"rendered":"<p>Wir bieten zu finanzspezifischen Themen verschiedene kostenlose Newsletter an. Durch die diversen Finanz-Newsletter decken wir u.a. die Bereiche DAX &amp; Aktien, Brokerage, Trading, Altersvororge, ETFs, ETCs, Fonds, Rohstoffe, Seltene Erden, Devisen &amp; Kryptow\u00e4hrungen, Ratgeber zu tagesaktuellen Themen, Steuern und Finanzen im Allgemeinen ab. Erg\u00e4nzt werden die Newsletter um Hintergrundinformationen aus dem Bereich der Technischen Analyse [&hellip;]<\/p>\n","protected":false},"author":2,"featured_media":0,"parent":0,"menu_order":6,"comment_status":"closed","ping_status":"closed","template":"","meta":{"footnotes":""},"class_list":["post-2300","page","type-page","status-publish","hentry","wpbf-post"],"_links":{"self":[{"href":"https:\/\/www.ernsting.com\/tr\/wp-json\/wp\/v2\/pages\/2300","targetHints":{"allow":["GET"]}}],"collection":[{"href":"https:\/\/www.ernsting.com\/tr\/wp-json\/wp\/v2\/pages"}],"about":[{"href":"https:\/\/www.ernsting.com\/tr\/wp-json\/wp\/v2\/types\/page"}],"author":[{"embeddable":true,"href":"https:\/\/www.ernsting.com\/tr\/wp-json\/wp\/v2\/users\/2"}],"replies":[{"embeddable":true,"href":"https:\/\/www.ernsting.com\/tr\/wp-json\/wp\/v2\/comments?post=2300"}],"version-history":[{"count":2,"href":"https:\/\/www.ernsting.com\/tr\/wp-json\/wp\/v2\/pages\/2300\/revisions"}],"predecessor-version":[{"id":2772,"href":"https:\/\/www.ernsting.com\/tr\/wp-json\/wp\/v2\/pages\/2300\/revisions\/2772"}],"wp:attachment":[{"href":"https:\/\/www.ernsting.com\/tr\/wp-json\/wp\/v2\/media?parent=2300"}],"curies":[{"name":"wp","href":"https:\/\/api.w.org\/{rel}","templated":true}]}}