{"id":2307,"date":"2017-08-22T18:27:04","date_gmt":"2017-08-22T17:27:04","guid":{"rendered":"https:\/\/www.ernsting.com\/finanzinfos-am-wochenende\/"},"modified":"2024-04-14T19:21:10","modified_gmt":"2024-04-14T18:21:10","slug":"hafta-sonu-fi%cc%87nansal-bi%cc%87lgi%cc%87ler","status":"publish","type":"page","link":"https:\/\/www.ernsting.com\/tr\/buelten\/hafta-sonu-fi%cc%87nansal-bi%cc%87lgi%cc%87ler\/","title":{"rendered":"Hafta sonu finansal bilgiler"},"content":{"rendered":"<h1>\n\t\tHafta sonu finansal bilgiler\n\t<\/h1>\n\t\t\t\t<a href=\"https:\/\/broker-test.de\/\" target=\"_blank\" rel=\"noopener\" itemprop=\"url\">\n\t\t\t\t<img loading=\"lazy\" decoding=\"async\" src=\"https:\/\/www.ernsting.com\/wp-content\/uploads\/2020\/12\/@brokertest.jpg\" alt=\"FINAL Logo Broker Testi B\u00fcy\u00fck\" itemprop=\"image\" height=\"307\" width=\"800\" title=\"FINAL Logo Broker Testi B\u00fcy\u00fck\" onerror=\"this.style.display='none'\"  \/>\n\t\t\t\t<\/a>\n\t<p>Pazar sabahlar\u0131 haftal\u0131k olarak yay\u0131nlanan \"Finanzinfos am Wochenende\" b\u00fclteni, piyasa analizi, yat\u0131r\u0131mlar, arac\u0131l\u0131k, dijital varl\u0131k y\u00f6netimi, servet birikimi, emeklilik kar\u015f\u0131l\u0131\u011f\u0131, alt\u0131n ve emtialar, gayrimenkul, vergi ve miras, kripto para birimleri, tahviller, sertifikalar, fonlar ve ETF'ler alanlar\u0131ndaki en \u00f6nemli haberler hakk\u0131nda bilgi vermektedir.<\/p>\n<p>Ayr\u0131ca, her konu i\u00e7in yeni teklifler ve mevcut ko\u015fullar belirtilmektedir.<\/p>\n<p>Finanzinfos am Wochenende b\u00fclteni, 155.000'i a\u015fk\u0131n okuyucusuyla en geni\u015f eri\u015fim alan\u0131na ve mali a\u00e7\u0131dan son derece bilin\u00e7li bir okuyucu kitlesine sahip b\u00fcltenimizdir.<\/p>\n<h2>\n\t\tHafta sonu finansal bilgiler\n\t<\/h2>\n\t\t\t\t\t\t\t\t\t\t\t\t\t\t\t\t\t<a href=\"https:\/\/www.ernsting.com\/wp-content\/uploads\/2021\/01\/famw_dividenden.png\" target=\"_self\" data-caption=\"\" rel=\"noopener\">\n\t\t\t\t\t\t\t\t\t\t<\/a>\n\t\t\t\t\t\t\t\t\t\t\t\t\t\t\t\t\t<a href=\"https:\/\/www.ernsting.com\/wp-content\/uploads\/2021\/01\/famw_einleitung.png\" target=\"_self\" data-caption=\"\" rel=\"noopener\">\n\t\t\t\t\t\t\t\t\t\t<\/a>\n\t\t\t\t\t\t\t\t\t\t\t\t\t\t\t\t\t<a href=\"https:\/\/www.ernsting.com\/wp-content\/uploads\/2021\/01\/famw_broker-verleich.png\" target=\"_self\" data-caption=\"\" rel=\"noopener\">\n\t\t\t\t\t\t\t\t\t\t<\/a>\n\t\t\t\t\t\t\t\t\t\t\t\t\t\t\t\t\t<a href=\"https:\/\/www.ernsting.com\/wp-content\/uploads\/2021\/01\/famw_robo-advisor.png\" target=\"_self\" data-caption=\"\" rel=\"noopener\">\n\t\t\t\t\t\t\t\t\t\t<\/a>\n\t\t\t\t\t\t\t\t\t\t\t\t\t\t\t\t\t<a href=\"https:\/\/www.ernsting.com\/wp-content\/uploads\/2021\/01\/famw_altersvorsorge.png\" target=\"_self\" data-caption=\"\" rel=\"noopener\">\n\t\t\t\t\t\t\t\t\t\t<\/a>\n\t\t\t\t\t\t\t\t\t\t\t\t\t\t\t\t\t<a href=\"https:\/\/www.ernsting.com\/wp-content\/uploads\/2021\/01\/famw_immobilien.png\" target=\"_self\" data-caption=\"\" rel=\"noopener\">\n\t\t\t\t\t\t\t\t\t\t<\/a>\n\t\t\t\t\t\t\t\t\t\t\t\t\t\t\t\t\t<a href=\"https:\/\/www.ernsting.com\/wp-content\/uploads\/2021\/01\/famw_robo-news.png\" target=\"_self\" data-caption=\"\" rel=\"noopener\">\n\t\t\t\t\t\t\t\t\t\t<\/a>\n\t\t\t\t\t\t\t\t\t\t\t\t\t\t\t\t\t<a href=\"https:\/\/www.ernsting.com\/wp-content\/uploads\/2021\/01\/famw_broker-news.png\" target=\"_self\" data-caption=\"\" rel=\"noopener\">\n\t\t\t\t\t\t\t\t\t\t<\/a>\n\t\t\t\t\t\t<!-- pagination -->\n\t<p>Buradan do\u011frudan \u015fu adrese gidebilirsiniz <a href=\"https:\/\/broker-test.de\/newsletter\/\" target=\"_blank\" rel=\"noopener\">Finansal Bilgi Hafta Sonu B\u00fclteni<\/a> Kay\u0131t olun!<\/p>","protected":false},"excerpt":{"rendered":"<p>Finanzinfos am Wochenende Der w\u00f6chentlich jeweils am Sonntag Morgen erscheinende \u201eFinanzinfos am Wochenende&#8220; Newsletter informiert \u00fcber die wichtigsten Meldungen aus den Bereichen Marktanalyse, Geldanlage, Brokerage, digitale Verm\u00f6gensverwaltung, Verm\u00f6gensaufbau, Altersvorsorge, Gold &amp; Rohstoffe, Immobilien, Steuern &amp; Erben,Kryptow\u00e4hrungen, Anleihen, Zertifikate, Fonds und ETFs. Je Thema wird zudem auf neue Angebote und aktuelle Konditionen hingewiesen. Mit \u00fcber 155.000 [&hellip;]<\/p>\n","protected":false},"author":2,"featured_media":0,"parent":2300,"menu_order":2,"comment_status":"closed","ping_status":"closed","template":"","meta":{"footnotes":""},"class_list":["post-2307","page","type-page","status-publish","hentry","wpbf-post"],"_links":{"self":[{"href":"https:\/\/www.ernsting.com\/tr\/wp-json\/wp\/v2\/pages\/2307","targetHints":{"allow":["GET"]}}],"collection":[{"href":"https:\/\/www.ernsting.com\/tr\/wp-json\/wp\/v2\/pages"}],"about":[{"href":"https:\/\/www.ernsting.com\/tr\/wp-json\/wp\/v2\/types\/page"}],"author":[{"embeddable":true,"href":"https:\/\/www.ernsting.com\/tr\/wp-json\/wp\/v2\/users\/2"}],"replies":[{"embeddable":true,"href":"https:\/\/www.ernsting.com\/tr\/wp-json\/wp\/v2\/comments?post=2307"}],"version-history":[{"count":7,"href":"https:\/\/www.ernsting.com\/tr\/wp-json\/wp\/v2\/pages\/2307\/revisions"}],"predecessor-version":[{"id":3961,"href":"https:\/\/www.ernsting.com\/tr\/wp-json\/wp\/v2\/pages\/2307\/revisions\/3961"}],"up":[{"embeddable":true,"href":"https:\/\/www.ernsting.com\/tr\/wp-json\/wp\/v2\/pages\/2300"}],"wp:attachment":[{"href":"https:\/\/www.ernsting.com\/tr\/wp-json\/wp\/v2\/media?parent=2307"}],"curies":[{"name":"wp","href":"https:\/\/api.w.org\/{rel}","templated":true}]}}