{"id":2308,"date":"2017-08-22T18:27:50","date_gmt":"2017-08-22T17:27:50","guid":{"rendered":"https:\/\/www.ernsting.com\/kapitalanlagen-newsletter\/"},"modified":"2021-12-14T13:35:46","modified_gmt":"2021-12-14T12:35:46","slug":"yatirim-buelteni","status":"publish","type":"page","link":"https:\/\/www.ernsting.com\/tr\/buelten\/yatirim-buelteni\/","title":{"rendered":"Sermaye Yat\u0131r\u0131m B\u00fclteni"},"content":{"rendered":"<p>Sermaye yat\u0131r\u0131mlar\u0131 d\u00fcnyas\u0131 \u00e7ok \u00e7e\u015fitlidir. B\u00f6ylece, \u00f6zel yat\u0131r\u0131mc\u0131lara klasik \u00f6z sermaye yat\u0131r\u0131m\u0131na ek olarak bir\u00e7ok ilgin\u00e7 alternatif sunulmaktad\u0131r.<\/p>\n<p>Buna fonlar ve ETF'ler de dahildir. Bunlarla yat\u0131r\u0131mc\u0131lar risklerini yayma ve ayn\u0131 zamanda bireysel olarak hisse senetlerine yat\u0131r\u0131m yapman\u0131n zor oldu\u011fu piyasalardan kar elde etme imkan\u0131na sahip olurlar. B\u00f6ylece, emtia, y\u00fcksek teknoloji veya ila\u00e7 gibi tematik yat\u0131r\u0131m odaklar\u0131, \u00c7in, Hindistan, Afrika, ... gibi b\u00f6lgesel olanlar kadar iyi hizmet verebilir.<\/p>\n<p>Buna ek olarak, ETF'ler y\u00f6netilen fonlara uygun maliyetli bir alternatif sunar. Ve hatta baz\u0131 tak\u0131my\u0131ld\u0131zlarda k\u00fc\u00e7\u00fck bir kald\u0131ra\u00e7la yat\u0131r\u0131m yapman\u0131za veya d\u00fc\u015fen hisse fiyatlar\u0131ndan kar etmenize bile izin verirler.<\/p>\n<p>K\u00e2rlar\u0131n\u0131 art\u0131rmak isteyen yat\u0131r\u0131mc\u0131lar i\u00e7in \u00e7ok \u00e7e\u015fitli sertifikalar mevcuttur. Ayr\u0131ca, piyasadaki yatay hareketler de ki\u015finin kendi ba\u015far\u0131s\u0131 i\u00e7in kullan\u0131labilir.<\/p>\n<p>Capital Yat\u0131r\u0131m B\u00fclteni'nde okuyucular\u0131m\u0131za \u00e7e\u015fitli alternatifler hakk\u0131nda daha derin bir fikir veriyoruz. Ayr\u0131ca, \u00fcr\u00fcnler ve etkinlikler de sunulmaktad\u0131r.<\/p>","protected":false},"excerpt":{"rendered":"<p>Die Welt der Kapitalanlagen ist sehr vielseitig. So werden privaten Anlegern neben der klassischen Aktienanlage viele interessante Alternativen geboten. Hierzu geh\u00f6ren auch Fonds und ETFs. Mit diesen haben Anleger die M\u00f6glichkeit, ihr Risiko zu streuen und gleichzeitig von M\u00e4rkten zu profitieren, in denen eine Einzelinvestment in Aktien nur schwer m\u00f6glich ist. So k\u00f6nnen thematische Anlageschwerpunkte [&hellip;]<\/p>\n","protected":false},"author":2,"featured_media":0,"parent":2300,"menu_order":3,"comment_status":"closed","ping_status":"closed","template":"","meta":{"footnotes":""},"class_list":["post-2308","page","type-page","status-publish","hentry","wpbf-post"],"_links":{"self":[{"href":"https:\/\/www.ernsting.com\/tr\/wp-json\/wp\/v2\/pages\/2308","targetHints":{"allow":["GET"]}}],"collection":[{"href":"https:\/\/www.ernsting.com\/tr\/wp-json\/wp\/v2\/pages"}],"about":[{"href":"https:\/\/www.ernsting.com\/tr\/wp-json\/wp\/v2\/types\/page"}],"author":[{"embeddable":true,"href":"https:\/\/www.ernsting.com\/tr\/wp-json\/wp\/v2\/users\/2"}],"replies":[{"embeddable":true,"href":"https:\/\/www.ernsting.com\/tr\/wp-json\/wp\/v2\/comments?post=2308"}],"version-history":[{"count":4,"href":"https:\/\/www.ernsting.com\/tr\/wp-json\/wp\/v2\/pages\/2308\/revisions"}],"predecessor-version":[{"id":3300,"href":"https:\/\/www.ernsting.com\/tr\/wp-json\/wp\/v2\/pages\/2308\/revisions\/3300"}],"up":[{"embeddable":true,"href":"https:\/\/www.ernsting.com\/tr\/wp-json\/wp\/v2\/pages\/2300"}],"wp:attachment":[{"href":"https:\/\/www.ernsting.com\/tr\/wp-json\/wp\/v2\/media?parent=2308"}],"curies":[{"name":"wp","href":"https:\/\/api.w.org\/{rel}","templated":true}]}}